{"id":126,"date":"2025-06-06T09:13:06","date_gmt":"2025-06-06T09:13:06","guid":{"rendered":"https:\/\/pokerstars.wildthangwebshop.com\/terms-privacy\/"},"modified":"2026-01-08T10:14:17","modified_gmt":"2026-01-08T10:14:17","slug":"cookie-policy","status":"publish","type":"page","link":"https:\/\/pokerstars.wildthangwebshop.com\/de\/cookie-policy\/","title":{"rendered":"Cookie-Richtlinie"},"content":{"rendered":"<div data-elementor-type=\"wp-page\" data-elementor-id=\"126\" class=\"elementor elementor-126\" wpc-filter-elementor-widget=\"1\" data-elementor-post-type=\"page\">\n\t\t\t\t<div class=\"elementor-element elementor-element-23f1df68 e-flex e-con-boxed e-con e-parent\" data-id=\"23f1df68\" data-element_type=\"container\" data-e-type=\"container\" data-settings=\"{&quot;background_background&quot;:&quot;classic&quot;}\">\n\t\t\t\t\t<div class=\"e-con-inner\">\n\t\t<div class=\"elementor-element elementor-element-bb78b5d e-con-full e-flex e-con e-child\" data-id=\"bb78b5d\" data-element_type=\"container\" data-e-type=\"container\">\n\t\t\t\t<div class=\"elementor-element elementor-element-4af38ed elementor-widget elementor-widget-heading\" data-id=\"4af38ed\" data-element_type=\"widget\" data-e-type=\"widget\" data-widget_type=\"heading.default\">\n\t\t\t\t<div class=\"elementor-widget-container\">\n\t\t\t\t\t<h2 class=\"elementor-heading-title elementor-size-default\">Cookies-Politik<\/h2>\t\t\t\t<\/div>\n\t\t\t\t<\/div>\n\t\t\t\t<\/div>\n\t\t\t\t<div class=\"elementor-element elementor-element-43c7eb96 elementor-widget elementor-widget-text-editor\" data-id=\"43c7eb96\" data-element_type=\"widget\" data-e-type=\"widget\" data-widget_type=\"text-editor.default\">\n\t\t\t\t<div class=\"elementor-widget-container\">\n\t\t\t\t\t\t\t\t\t<h2>Cookie-Hinweis<\/h2><p>Wenn Sie auf unsere Inhalte, Produkte und Dienstleistungen zugreifen oder diese nutzen, sollten Sie wissen, dass wir durch den Einsatz von Cookies und \u00e4hnlichen Technologien Informationen von Ihren Ger\u00e4ten sammeln k\u00f6nnen. Cookies erf\u00fcllen verschiedene Funktionen und dienen oft dazu, Ihre Nutzererfahrung zu verbessern. Der Zweck dieser Richtlinie ist es, Ihnen ein besseres Verst\u00e4ndnis zu vermitteln:<\/p><p><span style=\"text-decoration: underline;\">Was sind Cookies und \u00e4hnliche Technologien?<\/span><br \/><span style=\"text-decoration: underline;\">Warum verwenden wir Cookies?<\/span><br \/><span style=\"text-decoration: underline;\">Wie verwenden wir Cookies?<\/span><br \/><span style=\"text-decoration: underline;\">Wie k\u00f6nnen Sie die Verwendung von Cookies kontrollieren?<\/span><br \/><span style=\"text-decoration: underline;\">Wie k\u00f6nnen Sie Ihre Cookie-Einstellungen verwalten?<\/span><br \/><span style=\"text-decoration: underline;\">Was passiert, wenn Sie Adblocker-Technologien verwenden?<\/span><br \/><span style=\"text-decoration: underline;\">Wie k\u00f6nnen Sie uns kontaktieren?<\/span><\/p><h2>Was sind Cookies und \u00e4hnliche Technologien?<\/h2><p>Cookies sind Textdateien, die eine kleine Menge an Informationen enthalten und auf Ihr Ger\u00e4t heruntergeladen werden, wenn Sie eine Website besuchen. Ihr Webbrowser sendet diese Cookies dann bei jedem weiteren Besuch an die urspr\u00fcngliche Website zur\u00fcck oder an eine andere Website, die diese Cookies erkennt. Web Beacons sind kleine grafische Bilder (auch bekannt als \u201cPixel Tags\u201d oder \u201cClear GIFs\u201d), die in der Regel verwendet werden, um zu zeigen, dass auf eine Webseite zugegriffen wurde oder dass bestimmte Inhalte angesehen oder angeklickt wurden, um die Nutzung unserer Webseiten zu analysieren. Flash-Cookies sind lokal gespeicherte Browser-Plug-ins, die verwendet werden, um interaktive und multimediale Inhalte zu Websites hinzuzuf\u00fcgen. Mobile Anwendungen k\u00f6nnen Ger\u00e4te, Mechanismen oder Technologien verwenden, die die Funktion eines Cookies auf mobilen Plattformen wie Apple iOS oder Android \u00fcbernehmen.<\/p><p>Wir k\u00f6nnen die Begriffe \u201cCookies\u201d oder \u201c\u00e4hnliche Technologien\u201d in unseren Richtlinien synonym verwenden, um alle Technologien zu bezeichnen, die wir verwenden k\u00f6nnen, um Daten in Ihrem Browser oder auf Ihrem Ger\u00e4t zu speichern, oder die die Erfassung von pers\u00f6nlichen Informationen erleichtern und uns helfen, Sie in der im Abschnitt \u201cCookies\" beschriebenen Weise zu identifizieren.\u201c<u>Wie wir Cookies verwenden<\/u>?.<\/p><p>Klicken Sie auf\u00a0<a href=\"https:\/\/www.pokerstars.store\/privacy-policy\"><u>hier<\/u><\/a>\u00a0um zu erfahren, wie Sie die Verwendung von Cookies kontrollieren k\u00f6nnen. Weitere Informationen \u00fcber Cookies finden Sie unter\u00a0<a href=\"http:\/\/www.allaboutcookies.org\/\" target=\"_blank\" rel=\"noopener\">www.allaboutcookies.org<\/a>.<\/p><h2>Warum verwenden wir Cookies?<\/h2><p>Cookies sind sehr hilfreich und k\u00f6nnen f\u00fcr viele verschiedene Zwecke verwendet werden. Cookies werden von unseren Websites verwendet, um Ihr Online-Erlebnis zu verbessern und sicherzustellen, dass relevante Inhalte und Funktionen effektiver bereitgestellt und genutzt werden.<\/p><p>Wir verwenden Sitzungscookies, dauerhafte Cookies und lokale Speicherung, um verschiedene Funktionen auf unseren Websites auszuf\u00fchren.<\/p><p>Sitzungscookies werden vor\u00fcbergehend f\u00fcr den Zeitraum, in dem Sie eine bestimmte Website besuchen, auf Ihr Ger\u00e4t heruntergeladen; diese Cookies k\u00f6nnen es Ihnen erm\u00f6glichen, effizienter zwischen den Seiten zu navigieren oder die von Ihnen gew\u00e4hlten Einstellungen zu speichern. Dauerhafte Cookies k\u00f6nnen verwendet werden, um Websites zu helfen, sich an Sie als wiederkehrenden Besucher zu erinnern oder sicherzustellen, dass die Online-Werbung, die Sie erhalten, Ihren Interessen besser entspricht. Lokal gespeicherte Textdateien werden nicht von Ihrem Webbrowser \u00fcbermittelt. Sie werden nur von Ihnen aufgerufen, wenn Sie Anwendungen auf Ihrem Ger\u00e4t verwenden.<\/p><p>Software Development Kits (SDK) sind vorgefertigte Teile einer Anwendung eines Drittanbieters, mit denen mobile Betriebssysteme wie Apple iOS funktionieren. Sie k\u00f6nnen auf Ihrem Ger\u00e4t gespeichert werden. Obwohl SDKs in der Regel f\u00fcr mobile Anwendungen verwendet werden, k\u00f6nnen sie auch auf Websites oder anderen digitalen Plattformen eingesetzt werden.<\/p><h2>Wie verwenden wir Cookies?<\/h2><p>Wenn Sie unsere Websites besuchen, werden Cookies auf zwei Arten auf Ihrem Ger\u00e4t abgelegt. Cookies, die von uns als Betreiber der Website platziert werden, werden als \u201cFirst Party\u201d-Cookies bezeichnet. Cookies k\u00f6nnen auch von einer anderen Partei als uns auf Ihrem Ger\u00e4t platziert werden. Solche Cookies werden als \u201cDrittanbieter-Cookies\u201d bezeichnet. Beispiele f\u00fcr die Verwendung von Drittanbieter-Cookies sind das Sammeln von Informationen \u00fcber Ihre Surfgewohnheiten und die Bereitstellung ma\u00dfgeschneiderter Inhalte f\u00fcr Sie.<\/p><p>Obwohl es viele verschiedene Verwendungszwecke f\u00fcr Cookies von Erst- und Drittanbietern gibt, fallen die von uns verwendeten Cookies alle in eine der folgenden vier Hauptkategorien von Cookies:<\/p><ul><li><strong>Streng notwendige Cookies<\/strong><\/li><li>Funktionalit\u00e4t Cookies<\/li><li>Leistung Cookies<\/li><li>Marketing \/ Targeting Cookies von Dritten<\/li><\/ul><p>Im Folgenden finden Sie weitere Informationen zu diesen Kategorien von Cookies, einschlie\u00dflich ihres Zwecks und der Frage, ob diese Cookies personenbezogene Daten erfassen:<\/p><div class=\"responsive-table\"><table class=\"table-space\"><tbody><tr><td><p><strong>Cookie-Typ<\/strong><\/p><\/td><td><p><strong>Streng notwendige Cookies<\/strong><\/p><\/td><\/tr><tr><td><p><strong>Zweck<\/strong><\/p><\/td><td><p>Diese Cookies sind unbedingt erforderlich, damit Sie auf unseren Websites navigieren und die Funktionen nutzen k\u00f6nnen, die Sie im Laufe Ihres Besuchs angefordert haben. Sie werden verwendet, um Ihnen als Nutzer Inhalte zur Verf\u00fcgung zu stellen und Produkte und Dienstleistungen anzubieten, die Sie angefordert haben.<\/p><\/td><\/tr><tr><td><p><strong>Weitere Informationen<\/strong><\/p><\/td><td><p>Solche Cookies sind unerl\u00e4sslich, damit Ihr Ger\u00e4t Informationen herunterladen oder streamen kann, damit Sie auf unseren Websites navigieren und deren Funktionen nutzen k\u00f6nnen und damit Sie zu Seiten zur\u00fcckkehren k\u00f6nnen, die Sie zuvor besucht haben.<\/p><p>Hier sind einige Beispiele f\u00fcr unbedingt notwendige Cookies:<\/p><ul><li>Um Informationen auf Ihrem Ger\u00e4t oder Bildschirm zu platzieren, damit Sie unsere Websites sehen und nutzen k\u00f6nnen;<\/li><li>Um Sie bei der Nutzung unserer Website angemeldet zu halten, damit Sie sich nicht bei jedem Besuch neu anmelden m\u00fcssen; und<\/li><li>Erinnern Sie sich und aktualisieren Sie Ihre Auswahlen.<\/li><\/ul><p>Diese Cookies speichern Ihre Einstellungen oder Ihren Benutzernamen nicht \u00fcber Ihren aktuellen Besuch hinaus.<\/p><\/td><\/tr><tr><td><p><strong>Datenerhebung<\/strong><\/p><\/td><td><p>Ja, einige dieser Cookies sammeln Ihre pers\u00f6nlichen Daten, um zu funktionieren. Sie k\u00f6nnen die folgenden Arten von personenbezogenen Daten erfassen:<\/p><ul><li>IP-Adresse<\/li><li>Standortdaten<\/li><li>Sie als auf unseren Websites eingeloggt zu identifizieren<\/li><\/ul><\/td><\/tr><tr><td><p><strong>Cookie-G\u00fcltigkeit<\/strong><\/p><\/td><td><p>Diese Cookies werden gel\u00f6scht, wenn Sie Ihren Webbrowser schlie\u00dfen (Browser-Sitzung). Klicken Sie auf\u00a0<a href=\"https:\/\/www.pokerstars.store\/privacy-policy\"><u>hier<\/u><\/a>\u00a0um zu erfahren, wie Sie die Verwendung von Cookies kontrollieren k\u00f6nnen.<\/p><\/td><\/tr><tr><td><p><strong>Cookie-Typ<\/strong><\/p><\/td><td><p><strong>Funktionalit\u00e4t Cookies<\/strong><\/p><\/td><\/tr><tr><td><p><strong>Zweck<\/strong><\/p><\/td><td><p>Diese Cookies werden verwendet, um Sie wiederzuerkennen, wenn Sie auf unsere Websites zur\u00fcckkehren, und erm\u00f6glichen es uns, die von Ihnen getroffenen Entscheidungen zu speichern und verbesserte Funktionen anzubieten. Sie verbessern auch die Funktionalit\u00e4t unserer Websites, indem sie Ihre Pr\u00e4ferenzen speichern. Funktionalit\u00e4ts-Cookies speichern Informationen \u00fcber die von Ihnen getroffenen Entscheidungen (z. B. die bevorzugte Sprache) und erm\u00f6glichen es uns, pers\u00f6nlichere Funktionen anzubieten.<\/p><\/td><\/tr><tr><td><p><strong>Weitere Informationen<\/strong><\/p><\/td><td><p>Hier sind einige Beispiele f\u00fcr die Verwendung von Funktions-Cookies:<\/p><ul><li>Um Ihre Pr\u00e4ferenzen und Einstellungen wie Sprache, Standort und Marketingpr\u00e4ferenzen seit Ihrem letzten Besuch zu speichern;<\/li><li>Zum Merken von Auswahlen;<\/li><li>Um sich daran zu erinnern, ob Sie ein bestimmtes Produkt auf der Website verwendet haben; und<\/li><li>Um Ihnen relevante Links zu \u2018verwandten Artikeln\u2019 anzuzeigen.<\/li><\/ul><\/td><\/tr><tr><td><p><strong>Datenerhebung<\/strong><\/p><\/td><td><p>Einige dieser Cookies erfassen Ihre pers\u00f6nlichen Daten, damit wir die oben beschriebenen Dienste anbieten k\u00f6nnen.<\/p><\/td><\/tr><tr><td><p><strong>Cookie-G\u00fcltigkeit<\/strong><\/p><\/td><td><p>Funktions-Cookies verfallen nach maximal 2 Jahren. Funktions-Cookies k\u00f6nnen jederzeit vor Ablauf ihrer G\u00fcltigkeitsdauer aus Ihrem Browserverlauf gel\u00f6scht werden. Klicken Sie auf\u00a0<a href=\"https:\/\/www.pokerstars.store\/privacy-policy\"><u>hier<\/u><\/a>\u00a0um zu erfahren, wie Sie die Verwendung von Cookies kontrollieren k\u00f6nnen.<\/p><\/td><\/tr><tr><td><p><strong>Cookie-Typ<\/strong><\/p><\/td><td><p><strong>Leistung Cookies<\/strong><\/p><\/td><\/tr><tr><td><p><strong>Zweck<\/strong><\/p><\/td><td><p>Diese Cookies werden verwendet, um Informationen \u00fcber die Nutzung der Website zu sammeln. Solche Cookies werden verwendet, um aggregierte Statistiken \u00fcber die Besucher unserer Websites zu erstellen. Diese Statistiken werden f\u00fcr interne Zwecke verwendet und helfen uns, die Leistung unserer Websites zu testen und zu verbessern, um den Nutzern ein besseres Erlebnis zu bieten.<\/p><\/td><\/tr><tr><td><p><strong>Weitere Informationen<\/strong><\/p><\/td><td><p>Hier sind einige Beispiele f\u00fcr die Verwendung von Leistungs-Cookies:<\/p><ul><li>Zur Erstellung von Statistiken \u00fcber die Nutzung unserer Websites;<\/li><li>um zu sehen, wie wirksam unsere Anzeigen sind; und<\/li><li>Bewertung von Fehlern in der Benutzererfahrung.<\/li><\/ul><p>Dar\u00fcber hinaus verwenden wir eine Reihe von Tools, um Cookie-Informationen auf einer aggregierten Ebene zu bewerten, um analytische Funktionen auf unserer Website auszuf\u00fchren, einschlie\u00dflich Google Analytics und Maximizer.<\/p><\/td><\/tr><tr><td><p><strong>Datenerhebung<\/strong><\/p><\/td><td><p>Diese Cookies identifizieren Sie zwar nicht pers\u00f6nlich, solange Sie nicht eingeloggt sind, aber sie sammeln Ihre Browserinformationen und anonymisierte Daten f\u00fcr die oben genannten Zwecke.<\/p><p>In bestimmten F\u00e4llen werden einige dieser Cookies von Dritten wie Google Analytics verwaltet. Diese Dritten sind nicht in der Lage, diese Cookies f\u00fcr andere als die oben genannten Zwecke zu verwenden. Sie sind nicht in der Lage, eine Person mit diesen Cookies zu identifizieren.<\/p><\/td><\/tr><tr><td><p><strong>Cookie-G\u00fcltigkeit<\/strong><\/p><\/td><td><p>Leistungs-Cookies sind unterschiedlich lange g\u00fcltig. Einige Performance-Cookies werden gel\u00f6scht, sobald Sie Ihren Browser schlie\u00dfen, w\u00e4hrend andere eine unbestimmte G\u00fcltigkeitsdauer haben. Diese Cookies k\u00f6nnen jederzeit \u00fcber die Einstellungen Ihres Browsers gel\u00f6scht werden. Klicken Sie auf .\u00a0<a href=\"https:\/\/www.pokerstars.store\/privacy-policy\"><u>hier<\/u><\/a>\u00a0um zu erfahren, wie Sie die Verwendung von Cookies kontrollieren k\u00f6nnen.<\/p><\/td><\/tr><tr><td><p><strong>Cookie-Typ<\/strong><\/p><\/td><td><p><strong>Marketing \/ Targeting Cookies von Dritten<\/strong><\/p><\/td><\/tr><tr><td><p><strong>Zweck<\/strong><\/p><\/td><td><p>Diese Cookies werden verwendet, um der Flutter Entertainment plc Gruppe Werbung zu liefern, die f\u00fcr Sie relevant ist und auf Ihren Interessen basiert.<\/p><p>Sie werden auch verwendet, um die Anzahl der Anzeigen zu begrenzen und die Wirksamkeit einer Werbekampagne zu messen.<\/p><\/td><\/tr><tr><td><p><strong>Weitere Informationen<\/strong><\/p><\/td><td><p>Diese Cookies speichern Ihren Besuch auf unserer Website, die Seiten, die Sie besucht haben, und die Produkte, die Sie ausgew\u00e4hlt haben. Wir verwenden diese Informationen, um unsere Website und die angezeigte Werbung besser auf Ihre Interessen abzustimmen. Zu diesem Zweck und um die Wirksamkeit einer Werbekampagne zu messen, k\u00f6nnen wir diese Informationen auch an Dritte weitergeben.<\/p><p>Zielgerichtete Cookies werden auch verwendet, um:<\/p><ul><li>Sammeln von Informationen \u00fcber Browsergewohnheiten, um Website-Inhalte und Werbung gezielt zu gestalten;<\/li><li>Verkn\u00fcpfung mit sozialen Netzwerken und Blogs, die diese Informationen \u00fcber Ihren Besuch nutzen k\u00f6nnen, um Sie gezielt mit Werbung anzusprechen;<\/li><li>Um Werbetreibende mit Informationen \u00fcber Ihren Besuch zu versorgen, damit sie Ihnen Werbung pr\u00e4sentieren k\u00f6nnen, die Sie interessieren k\u00f6nnte;<\/li><li>Bereitstellung von Inhalten und Marketingmitteilungen, die auf Ihre Interessen zugeschnitten sind und auf Informationen aus Ihrem Besuch basieren;<\/li><li>Zur Durchf\u00fchrung von Geotargeting, das die Anzeige unserer Werbung auf Webseiten Dritter auf der Grundlage Ihres Standorts erm\u00f6glicht;<\/li><li>Um Retargeting auf der Website durchzuf\u00fchren. Ein Retargeting-Pixel (eine winzige Code-Einheit) auf unserer Webseite hinterl\u00e4sst ein Cookie im Browser des Nutzers, das bewirkt, dass Ihnen unsere Werbung angezeigt oder nicht angezeigt wird, wenn Sie bestimmte Websites innerhalb des Retargeting-Netzwerks (z. B. Google Display Network) besuchen; und<\/li><li>Um Such-Retargeting durchzuf\u00fchren, das es erm\u00f6glicht, dass unsere Werbung auf Webseiten Dritter angezeigt wird, basierend auf Ihren fr\u00fcheren Suchaktivit\u00e4ten im Internet.<\/li><\/ul><\/td><\/tr><tr><td><p><strong>Datenerhebung<\/strong><\/p><\/td><td><p>Dritte (z. B. Werbenetzwerke und Anbieter von externen Diensten wie Web-Traffic-Analysedienste) k\u00f6nnen ebenfalls Cookies auf unseren Websites verwenden. Bei diesen Cookies handelt es sich wahrscheinlich um Analyse-\/Leistungs-Cookies oder Targeting-Cookies. Bitte beachten Sie, dass keine personenbezogenen Daten erfasst werden und ein Werbetreibender das Cookie nicht mit dem Namen, der Adresse oder anderen personenbezogenen Daten einer bestimmten Person in Verbindung bringen kann.<\/p><p>Diese Cookies werden von dritten Werbenetzwerken mit unserer Zustimmung gesetzt.<\/p><\/td><\/tr><tr><td><p><strong>Cookie-G\u00fcltigkeit<\/strong><\/p><\/td><td><p>Cookies von Dritten sind unterschiedlich lange g\u00fcltig. Einige Cookies verfallen bis zu 13 Monate nach ihrer letzten Aktualisierung. Klicken Sie auf\u00a0<a href=\"https:\/\/www.pokerstars.store\/privacy-policy\"><u>hier<\/u>\u00a0um zu erfahren, wie Sie Ihre Einstellungen zur Verwendung von Cookies \u00e4ndern k\u00f6nnen.<\/a><\/p><\/td><\/tr><\/tbody><\/table><\/div><h2>Wie k\u00f6nnen Sie die Verwendung von Cookies auf Ihrem Ger\u00e4t kontrollieren?<\/h2><p>Sie k\u00f6nnen die Einstellungen Ihres Browsers \u00e4ndern, um einige oder alle Cookies zu blockieren. Befolgen Sie dazu die Anweisungen Ihres bevorzugten Webbrowsers. Zu Ihrer Erleichterung haben wir die nachstehenden Links bereitgestellt, die Anleitungen zum Entfernen und L\u00f6schen von Cookies f\u00fcr einige der g\u00e4ngigsten Webbrowser enthalten. Bitte beachten Sie, dass einige oder alle Funktionen der Website m\u00f6glicherweise nicht wie vorgesehen funktionieren, wenn Sie Cookies auf der Website blockieren:<\/p><ul><li><a href=\"https:\/\/support.mozilla.org\/en-US\/kb\/Cookies\" target=\"_blank\" rel=\"noopener\">Firefox<\/a><\/li><li><a href=\"https:\/\/support.microsoft.com\/en-gb\/help\/17442\/windows-internet-explorer-delete-manage-cookies\" target=\"_blank\" rel=\"noopener\">Internet Explorer<\/a><\/li><li><a href=\"https:\/\/support.google.com\/chrome\/bin\/answer.py?hl=en&amp;answer=95647\" target=\"_blank\" rel=\"noopener\">Google Chrome<\/a><\/li><li><a href=\"https:\/\/support.apple.com\/en-gb\/guide\/safari\/manage-cookies-and-website-data-sfri11471\/mac\" target=\"_blank\" rel=\"noopener\">Safari<\/a><\/li><\/ul><p>Bestimmte Mobiltelefonplattformen erm\u00f6glichen es den Nutzern, die Weitergabe von Daten an Dritte im Anwendungsspeicher zu kontrollieren. Wenn dies aktiviert ist, geben unsere Anwendungen keine Daten an Dritte weiter. Nutzer von Mobiltelefonen m\u00fcssen m\u00f6glicherweise in der Bedienungsanleitung ihres Ger\u00e4ts nachlesen, wie sie Tracking-Technologien von Dritten in Anwendungen oder in ihrem mobilen Browser blockieren k\u00f6nnen. Weitere Informationen \u00fcber Cookies f\u00fcr verhaltensbezogene Online-Werbung und Opt-out-Kontrollen finden Sie unter\u00a0<a href=\"http:\/\/www.youronlinechoices.eu\/\" target=\"_blank\" rel=\"noopener\">www.youronlinechoices.eu<\/a>.<\/p><h2>Wie k\u00f6nnen Sie Ihre Cookie-Einstellungen verwalten?<\/h2><p>Wenn Sie Ihre Datenschutzeinstellungen auf dieser Website \u00e4ndern m\u00f6chten, besuchen Sie bitte unsere\u00a0<u>Plattform f\u00fcr das Einwilligungsmanagement<\/u>.<\/p><p>Bitte beachten Sie, dass ein Cookie auf Ihrem Ger\u00e4t verbleiben kann, wenn Sie Ihre Zustimmung zu einer bestimmten Klasse von Cookies \u00e4ndern und aufheben. Er wird jedoch deaktiviert und von uns nicht erfasst. Weitere Informationen dar\u00fcber, wie Sie Cookies von Ihrem Ger\u00e4t entfernen k\u00f6nnen, finden Sie unter \u201c<a href=\"https:\/\/youronlinechoices.eu\/\"><u>Wie k\u00f6nnen Sie die Verwendung von Cookies kontrollieren?<\/u><\/a>\u201c.<\/p><h2>Was passiert, wenn Sie Adblocker-Technologien verwenden?<\/h2><p>Wenn Sie Adblocker-Technologien verwenden, beachten Sie bitte, dass bestimmte Adblocker unsere F\u00e4higkeit blockieren k\u00f6nnen, Sie aufzufordern, Ihre Cookie-Einstellungen zu verwalten oder von der reichhaltigen Benutzererfahrung zu profitieren, die wir bieten. Wenn Sie Ihr Erlebnis weiter optimieren m\u00f6chten, schalten Sie bitte Ihre Adblocking-Technologie aus und \u00fcberpr\u00fcfen Sie Ihre Cookie-Einstellungen \u00fcber unseren Cookie-Hinweis.<\/p><h4>Wie Sie uns kontaktieren k\u00f6nnen<\/h4><p>Wenn Sie Fragen zur Verwendung von Cookies haben, k\u00f6nnen Sie sich mit uns in Verbindung setzen, indem Sie das Kontaktformular ausf\u00fcllen.<\/p><p>6. Januar 2026<\/p>\t\t\t\t\t\t\t\t<\/div>\n\t\t\t\t<\/div>\n\t\t\t\t\t<\/div>\n\t\t\t\t<\/div>\n\t\t\t\t<\/div>","protected":false},"excerpt":{"rendered":"<p>Cookies Policy Cookie Notice You should be aware that when you access or use our content, products and services, we may collect information from your devices through the use of cookies and similar technologies. Cookies perform various different functions, and often to improve your user experience. The purpose of this Policy is to give you [&hellip;]<\/p>\n","protected":false},"author":1,"featured_media":0,"parent":0,"menu_order":0,"comment_status":"closed","ping_status":"closed","template":"elementor_header_footer","meta":{"_eb_attr":"","_eb_data_table":"","footnotes":""},"class_list":["post-126","page","type-page","status-publish","hentry"],"_links":{"self":[{"href":"https:\/\/pokerstars.wildthangwebshop.com\/de\/wp-json\/wp\/v2\/pages\/126","targetHints":{"allow":["GET"]}}],"collection":[{"href":"https:\/\/pokerstars.wildthangwebshop.com\/de\/wp-json\/wp\/v2\/pages"}],"about":[{"href":"https:\/\/pokerstars.wildthangwebshop.com\/de\/wp-json\/wp\/v2\/types\/page"}],"author":[{"embeddable":true,"href":"https:\/\/pokerstars.wildthangwebshop.com\/de\/wp-json\/wp\/v2\/users\/1"}],"replies":[{"embeddable":true,"href":"https:\/\/pokerstars.wildthangwebshop.com\/de\/wp-json\/wp\/v2\/comments?post=126"}],"version-history":[{"count":35,"href":"https:\/\/pokerstars.wildthangwebshop.com\/de\/wp-json\/wp\/v2\/pages\/126\/revisions"}],"predecessor-version":[{"id":6248,"href":"https:\/\/pokerstars.wildthangwebshop.com\/de\/wp-json\/wp\/v2\/pages\/126\/revisions\/6248"}],"wp:attachment":[{"href":"https:\/\/pokerstars.wildthangwebshop.com\/de\/wp-json\/wp\/v2\/media?parent=126"}],"curies":[{"name":"wp","href":"https:\/\/api.w.org\/{rel}","templated":true}]}}