{"id":5023,"date":"2023-10-05T14:25:39","date_gmt":"2023-10-05T14:25:39","guid":{"rendered":"https:\/\/pokerstars.wildthangwebshop.com\/?product=pokerstars-skull-sword-khaki-hoodie"},"modified":"2025-11-26T13:49:09","modified_gmt":"2025-11-26T13:49:09","slug":"pokerstars-skull-sword-khaki-hoodie","status":"publish","type":"product","link":"https:\/\/pokerstars.wildthangwebshop.com\/de\/produkt\/pokerstars-skull-sword-khaki-hoodie\/","title":{"rendered":"POKERSTARS TOTENKOPF &amp; SCHWERT KHAKI HOODIE"},"content":{"rendered":"<p>Dieser khakifarbene Overhead-Kapuzenpullover bringt einen alternativen Look an die Tische, beh\u00e4lt aber den klassischen PokerStars-Stil bei. Mit einem auff\u00e4lligen Totenkopf- und Schwertmotiv auf der linken Brustseite und dem R\u00fccken verf\u00fcgt der Kapuzenpullover au\u00dferdem \u00fcber polierte \u00d6sen und Kordelzugenden, eine K\u00e4ngurutasche, eine Kapuze aus Waffelstrick und eine Innenseite aus geb\u00fcrstetem Fleece f\u00fcr zus\u00e4tzlichen Komfort.<\/p>\n<p>Material: 85% Ringgesponnene gek\u00e4mmte Bio-Baumwolle, 15% Recycelter Polyester<\/p>\n<p>Gewicht: 320g<\/p>","protected":false},"excerpt":{"rendered":"<p>Dieser khakifarbene Overhead-Kapuzenpullover bringt einen alternativen Look an die Tische, beh\u00e4lt aber den klassischen PokerStars-Stil bei. Mit einem auff\u00e4lligen Totenkopf- und Schwertmotiv auf der linken Brustseite und dem R\u00fccken verf\u00fcgt der Kapuzenpullover au\u00dferdem \u00fcber polierte \u00d6sen und Kordelzugenden, eine K\u00e4ngurutasche, eine Kapuze aus Waffelstrick und eine Innenseite aus geb\u00fcrstetem Fleece f\u00fcr zus\u00e4tzlichen Komfort.<br \/>\nMaterial: 85% Ringgesponnene gek\u00e4mmte Bio-Baumwolle, 15% Recycelter Polyester<br \/>\nGewicht: 320g<\/p>","protected":false},"featured_media":4518,"comment_status":"open","ping_status":"closed","template":"","meta":{"_eb_attr":"","_eb_data_table":""},"product_brand":[],"product_cat":[123,118],"product_tag":[168],"class_list":{"0":"post-5023","1":"product","2":"type-product","3":"status-publish","4":"has-post-thumbnail","6":"product_cat-hoodies-and-sweats","7":"product_cat-wear-it","8":"product_tag-wear-it","9":"pa_size-l","10":"pa_size-m","11":"pa_size-s","12":"pa_size-xl","13":"pa_size-xxl","15":"first","16":"instock","17":"shipping-taxable","18":"purchasable","19":"product-type-variable","20":"has-default-attributes"},"_links":{"self":[{"href":"https:\/\/pokerstars.wildthangwebshop.com\/de\/wp-json\/wp\/v2\/product\/5023","targetHints":{"allow":["GET"]}}],"collection":[{"href":"https:\/\/pokerstars.wildthangwebshop.com\/de\/wp-json\/wp\/v2\/product"}],"about":[{"href":"https:\/\/pokerstars.wildthangwebshop.com\/de\/wp-json\/wp\/v2\/types\/product"}],"replies":[{"embeddable":true,"href":"https:\/\/pokerstars.wildthangwebshop.com\/de\/wp-json\/wp\/v2\/comments?post=5023"}],"version-history":[{"count":1,"href":"https:\/\/pokerstars.wildthangwebshop.com\/de\/wp-json\/wp\/v2\/product\/5023\/revisions"}],"predecessor-version":[{"id":5302,"href":"https:\/\/pokerstars.wildthangwebshop.com\/de\/wp-json\/wp\/v2\/product\/5023\/revisions\/5302"}],"wp:featuredmedia":[{"embeddable":true,"href":"https:\/\/pokerstars.wildthangwebshop.com\/de\/wp-json\/wp\/v2\/media\/4518"}],"wp:attachment":[{"href":"https:\/\/pokerstars.wildthangwebshop.com\/de\/wp-json\/wp\/v2\/media?parent=5023"}],"wp:term":[{"taxonomy":"product_brand","embeddable":true,"href":"https:\/\/pokerstars.wildthangwebshop.com\/de\/wp-json\/wp\/v2\/product_brand?post=5023"},{"taxonomy":"product_cat","embeddable":true,"href":"https:\/\/pokerstars.wildthangwebshop.com\/de\/wp-json\/wp\/v2\/product_cat?post=5023"},{"taxonomy":"product_tag","embeddable":true,"href":"https:\/\/pokerstars.wildthangwebshop.com\/de\/wp-json\/wp\/v2\/product_tag?post=5023"}],"curies":[{"name":"wp","href":"https:\/\/api.w.org\/{rel}","templated":true}]}}