{"id":5028,"date":"2024-01-10T14:15:50","date_gmt":"2024-01-10T14:15:50","guid":{"rendered":"https:\/\/pokerstars.wildthangwebshop.com\/?product=pokerstars-red-thread-black-hoodie"},"modified":"2026-01-20T14:19:19","modified_gmt":"2026-01-20T14:19:19","slug":"pokerstars-red-thread-black-hoodie","status":"publish","type":"product","link":"https:\/\/pokerstars.wildthangwebshop.com\/de\/produkt\/pokerstars-red-thread-black-hoodie\/","title":{"rendered":"POKERSTARS ROTER FADEN SCHWARZER HOODIE"},"content":{"rendered":"<p>Dieser schlichte, aber stilvolle schwarze Kapuzenpullover verf\u00fcgt \u00fcber ein PokerStars-Branding auf der linken Brustseite sowie ein rotes Garn auf der rechten Seite der Kapuzentasche und auf der R\u00fcckseite der Kapuze. Das geb\u00fcrstete Gewebe auf der R\u00fcckseite sorgt f\u00fcr zus\u00e4tzlichen Komfort, und die farbigen Siebdrucke befinden sich unten rechts auf dem R\u00fccken und im Nacken.<\/p>\n<p>Gewicht: 320-330g<\/p>\n<p>Materialzusammensetzung: 65% Polyester-35% Baumwolle, innen geb\u00fcrstetes R\u00fcckengewebe.<\/p>\n<p>&nbsp;<\/p>","protected":false},"excerpt":{"rendered":"<p>Dieser schlichte, aber stilvolle schwarze Kapuzenpullover verf\u00fcgt \u00fcber ein PokerStars-Branding auf der linken Brustseite sowie ein rotes Garn auf der rechten Seite der Kapuzentasche und auf der R\u00fcckseite der Kapuze. Das geb\u00fcrstete Gewebe auf der R\u00fcckseite sorgt f\u00fcr zus\u00e4tzlichen Komfort, und die farbigen Siebdrucke befinden sich unten rechts auf dem R\u00fccken und im Nacken.<br \/>\nGewicht: 320-330g<br \/>\nMaterialzusammensetzung: 65% Polyester-35% Baumwolle, innen geb\u00fcrstetes R\u00fcckengewebe.<\/p>","protected":false},"featured_media":6319,"comment_status":"open","ping_status":"closed","template":"","meta":{"_eb_attr":"","_eb_data_table":""},"product_brand":[],"product_cat":[123,118],"product_tag":[168],"class_list":{"0":"post-5028","1":"product","2":"type-product","3":"status-publish","4":"has-post-thumbnail","6":"product_cat-hoodies-and-sweats","7":"product_cat-wear-it","8":"product_tag-wear-it","9":"pa_size-l","10":"pa_size-m","11":"pa_size-s","12":"pa_size-xl","13":"pa_size-xxl","14":"pa_size-xxxl","16":"first","17":"instock","18":"shipping-taxable","19":"product-type-variable","20":"has-default-attributes"},"_links":{"self":[{"href":"https:\/\/pokerstars.wildthangwebshop.com\/de\/wp-json\/wp\/v2\/product\/5028","targetHints":{"allow":["GET"]}}],"collection":[{"href":"https:\/\/pokerstars.wildthangwebshop.com\/de\/wp-json\/wp\/v2\/product"}],"about":[{"href":"https:\/\/pokerstars.wildthangwebshop.com\/de\/wp-json\/wp\/v2\/types\/product"}],"replies":[{"embeddable":true,"href":"https:\/\/pokerstars.wildthangwebshop.com\/de\/wp-json\/wp\/v2\/comments?post=5028"}],"version-history":[{"count":1,"href":"https:\/\/pokerstars.wildthangwebshop.com\/de\/wp-json\/wp\/v2\/product\/5028\/revisions"}],"predecessor-version":[{"id":5296,"href":"https:\/\/pokerstars.wildthangwebshop.com\/de\/wp-json\/wp\/v2\/product\/5028\/revisions\/5296"}],"wp:featuredmedia":[{"embeddable":true,"href":"https:\/\/pokerstars.wildthangwebshop.com\/de\/wp-json\/wp\/v2\/media\/6319"}],"wp:attachment":[{"href":"https:\/\/pokerstars.wildthangwebshop.com\/de\/wp-json\/wp\/v2\/media?parent=5028"}],"wp:term":[{"taxonomy":"product_brand","embeddable":true,"href":"https:\/\/pokerstars.wildthangwebshop.com\/de\/wp-json\/wp\/v2\/product_brand?post=5028"},{"taxonomy":"product_cat","embeddable":true,"href":"https:\/\/pokerstars.wildthangwebshop.com\/de\/wp-json\/wp\/v2\/product_cat?post=5028"},{"taxonomy":"product_tag","embeddable":true,"href":"https:\/\/pokerstars.wildthangwebshop.com\/de\/wp-json\/wp\/v2\/product_tag?post=5028"}],"curies":[{"name":"wp","href":"https:\/\/api.w.org\/{rel}","templated":true}]}}