{"id":5033,"date":"2024-01-11T09:45:06","date_gmt":"2024-01-11T09:45:06","guid":{"rendered":"https:\/\/pokerstars.wildthangwebshop.com\/?product=pokerstars-red-thread-white-hoodie"},"modified":"2026-01-20T14:20:10","modified_gmt":"2026-01-20T14:20:10","slug":"pokerstars-red-thread-white-hoodie","status":"publish","type":"product","link":"https:\/\/pokerstars.wildthangwebshop.com\/de\/produkt\/pokerstars-red-thread-white-hoodie\/","title":{"rendered":"POKERSTARS ROTER FADEN WEISSER HOODIE"},"content":{"rendered":"<p>Dieser schneewei\u00dfe Kapuzenpulli hat eine rote Einf\u00e4rbung auf der rechten Seite der K\u00e4ngurutasche und einen stilvollen roten Faden, der auf der R\u00fcckseite der Kapuze verl\u00e4uft. Die geb\u00fcrstete R\u00fcckseite h\u00e4lt dich warm und das kultige PokerStars-Logo sorgt daf\u00fcr, dass du dich von der Masse abhebst - das ideale Geschenk f\u00fcr jeden Pokerliebhaber. Mit dezentem farbigem Siebdruck am inneren Nacken und unten rechts auf dem R\u00fccken.<\/p>\n<p>Gewicht: 320-330g<\/p>\n<p>Materialzusammensetzung: 65% Polyester-35% Baumwolle<\/p>","protected":false},"excerpt":{"rendered":"<p>Dieser schneewei\u00dfe Kapuzenpulli hat eine rote Einf\u00e4rbung auf der rechten Seite der K\u00e4ngurutasche und einen stilvollen roten Faden, der auf der R\u00fcckseite der Kapuze verl\u00e4uft. Die geb\u00fcrstete R\u00fcckseite h\u00e4lt dich warm und das kultige PokerStars-Logo sorgt daf\u00fcr, dass du dich von der Masse abhebst - das ideale Geschenk f\u00fcr jeden Pokerliebhaber. Mit dezentem farbigem Siebdruck am inneren Nacken und unten rechts auf dem R\u00fccken.<br \/>\nGewicht: 320-330g<br \/>\nMaterialzusammensetzung: 65% Polyester-35% Baumwolle<\/p>","protected":false},"featured_media":6323,"comment_status":"open","ping_status":"closed","template":"","meta":{"_eb_attr":"","_eb_data_table":""},"product_brand":[],"product_cat":[123,118],"product_tag":[168],"class_list":{"0":"post-5033","1":"product","2":"type-product","3":"status-publish","4":"has-post-thumbnail","6":"product_cat-hoodies-and-sweats","7":"product_cat-wear-it","8":"product_tag-wear-it","9":"pa_size-l","10":"pa_size-m","11":"pa_size-s","12":"pa_size-xl","13":"pa_size-xxl","14":"pa_size-xxxl","16":"first","17":"instock","18":"shipping-taxable","19":"purchasable","20":"product-type-variable","21":"has-default-attributes"},"_links":{"self":[{"href":"https:\/\/pokerstars.wildthangwebshop.com\/de\/wp-json\/wp\/v2\/product\/5033","targetHints":{"allow":["GET"]}}],"collection":[{"href":"https:\/\/pokerstars.wildthangwebshop.com\/de\/wp-json\/wp\/v2\/product"}],"about":[{"href":"https:\/\/pokerstars.wildthangwebshop.com\/de\/wp-json\/wp\/v2\/types\/product"}],"replies":[{"embeddable":true,"href":"https:\/\/pokerstars.wildthangwebshop.com\/de\/wp-json\/wp\/v2\/comments?post=5033"}],"version-history":[{"count":2,"href":"https:\/\/pokerstars.wildthangwebshop.com\/de\/wp-json\/wp\/v2\/product\/5033\/revisions"}],"predecessor-version":[{"id":5360,"href":"https:\/\/pokerstars.wildthangwebshop.com\/de\/wp-json\/wp\/v2\/product\/5033\/revisions\/5360"}],"wp:featuredmedia":[{"embeddable":true,"href":"https:\/\/pokerstars.wildthangwebshop.com\/de\/wp-json\/wp\/v2\/media\/6323"}],"wp:attachment":[{"href":"https:\/\/pokerstars.wildthangwebshop.com\/de\/wp-json\/wp\/v2\/media?parent=5033"}],"wp:term":[{"taxonomy":"product_brand","embeddable":true,"href":"https:\/\/pokerstars.wildthangwebshop.com\/de\/wp-json\/wp\/v2\/product_brand?post=5033"},{"taxonomy":"product_cat","embeddable":true,"href":"https:\/\/pokerstars.wildthangwebshop.com\/de\/wp-json\/wp\/v2\/product_cat?post=5033"},{"taxonomy":"product_tag","embeddable":true,"href":"https:\/\/pokerstars.wildthangwebshop.com\/de\/wp-json\/wp\/v2\/product_tag?post=5033"}],"curies":[{"name":"wp","href":"https:\/\/api.w.org\/{rel}","templated":true}]}}