{"id":5043,"date":"2024-02-06T09:50:59","date_gmt":"2024-02-06T09:50:59","guid":{"rendered":"https:\/\/pokerstars.wildthangwebshop.com\/?product=pokerstars-graphic-green-hoodie"},"modified":"2026-01-20T14:20:23","modified_gmt":"2026-01-20T14:20:23","slug":"pokerstars-graphic-green-hoodie-2","status":"publish","type":"product","link":"https:\/\/pokerstars.wildthangwebshop.com\/de\/produkt\/pokerstars-graphic-green-hoodie-2\/","title":{"rendered":"POKERSTARS GRAFIK GR\u00dcNER HOODIE"},"content":{"rendered":"<p>Dieser \u00fcbergro\u00dfe Kapuzenpullover verleiht der kultigen Marke PokerStars einen Graphic-Novel-Stil und sorgt daf\u00fcr, dass du an den Tischen von der ersten bis zur letzten Hand auff\u00e4llst. Das PokerStars-Logo prangt stolz auf dem R\u00fccken und am rechten \u00c4rmel f\u00fcr einen kompromisslos anderen Look. Dieser Unisex-Kapuzenpulli ist aus hochwertiger Baumwolle gefertigt und hat eine weichere, entspannte Passform. Au\u00dferdem verf\u00fcgt er \u00fcber angesetzte \u00c4rmel, eine doppellagige Kapuze und eine extra ger\u00e4umige K\u00e4ngurutasche.<\/p>\n<p>Material: 85% Ringgesponnene gek\u00e4mmte Bio-Baumwolle, 15% Recycelter Polyester<\/p>\n<p>Gewicht: 350g<\/p>","protected":false},"excerpt":{"rendered":"<p>Dieser \u00fcbergro\u00dfe Kapuzenpullover verleiht der kultigen Marke PokerStars einen Graphic-Novel-Stil und sorgt daf\u00fcr, dass du an den Tischen von der ersten bis zur letzten Hand auff\u00e4llst. Das PokerStars-Logo prangt stolz auf dem R\u00fccken und am rechten \u00c4rmel f\u00fcr einen kompromisslos anderen Look. Dieser Unisex-Kapuzenpulli ist aus hochwertiger Baumwolle gefertigt und hat eine weichere, entspannte Passform. Au\u00dferdem verf\u00fcgt er \u00fcber angesetzte \u00c4rmel, eine doppellagige Kapuze und eine extra ger\u00e4umige K\u00e4ngurutasche.<br \/>\nMaterial: 85% Ringgesponnene gek\u00e4mmte Bio-Baumwolle, 15% Recycelter Polyester<br \/>\nGewicht: 350g<\/p>","protected":false},"featured_media":6324,"comment_status":"open","ping_status":"closed","template":"","meta":{"_eb_attr":"","_eb_data_table":""},"product_brand":[],"product_cat":[123,118],"product_tag":[168],"class_list":{"0":"post-5043","1":"product","2":"type-product","3":"status-publish","4":"has-post-thumbnail","6":"product_cat-hoodies-and-sweats","7":"product_cat-wear-it","8":"product_tag-wear-it","9":"pa_size-l","10":"pa_size-m","11":"pa_size-s","12":"pa_size-xl","13":"pa_size-xxl","14":"pa_size-xxxl","16":"first","17":"instock","18":"shipping-taxable","19":"purchasable","20":"product-type-variable","21":"has-default-attributes"},"_links":{"self":[{"href":"https:\/\/pokerstars.wildthangwebshop.com\/de\/wp-json\/wp\/v2\/product\/5043","targetHints":{"allow":["GET"]}}],"collection":[{"href":"https:\/\/pokerstars.wildthangwebshop.com\/de\/wp-json\/wp\/v2\/product"}],"about":[{"href":"https:\/\/pokerstars.wildthangwebshop.com\/de\/wp-json\/wp\/v2\/types\/product"}],"replies":[{"embeddable":true,"href":"https:\/\/pokerstars.wildthangwebshop.com\/de\/wp-json\/wp\/v2\/comments?post=5043"}],"version-history":[{"count":2,"href":"https:\/\/pokerstars.wildthangwebshop.com\/de\/wp-json\/wp\/v2\/product\/5043\/revisions"}],"predecessor-version":[{"id":5275,"href":"https:\/\/pokerstars.wildthangwebshop.com\/de\/wp-json\/wp\/v2\/product\/5043\/revisions\/5275"}],"wp:featuredmedia":[{"embeddable":true,"href":"https:\/\/pokerstars.wildthangwebshop.com\/de\/wp-json\/wp\/v2\/media\/6324"}],"wp:attachment":[{"href":"https:\/\/pokerstars.wildthangwebshop.com\/de\/wp-json\/wp\/v2\/media?parent=5043"}],"wp:term":[{"taxonomy":"product_brand","embeddable":true,"href":"https:\/\/pokerstars.wildthangwebshop.com\/de\/wp-json\/wp\/v2\/product_brand?post=5043"},{"taxonomy":"product_cat","embeddable":true,"href":"https:\/\/pokerstars.wildthangwebshop.com\/de\/wp-json\/wp\/v2\/product_cat?post=5043"},{"taxonomy":"product_tag","embeddable":true,"href":"https:\/\/pokerstars.wildthangwebshop.com\/de\/wp-json\/wp\/v2\/product_tag?post=5043"}],"curies":[{"name":"wp","href":"https:\/\/api.w.org\/{rel}","templated":true}]}}