{"id":5048,"date":"2024-06-13T09:04:27","date_gmt":"2024-06-13T09:04:27","guid":{"rendered":"https:\/\/pokerstars.wildthangwebshop.com\/?product=pokerstars-red-thread-classic-white-t-shirt"},"modified":"2025-11-26T13:49:08","modified_gmt":"2025-11-26T13:49:08","slug":"pokerstars-red-thread-classic-white-t-shirt","status":"publish","type":"product","link":"https:\/\/pokerstars.wildthangwebshop.com\/de\/produkt\/pokerstars-red-thread-classic-white-t-shirt\/","title":{"rendered":"POKERSTARS ROTER FADEN KLASSISCHES WEISSES T-SHIRT"},"content":{"rendered":"<p>Dieses schlichte und stilvolle wei\u00dfe T-Shirt verf\u00fcgt \u00fcber ein klassisches PokerStars-Branding auf der linken Brust und einen roten Bindfaden auf der rechten Schulter. Das T-Shirt besteht aus 100% gek\u00e4mmter Baumwolle f\u00fcr zus\u00e4tzlichen Komfort und verf\u00fcgt \u00fcber farbige Siebdrucke im Nacken und unten rechts auf der R\u00fcckseite. Auch in Schwarz erh\u00e4ltlich.<\/p>\n<p>Gewicht: 180g<\/p>\n<p>Material: 100% gek\u00e4mmte Baumwolle<\/p>","protected":false},"excerpt":{"rendered":"<p>Dieses schlichte und stilvolle wei\u00dfe T-Shirt verf\u00fcgt \u00fcber ein klassisches PokerStars-Branding auf der linken Brust und einen roten Bindfaden auf der rechten Schulter. Das T-Shirt besteht aus 100% gek\u00e4mmter Baumwolle f\u00fcr zus\u00e4tzlichen Komfort und verf\u00fcgt \u00fcber farbige Siebdrucke im Nacken und unten rechts auf der R\u00fcckseite. Auch in Schwarz erh\u00e4ltlich.<\/p>\n<p>Gewicht: 180g<\/p>\n<p>Material: 100% gek\u00e4mmte Baumwolle<\/p>","protected":false},"featured_media":5358,"comment_status":"open","ping_status":"closed","template":"","meta":{"_eb_attr":"","_eb_data_table":""},"product_brand":[],"product_cat":[124,118],"product_tag":[168],"class_list":{"0":"post-5048","1":"product","2":"type-product","3":"status-publish","4":"has-post-thumbnail","6":"product_cat-t-shirts","7":"product_cat-wear-it","8":"product_tag-wear-it","9":"pa_size-l","10":"pa_size-m","11":"pa_size-s","12":"pa_size-xl","13":"pa_size-xxl","14":"pa_size-xxxl","16":"first","17":"instock","18":"shipping-taxable","19":"purchasable","20":"product-type-variable","21":"has-default-attributes"},"_links":{"self":[{"href":"https:\/\/pokerstars.wildthangwebshop.com\/de\/wp-json\/wp\/v2\/product\/5048","targetHints":{"allow":["GET"]}}],"collection":[{"href":"https:\/\/pokerstars.wildthangwebshop.com\/de\/wp-json\/wp\/v2\/product"}],"about":[{"href":"https:\/\/pokerstars.wildthangwebshop.com\/de\/wp-json\/wp\/v2\/types\/product"}],"replies":[{"embeddable":true,"href":"https:\/\/pokerstars.wildthangwebshop.com\/de\/wp-json\/wp\/v2\/comments?post=5048"}],"version-history":[{"count":1,"href":"https:\/\/pokerstars.wildthangwebshop.com\/de\/wp-json\/wp\/v2\/product\/5048\/revisions"}],"predecessor-version":[{"id":5267,"href":"https:\/\/pokerstars.wildthangwebshop.com\/de\/wp-json\/wp\/v2\/product\/5048\/revisions\/5267"}],"wp:featuredmedia":[{"embeddable":true,"href":"https:\/\/pokerstars.wildthangwebshop.com\/de\/wp-json\/wp\/v2\/media\/5358"}],"wp:attachment":[{"href":"https:\/\/pokerstars.wildthangwebshop.com\/de\/wp-json\/wp\/v2\/media?parent=5048"}],"wp:term":[{"taxonomy":"product_brand","embeddable":true,"href":"https:\/\/pokerstars.wildthangwebshop.com\/de\/wp-json\/wp\/v2\/product_brand?post=5048"},{"taxonomy":"product_cat","embeddable":true,"href":"https:\/\/pokerstars.wildthangwebshop.com\/de\/wp-json\/wp\/v2\/product_cat?post=5048"},{"taxonomy":"product_tag","embeddable":true,"href":"https:\/\/pokerstars.wildthangwebshop.com\/de\/wp-json\/wp\/v2\/product_tag?post=5048"}],"curies":[{"name":"wp","href":"https:\/\/api.w.org\/{rel}","templated":true}]}}