{"id":5053,"date":"2024-08-14T13:13:56","date_gmt":"2024-08-14T13:13:56","guid":{"rendered":"https:\/\/pokerstars.wildthangwebshop.com\/?product=pokerstars-%e2%80%9csharkie-area%e2%80%9d-white-hoodie"},"modified":"2026-01-20T14:20:34","modified_gmt":"2026-01-20T14:20:34","slug":"pokerstars-sharkie-area-white-hoodie","status":"publish","type":"product","link":"https:\/\/pokerstars.wildthangwebshop.com\/de\/produkt\/pokerstars-sharkie-area-white-hoodie\/","title":{"rendered":"POKERSTARS \u201cSHARKIE AREA\u201d WEISSER HOODIE"},"content":{"rendered":"<p>Zeig allen, wer dein Lieblingsmaskottchen ist, mit diesem wei\u00dfen Sharkie Area Hoodie. Er hat eine mittelhohe Passform mit eingelassenen \u00c4rmeln sowie Fischgr\u00e4tband im Nacken und an der Innenseite des Rei\u00dfverschlusses f\u00fcr zus\u00e4tzlichen Tragekomfort. Der Kapuzenpullover hat eine K\u00e4ngurutasche mit Flatlock-Steppn\u00e4hten und ein Branding auf der linken Brust und dem R\u00fccken.<\/p>\n<p>Material: 85% Ringgesponnene gek\u00e4mmte Bio-Baumwolle, 15% Recycelter Polyester<\/p>\n<p>Gewicht: 300g<\/p>","protected":false},"excerpt":{"rendered":"<p>Zeig allen, wer dein Lieblingsmaskottchen ist, mit diesem wei\u00dfen Sharkie Area Hoodie. Er hat eine mittelhohe Passform mit eingelassenen \u00c4rmeln sowie Fischgr\u00e4tband im Nacken und an der Innenseite des Rei\u00dfverschlusses f\u00fcr zus\u00e4tzlichen Tragekomfort. Der Kapuzenpullover hat eine K\u00e4ngurutasche mit Flatlock-Steppn\u00e4hten und ein Branding auf der linken Brust und dem R\u00fccken.<\/p>\n<p>Material: 85% Ringgesponnene gek\u00e4mmte Bio-Baumwolle, 15% Recycelter Polyester<\/p>\n<p>Gewicht: 300g<\/p>","protected":false},"featured_media":6322,"comment_status":"open","ping_status":"closed","template":"","meta":{"_eb_attr":"","_eb_data_table":""},"product_brand":[],"product_cat":[123,118],"product_tag":[168],"class_list":{"0":"post-5053","1":"product","2":"type-product","3":"status-publish","4":"has-post-thumbnail","6":"product_cat-hoodies-and-sweats","7":"product_cat-wear-it","8":"product_tag-wear-it","9":"pa_size-l","10":"pa_size-m","11":"pa_size-s","12":"pa_size-xl","13":"pa_size-xxl","14":"pa_size-xxxl","16":"first","17":"instock","18":"shipping-taxable","19":"purchasable","20":"product-type-variable","21":"has-default-attributes"},"_links":{"self":[{"href":"https:\/\/pokerstars.wildthangwebshop.com\/de\/wp-json\/wp\/v2\/product\/5053","targetHints":{"allow":["GET"]}}],"collection":[{"href":"https:\/\/pokerstars.wildthangwebshop.com\/de\/wp-json\/wp\/v2\/product"}],"about":[{"href":"https:\/\/pokerstars.wildthangwebshop.com\/de\/wp-json\/wp\/v2\/types\/product"}],"replies":[{"embeddable":true,"href":"https:\/\/pokerstars.wildthangwebshop.com\/de\/wp-json\/wp\/v2\/comments?post=5053"}],"version-history":[{"count":1,"href":"https:\/\/pokerstars.wildthangwebshop.com\/de\/wp-json\/wp\/v2\/product\/5053\/revisions"}],"predecessor-version":[{"id":5260,"href":"https:\/\/pokerstars.wildthangwebshop.com\/de\/wp-json\/wp\/v2\/product\/5053\/revisions\/5260"}],"wp:featuredmedia":[{"embeddable":true,"href":"https:\/\/pokerstars.wildthangwebshop.com\/de\/wp-json\/wp\/v2\/media\/6322"}],"wp:attachment":[{"href":"https:\/\/pokerstars.wildthangwebshop.com\/de\/wp-json\/wp\/v2\/media?parent=5053"}],"wp:term":[{"taxonomy":"product_brand","embeddable":true,"href":"https:\/\/pokerstars.wildthangwebshop.com\/de\/wp-json\/wp\/v2\/product_brand?post=5053"},{"taxonomy":"product_cat","embeddable":true,"href":"https:\/\/pokerstars.wildthangwebshop.com\/de\/wp-json\/wp\/v2\/product_cat?post=5053"},{"taxonomy":"product_tag","embeddable":true,"href":"https:\/\/pokerstars.wildthangwebshop.com\/de\/wp-json\/wp\/v2\/product_tag?post=5053"}],"curies":[{"name":"wp","href":"https:\/\/api.w.org\/{rel}","templated":true}]}}