{"id":5058,"date":"2024-08-14T13:34:27","date_gmt":"2024-08-14T13:34:27","guid":{"rendered":"https:\/\/pokerstars.wildthangwebshop.com\/?product=pokerstars-players-club-white-hoodie"},"modified":"2025-11-26T13:49:08","modified_gmt":"2025-11-26T13:49:08","slug":"pokerstars-players-club-white-hoodie","status":"publish","type":"product","link":"https:\/\/pokerstars.wildthangwebshop.com\/de\/produkt\/pokerstars-players-club-white-hoodie\/","title":{"rendered":"POKERSTARS PLAYER'S CLUB WEISSER HOODIE"},"content":{"rendered":"<p>Mit diesem wei\u00dfen Players Club-Kapuzenpullover mit Rei\u00dfverschluss bleibst du stilvoll warm. Der Kapuzenpulli hat eine mittelhohe Passform mit eingearbeiteten \u00c4rmeln sowie Fischgr\u00e4tband im Nacken und an der Innenseite des Rei\u00dfverschlusses f\u00fcr zus\u00e4tzlichen Tragekomfort. Das kultige PokerStars Players Club-Logo prangt auf der Brust und der Kapuzenpulli hat eine K\u00e4ngurutasche mit Flatlock-Steppnaht - auch in Schwarz erh\u00e4ltlich.<\/p>\n<p>Material: 85% Ringgesponnene gek\u00e4mmte Bio-Baumwolle, 15% Recycelter Polyester<\/p>\n<p>Gewicht: 300g<\/p>","protected":false},"excerpt":{"rendered":"<p>Mit diesem wei\u00dfen Players Club-Kapuzenpullover mit Rei\u00dfverschluss bleibst du stilvoll warm. Der Kapuzenpulli hat eine mittelhohe Passform mit eingearbeiteten \u00c4rmeln sowie Fischgr\u00e4tband im Nacken und an der Innenseite des Rei\u00dfverschlusses f\u00fcr zus\u00e4tzlichen Tragekomfort. Das kultige PokerStars Players Club-Logo prangt auf der Brust und der Kapuzenpulli hat eine K\u00e4ngurutasche mit Flatlock-Steppnaht - auch in Schwarz erh\u00e4ltlich.<\/p>\n<p>Material: 85% Ringgesponnene gek\u00e4mmte Bio-Baumwolle, 15% Recycelter Polyester<\/p>\n<p>Gewicht: 300g<\/p>","protected":false},"featured_media":5348,"comment_status":"open","ping_status":"closed","template":"","meta":{"_eb_attr":"","_eb_data_table":""},"product_brand":[],"product_cat":[123,118],"product_tag":[168],"class_list":{"0":"post-5058","1":"product","2":"type-product","3":"status-publish","4":"has-post-thumbnail","6":"product_cat-hoodies-and-sweats","7":"product_cat-wear-it","8":"product_tag-wear-it","9":"pa_size-l","10":"pa_size-m","11":"pa_size-s","12":"pa_size-xl","13":"pa_size-xxl","14":"pa_size-xxxl","16":"first","17":"instock","18":"shipping-taxable","19":"purchasable","20":"product-type-variable","21":"has-default-attributes"},"_links":{"self":[{"href":"https:\/\/pokerstars.wildthangwebshop.com\/de\/wp-json\/wp\/v2\/product\/5058","targetHints":{"allow":["GET"]}}],"collection":[{"href":"https:\/\/pokerstars.wildthangwebshop.com\/de\/wp-json\/wp\/v2\/product"}],"about":[{"href":"https:\/\/pokerstars.wildthangwebshop.com\/de\/wp-json\/wp\/v2\/types\/product"}],"replies":[{"embeddable":true,"href":"https:\/\/pokerstars.wildthangwebshop.com\/de\/wp-json\/wp\/v2\/comments?post=5058"}],"version-history":[{"count":1,"href":"https:\/\/pokerstars.wildthangwebshop.com\/de\/wp-json\/wp\/v2\/product\/5058\/revisions"}],"predecessor-version":[{"id":5253,"href":"https:\/\/pokerstars.wildthangwebshop.com\/de\/wp-json\/wp\/v2\/product\/5058\/revisions\/5253"}],"wp:featuredmedia":[{"embeddable":true,"href":"https:\/\/pokerstars.wildthangwebshop.com\/de\/wp-json\/wp\/v2\/media\/5348"}],"wp:attachment":[{"href":"https:\/\/pokerstars.wildthangwebshop.com\/de\/wp-json\/wp\/v2\/media?parent=5058"}],"wp:term":[{"taxonomy":"product_brand","embeddable":true,"href":"https:\/\/pokerstars.wildthangwebshop.com\/de\/wp-json\/wp\/v2\/product_brand?post=5058"},{"taxonomy":"product_cat","embeddable":true,"href":"https:\/\/pokerstars.wildthangwebshop.com\/de\/wp-json\/wp\/v2\/product_cat?post=5058"},{"taxonomy":"product_tag","embeddable":true,"href":"https:\/\/pokerstars.wildthangwebshop.com\/de\/wp-json\/wp\/v2\/product_tag?post=5058"}],"curies":[{"name":"wp","href":"https:\/\/api.w.org\/{rel}","templated":true}]}}