{"id":5063,"date":"2024-08-15T07:29:31","date_gmt":"2024-08-15T07:29:31","guid":{"rendered":"https:\/\/pokerstars.wildthangwebshop.com\/?product=pokerstars-graffiti-hoodie"},"modified":"2026-04-01T14:06:13","modified_gmt":"2026-04-01T14:06:13","slug":"pokerstars-graffiti-hoodie","status":"publish","type":"product","link":"https:\/\/pokerstars.wildthangwebshop.com\/de\/produkt\/pokerstars-graffiti-hoodie\/","title":{"rendered":"POKERSTARS GRAFFITI KAPUZENPULLI"},"content":{"rendered":"<p>Verleihe deiner PokerStars-Garderobe mit diesem hochwertigen schwarzen Graffiti-Kapuzenpullover einen ganz neuen Look. Mit einzigartigem rosa und gr\u00fcnem Branding auf der Brust und dem kultigen PokerStars-Spaten auf dem linken Oberarm. Der Kapuzenpulli hat au\u00dferdem eine doppellagige Kapuze und eine ger\u00e4umige K\u00e4ngurutasche auf der Vorderseite f\u00fcr zus\u00e4tzlichen Komfort.<\/p>\n<p>Material: 85% ringgesponnene gek\u00e4mmte Bio-Baumwolle, 15% recycelter Polyester<\/p>\n<p>Gewicht: 636g<\/p>","protected":false},"excerpt":{"rendered":"<p>Verleihe deiner PokerStars-Garderobe mit diesem hochwertigen schwarzen Graffiti-Kapuzenpullover einen ganz neuen Look. Mit einzigartigem rosa und gr\u00fcnem Branding auf der Brust und dem kultigen PokerStars-Spaten auf dem linken Oberarm. Der Kapuzenpulli hat au\u00dferdem eine doppellagige Kapuze und eine ger\u00e4umige K\u00e4ngurutasche auf der Vorderseite f\u00fcr zus\u00e4tzlichen Komfort.<\/p>\n<p>Material: 85% ringgesponnene gek\u00e4mmte Bio-Baumwolle, 15% recycelter Polyester<\/p>\n<p>Gewicht: 636g<\/p>","protected":false},"featured_media":5345,"comment_status":"open","ping_status":"closed","template":"","meta":{"_eb_attr":"","_eb_data_table":""},"product_brand":[],"product_cat":[123,192,118],"product_tag":[168],"class_list":{"0":"post-5063","1":"product","2":"type-product","3":"status-publish","4":"has-post-thumbnail","6":"product_cat-hoodies-and-sweats","7":"product_cat-vegas","8":"product_cat-wear-it","9":"product_tag-wear-it","10":"pa_size-l","11":"pa_size-m","12":"pa_size-s","13":"pa_size-xl","14":"pa_size-xxl","15":"pa_size-xxxl","17":"first","18":"instock","19":"shipping-taxable","20":"purchasable","21":"product-type-variable","22":"has-default-attributes"},"_links":{"self":[{"href":"https:\/\/pokerstars.wildthangwebshop.com\/de\/wp-json\/wp\/v2\/product\/5063","targetHints":{"allow":["GET"]}}],"collection":[{"href":"https:\/\/pokerstars.wildthangwebshop.com\/de\/wp-json\/wp\/v2\/product"}],"about":[{"href":"https:\/\/pokerstars.wildthangwebshop.com\/de\/wp-json\/wp\/v2\/types\/product"}],"replies":[{"embeddable":true,"href":"https:\/\/pokerstars.wildthangwebshop.com\/de\/wp-json\/wp\/v2\/comments?post=5063"}],"version-history":[{"count":1,"href":"https:\/\/pokerstars.wildthangwebshop.com\/de\/wp-json\/wp\/v2\/product\/5063\/revisions"}],"predecessor-version":[{"id":5246,"href":"https:\/\/pokerstars.wildthangwebshop.com\/de\/wp-json\/wp\/v2\/product\/5063\/revisions\/5246"}],"wp:featuredmedia":[{"embeddable":true,"href":"https:\/\/pokerstars.wildthangwebshop.com\/de\/wp-json\/wp\/v2\/media\/5345"}],"wp:attachment":[{"href":"https:\/\/pokerstars.wildthangwebshop.com\/de\/wp-json\/wp\/v2\/media?parent=5063"}],"wp:term":[{"taxonomy":"product_brand","embeddable":true,"href":"https:\/\/pokerstars.wildthangwebshop.com\/de\/wp-json\/wp\/v2\/product_brand?post=5063"},{"taxonomy":"product_cat","embeddable":true,"href":"https:\/\/pokerstars.wildthangwebshop.com\/de\/wp-json\/wp\/v2\/product_cat?post=5063"},{"taxonomy":"product_tag","embeddable":true,"href":"https:\/\/pokerstars.wildthangwebshop.com\/de\/wp-json\/wp\/v2\/product_tag?post=5063"}],"curies":[{"name":"wp","href":"https:\/\/api.w.org\/{rel}","templated":true}]}}