{"id":5068,"date":"2024-08-27T07:13:01","date_gmt":"2024-08-27T07:13:01","guid":{"rendered":"https:\/\/pokerstars.wildthangwebshop.com\/?product=pokerstars-red-thread-black-track-bottoms"},"modified":"2025-11-26T13:49:08","modified_gmt":"2025-11-26T13:49:08","slug":"pokerstars-red-thread-black-track-bottoms","status":"publish","type":"product","link":"https:\/\/pokerstars.wildthangwebshop.com\/de\/produkt\/pokerstars-red-thread-black-track-bottoms\/","title":{"rendered":"POKERSTARS ROT FADEN SCHWARZ TRACK BOTTOMS"},"content":{"rendered":"<p>Die neueste Erg\u00e4nzung unseres Red-Thread-Sortiments ist sowohl f\u00fcr Trainingseinheiten als auch f\u00fcr Freizeitkleidung geeignet. Der breite, elastische Bund mit verstellbaren Kordelz\u00fcgen und elastischen Kn\u00f6chelb\u00fcndchen sorgt f\u00fcr einen sicheren und bequemen Sitz. Au\u00dferdem verf\u00fcgt sie \u00fcber tiefe Seitentaschen und eine Ges\u00e4\u00dftasche mit dem kultigen PokerStars-Logo auf der Ges\u00e4\u00dftasche f\u00fcr mehr Komfort.<\/p>\n<p>Material: 65% Baumwolle 35% Polyester mit innen geb\u00fcrsteter Qualit\u00e4t<\/p>\n<p>Gewicht: 320g<\/p>","protected":false},"excerpt":{"rendered":"<p>Die neueste Erg\u00e4nzung unseres Red-Thread-Sortiments ist sowohl f\u00fcr Trainingseinheiten als auch f\u00fcr Freizeitkleidung geeignet. Der breite, elastische Bund mit verstellbaren Kordelz\u00fcgen und elastischen Kn\u00f6chelb\u00fcndchen sorgt f\u00fcr einen sicheren und bequemen Sitz. Au\u00dferdem verf\u00fcgt sie \u00fcber tiefe Seitentaschen und eine Ges\u00e4\u00dftasche mit dem kultigen PokerStars-Logo auf der Ges\u00e4\u00dftasche f\u00fcr mehr Komfort.<\/p>\n<p>Material: 65% Baumwolle 35% Polyester mit innen geb\u00fcrsteter Qualit\u00e4t<\/p>\n<p>Gewicht: 320g<\/p>","protected":false},"featured_media":5341,"comment_status":"open","ping_status":"closed","template":"","meta":{"_eb_attr":"","_eb_data_table":""},"product_brand":[],"product_cat":[123,118],"product_tag":[168],"class_list":{"0":"post-5068","1":"product","2":"type-product","3":"status-publish","4":"has-post-thumbnail","6":"product_cat-hoodies-and-sweats","7":"product_cat-wear-it","8":"product_tag-wear-it","9":"pa_size-l","10":"pa_size-m","11":"pa_size-s","12":"pa_size-xl","13":"pa_size-xxl","15":"first","16":"instock","17":"shipping-taxable","18":"purchasable","19":"product-type-variable","20":"has-default-attributes"},"_links":{"self":[{"href":"https:\/\/pokerstars.wildthangwebshop.com\/de\/wp-json\/wp\/v2\/product\/5068","targetHints":{"allow":["GET"]}}],"collection":[{"href":"https:\/\/pokerstars.wildthangwebshop.com\/de\/wp-json\/wp\/v2\/product"}],"about":[{"href":"https:\/\/pokerstars.wildthangwebshop.com\/de\/wp-json\/wp\/v2\/types\/product"}],"replies":[{"embeddable":true,"href":"https:\/\/pokerstars.wildthangwebshop.com\/de\/wp-json\/wp\/v2\/comments?post=5068"}],"version-history":[{"count":1,"href":"https:\/\/pokerstars.wildthangwebshop.com\/de\/wp-json\/wp\/v2\/product\/5068\/revisions"}],"predecessor-version":[{"id":5239,"href":"https:\/\/pokerstars.wildthangwebshop.com\/de\/wp-json\/wp\/v2\/product\/5068\/revisions\/5239"}],"wp:featuredmedia":[{"embeddable":true,"href":"https:\/\/pokerstars.wildthangwebshop.com\/de\/wp-json\/wp\/v2\/media\/5341"}],"wp:attachment":[{"href":"https:\/\/pokerstars.wildthangwebshop.com\/de\/wp-json\/wp\/v2\/media?parent=5068"}],"wp:term":[{"taxonomy":"product_brand","embeddable":true,"href":"https:\/\/pokerstars.wildthangwebshop.com\/de\/wp-json\/wp\/v2\/product_brand?post=5068"},{"taxonomy":"product_cat","embeddable":true,"href":"https:\/\/pokerstars.wildthangwebshop.com\/de\/wp-json\/wp\/v2\/product_cat?post=5068"},{"taxonomy":"product_tag","embeddable":true,"href":"https:\/\/pokerstars.wildthangwebshop.com\/de\/wp-json\/wp\/v2\/product_tag?post=5068"}],"curies":[{"name":"wp","href":"https:\/\/api.w.org\/{rel}","templated":true}]}}