{"id":5078,"date":"2024-10-21T13:32:29","date_gmt":"2024-10-21T13:32:29","guid":{"rendered":"https:\/\/pokerstars.wildthangwebshop.com\/?product=scoop-2025-contrast-color-hoodie"},"modified":"2026-01-20T14:18:36","modified_gmt":"2026-01-20T14:18:36","slug":"personalized-scoop-2025-contrast-color-hoodie","status":"publish","type":"product","link":"https:\/\/pokerstars.wildthangwebshop.com\/de\/produkt\/personalized-scoop-2025-contrast-color-hoodie\/","title":{"rendered":"SCOOP 2025 KAPUZENPULLI IN KONTRASTFARBE"},"content":{"rendered":"<p>Verbessere deine Freizeitkleidung mit dem PokerStars-Kapuzenpullover mit durchgehendem Rei\u00dfverschluss. Mit dem PokerStars-Branding aus Silikon auf der linken Brust und einem dezenten, aber unverwechselbaren roten Spaten auf der rechten Schulter f\u00fcr sofortige Markenerkennung. Der Kapuzenpulli ist mit Rippb\u00fcndchen an den \u00c4rmeln und an der Taille ausgestattet, die f\u00fcr eine besonders anschmiegsame Passform sorgen.<\/p>\n<p>Material: 65 Baumwolle-% 35 Polyester<\/p>\n<p>Gewicht: 320 Gramm<\/p>","protected":false},"excerpt":{"rendered":"<p>Verbessere deine Freizeitkleidung mit dem PokerStars-Kapuzenpullover mit durchgehendem Rei\u00dfverschluss. Mit dem PokerStars-Branding aus Silikon auf der linken Brust und einem dezenten, aber unverwechselbaren roten Spaten auf der rechten Schulter f\u00fcr sofortige Markenerkennung. Der Kapuzenpulli ist mit Rippb\u00fcndchen an den \u00c4rmeln und an der Taille ausgestattet, die f\u00fcr eine besonders anschmiegsame Passform sorgen.<\/p>\n<p>Material: 65 Baumwolle-% 35 Polyester<\/p>\n<p>Gewicht: 320 Gramm<\/p>","protected":false},"featured_media":6306,"comment_status":"open","ping_status":"closed","template":"","meta":{"_eb_attr":"","_eb_data_table":""},"product_brand":[],"product_cat":[123,118],"product_tag":[168],"class_list":{"0":"post-5078","1":"product","2":"type-product","3":"status-publish","4":"has-post-thumbnail","6":"product_cat-hoodies-and-sweats","7":"product_cat-wear-it","8":"product_tag-wear-it","9":"pa_select-shipping-destination-european-shipping","10":"pa_select-shipping-destination-uk-and-rest-of-world-shipping","11":"pa_size-l","12":"pa_size-m","13":"pa_size-s","14":"pa_size-xl","15":"pa_size-xxl","16":"pa_size-xxxl","18":"first","19":"instock","20":"shipping-taxable","21":"purchasable","22":"product-type-variable","23":"has-default-attributes"},"_links":{"self":[{"href":"https:\/\/pokerstars.wildthangwebshop.com\/de\/wp-json\/wp\/v2\/product\/5078","targetHints":{"allow":["GET"]}}],"collection":[{"href":"https:\/\/pokerstars.wildthangwebshop.com\/de\/wp-json\/wp\/v2\/product"}],"about":[{"href":"https:\/\/pokerstars.wildthangwebshop.com\/de\/wp-json\/wp\/v2\/types\/product"}],"replies":[{"embeddable":true,"href":"https:\/\/pokerstars.wildthangwebshop.com\/de\/wp-json\/wp\/v2\/comments?post=5078"}],"version-history":[{"count":1,"href":"https:\/\/pokerstars.wildthangwebshop.com\/de\/wp-json\/wp\/v2\/product\/5078\/revisions"}],"predecessor-version":[{"id":5331,"href":"https:\/\/pokerstars.wildthangwebshop.com\/de\/wp-json\/wp\/v2\/product\/5078\/revisions\/5331"}],"wp:featuredmedia":[{"embeddable":true,"href":"https:\/\/pokerstars.wildthangwebshop.com\/de\/wp-json\/wp\/v2\/media\/6306"}],"wp:attachment":[{"href":"https:\/\/pokerstars.wildthangwebshop.com\/de\/wp-json\/wp\/v2\/media?parent=5078"}],"wp:term":[{"taxonomy":"product_brand","embeddable":true,"href":"https:\/\/pokerstars.wildthangwebshop.com\/de\/wp-json\/wp\/v2\/product_brand?post=5078"},{"taxonomy":"product_cat","embeddable":true,"href":"https:\/\/pokerstars.wildthangwebshop.com\/de\/wp-json\/wp\/v2\/product_cat?post=5078"},{"taxonomy":"product_tag","embeddable":true,"href":"https:\/\/pokerstars.wildthangwebshop.com\/de\/wp-json\/wp\/v2\/product_tag?post=5078"}],"curies":[{"name":"wp","href":"https:\/\/api.w.org\/{rel}","templated":true}]}}