{"id":5083,"date":"2025-02-06T08:23:57","date_gmt":"2025-02-06T08:23:57","guid":{"rendered":"https:\/\/pokerstars.wildthangwebshop.com\/?product=pokerstars-oversized-p-o-k-e-r-blue-hoodie"},"modified":"2026-01-20T14:18:28","modified_gmt":"2026-01-20T14:18:28","slug":"pokerstars-p-o-k-e-r-blue-hoodie","status":"publish","type":"product","link":"https:\/\/pokerstars.wildthangwebshop.com\/de\/produkt\/pokerstars-p-o-k-e-r-blue-hoodie\/","title":{"rendered":"POKERSTARS \u00dcBERGROSSER BLAUER KAPUZENPULLOVER \u2018P O K E R\u2019"},"content":{"rendered":"<p>Erg\u00e4nzen Sie Ihre Garderobe mit diesem herrlichen blauen PokerStars-Kapuzenpullover und sorgen Sie daf\u00fcr, dass Sie immer ein stylisches Statement-St\u00fcck zur Hand haben. Das weiche Pastellblau und die warme Farbe tragen zur Gem\u00fctlichkeit des Hoodies bei, w\u00e4hrend die \u00fcbergro\u00dfen Abmessungen am K\u00f6rper und an den \u00c4rmeln f\u00fcr hohen Komfort sorgen. Mit PokerStars auf dem R\u00fccken und dem kultigen PokerStars-Spaten auf der Brust sowie einem Mock-Ausschnitt an der Kapuze ist dieses Kleidungsst\u00fcck so originell, dass es aus der Masse heraussticht. Da der Kapuzenpulli in \u00dcbergr\u00f6\u00dfe geschnitten ist, empfehlen wir, ihn eine Nummer kleiner als gewohnt zu bestellen, um dies auszugleichen.<\/p>\n<p>Material: 80% Baumwolle, 20% Polyester<\/p>\n<p>Gewicht: 380g<\/p>","protected":false},"excerpt":{"rendered":"<p>Erg\u00e4nzen Sie Ihre Garderobe mit diesem herrlichen blauen PokerStars-Kapuzenpullover und sorgen Sie daf\u00fcr, dass Sie immer ein stylisches Statement-St\u00fcck zur Hand haben. Das weiche Pastellblau und die warme Farbe tragen zur Gem\u00fctlichkeit des Hoodies bei, w\u00e4hrend die \u00fcbergro\u00dfen Abmessungen am K\u00f6rper und an den \u00c4rmeln f\u00fcr hohen Komfort sorgen. Mit PokerStars auf dem R\u00fccken und dem kultigen PokerStars-Spaten auf der Brust sowie einem Mock-Ausschnitt an der Kapuze ist dieses Kleidungsst\u00fcck so originell, dass es aus der Masse heraussticht. Da der Kapuzenpulli in \u00dcbergr\u00f6\u00dfe geschnitten ist, empfehlen wir, ihn eine Nummer kleiner als gewohnt zu bestellen, um dies auszugleichen.<\/p>\n<p>Material: 80% Baumwolle, 20% Polyester<\/p>\n<p>Gewicht: 380g<\/p>","protected":false},"featured_media":6314,"comment_status":"open","ping_status":"closed","template":"","meta":{"_eb_attr":"","_eb_data_table":""},"product_brand":[],"product_cat":[123,118],"product_tag":[168],"class_list":{"0":"post-5083","1":"product","2":"type-product","3":"status-publish","4":"has-post-thumbnail","6":"product_cat-hoodies-and-sweats","7":"product_cat-wear-it","8":"product_tag-wear-it","9":"pa_size-l","10":"pa_size-m","11":"pa_size-s","12":"pa_size-xl","13":"pa_size-xxl","14":"pa_size-xxxl","16":"first","17":"instock","18":"shipping-taxable","19":"purchasable","20":"product-type-variable","21":"has-default-attributes"},"_links":{"self":[{"href":"https:\/\/pokerstars.wildthangwebshop.com\/de\/wp-json\/wp\/v2\/product\/5083","targetHints":{"allow":["GET"]}}],"collection":[{"href":"https:\/\/pokerstars.wildthangwebshop.com\/de\/wp-json\/wp\/v2\/product"}],"about":[{"href":"https:\/\/pokerstars.wildthangwebshop.com\/de\/wp-json\/wp\/v2\/types\/product"}],"replies":[{"embeddable":true,"href":"https:\/\/pokerstars.wildthangwebshop.com\/de\/wp-json\/wp\/v2\/comments?post=5083"}],"version-history":[{"count":1,"href":"https:\/\/pokerstars.wildthangwebshop.com\/de\/wp-json\/wp\/v2\/product\/5083\/revisions"}],"predecessor-version":[{"id":5226,"href":"https:\/\/pokerstars.wildthangwebshop.com\/de\/wp-json\/wp\/v2\/product\/5083\/revisions\/5226"}],"wp:featuredmedia":[{"embeddable":true,"href":"https:\/\/pokerstars.wildthangwebshop.com\/de\/wp-json\/wp\/v2\/media\/6314"}],"wp:attachment":[{"href":"https:\/\/pokerstars.wildthangwebshop.com\/de\/wp-json\/wp\/v2\/media?parent=5083"}],"wp:term":[{"taxonomy":"product_brand","embeddable":true,"href":"https:\/\/pokerstars.wildthangwebshop.com\/de\/wp-json\/wp\/v2\/product_brand?post=5083"},{"taxonomy":"product_cat","embeddable":true,"href":"https:\/\/pokerstars.wildthangwebshop.com\/de\/wp-json\/wp\/v2\/product_cat?post=5083"},{"taxonomy":"product_tag","embeddable":true,"href":"https:\/\/pokerstars.wildthangwebshop.com\/de\/wp-json\/wp\/v2\/product_tag?post=5083"}],"curies":[{"name":"wp","href":"https:\/\/api.w.org\/{rel}","templated":true}]}}