{"id":5088,"date":"2025-02-20T08:10:23","date_gmt":"2025-02-20T08:10:23","guid":{"rendered":"https:\/\/pokerstars.wildthangwebshop.com\/?product=pokerstars-oversized-s-t-a-r-s-black-hoodie"},"modified":"2026-01-20T14:18:21","modified_gmt":"2026-01-20T14:18:21","slug":"pokerstars-s-t-a-r-s-black-hoodie","status":"publish","type":"product","link":"https:\/\/pokerstars.wildthangwebshop.com\/de\/produkt\/pokerstars-s-t-a-r-s-black-hoodie\/","title":{"rendered":"POKERSTARS \u00dcBERGROSSER \u2018S T A R S\u2019 SCHWARZER HOODIE"},"content":{"rendered":"<p>Unser Stars-Kapuzenpullover aus hochwertigem Baumwollstoff ist ideal, um stilvoll an den Tischen zu sitzen. Die \u00fcbergro\u00dfen Proportionen an K\u00f6rper und \u00c4rmeln sorgen f\u00fcr einen modernen Ansatz und unvergleichlichen Komfort. Die taillierte Silhouette bietet einen entspannten Look, der ihn zur perfekten Erg\u00e4nzung f\u00fcr jedes Freizeitoutfit macht. Da der Kapuzenpulli in \u00dcbergr\u00f6\u00dfe geschnitten ist, empfehlen wir, ihn eine Nummer kleiner als gewohnt zu bestellen.<\/p>\n<p>Material: 80% Baumwolle, 20% Polyester<\/p>\n<p>Gewicht: 380 Gramm<\/p>","protected":false},"excerpt":{"rendered":"<p>Crafted from premium cotton fabric, our stars hoodie is ideal for joining the tables in style. The oversized proportions to the body and sleeves provide a modern approach and unparalleled comfort.<br \/>\nThe cropped silhouette offers a relaxed look that makes it the perfect addition to any casual outfit. As the hoodie is finished in an oversized fit, we suggest ordering a size down from your usual size to compensate.<\/p>\n<p>Material: 80% Baumwolle, 20% Polyester<\/p>\n<p>Gewicht: 380 Gramm<\/p>","protected":false},"featured_media":6320,"comment_status":"open","ping_status":"closed","template":"","meta":{"_eb_attr":"","_eb_data_table":""},"product_brand":[],"product_cat":[123,118],"product_tag":[168],"class_list":{"0":"post-5088","1":"product","2":"type-product","3":"status-publish","4":"has-post-thumbnail","6":"product_cat-hoodies-and-sweats","7":"product_cat-wear-it","8":"product_tag-wear-it","9":"pa_size-l","10":"pa_size-m","11":"pa_size-s","12":"pa_size-xl","13":"pa_size-xxl","15":"first","16":"instock","17":"shipping-taxable","18":"purchasable","19":"product-type-variable","20":"has-default-attributes"},"_links":{"self":[{"href":"https:\/\/pokerstars.wildthangwebshop.com\/de\/wp-json\/wp\/v2\/product\/5088","targetHints":{"allow":["GET"]}}],"collection":[{"href":"https:\/\/pokerstars.wildthangwebshop.com\/de\/wp-json\/wp\/v2\/product"}],"about":[{"href":"https:\/\/pokerstars.wildthangwebshop.com\/de\/wp-json\/wp\/v2\/types\/product"}],"replies":[{"embeddable":true,"href":"https:\/\/pokerstars.wildthangwebshop.com\/de\/wp-json\/wp\/v2\/comments?post=5088"}],"version-history":[{"count":1,"href":"https:\/\/pokerstars.wildthangwebshop.com\/de\/wp-json\/wp\/v2\/product\/5088\/revisions"}],"predecessor-version":[{"id":5219,"href":"https:\/\/pokerstars.wildthangwebshop.com\/de\/wp-json\/wp\/v2\/product\/5088\/revisions\/5219"}],"wp:featuredmedia":[{"embeddable":true,"href":"https:\/\/pokerstars.wildthangwebshop.com\/de\/wp-json\/wp\/v2\/media\/6320"}],"wp:attachment":[{"href":"https:\/\/pokerstars.wildthangwebshop.com\/de\/wp-json\/wp\/v2\/media?parent=5088"}],"wp:term":[{"taxonomy":"product_brand","embeddable":true,"href":"https:\/\/pokerstars.wildthangwebshop.com\/de\/wp-json\/wp\/v2\/product_brand?post=5088"},{"taxonomy":"product_cat","embeddable":true,"href":"https:\/\/pokerstars.wildthangwebshop.com\/de\/wp-json\/wp\/v2\/product_cat?post=5088"},{"taxonomy":"product_tag","embeddable":true,"href":"https:\/\/pokerstars.wildthangwebshop.com\/de\/wp-json\/wp\/v2\/product_tag?post=5088"}],"curies":[{"name":"wp","href":"https:\/\/api.w.org\/{rel}","templated":true}]}}