{"id":5093,"date":"2025-03-12T16:02:00","date_gmt":"2025-03-12T16:02:00","guid":{"rendered":"https:\/\/pokerstars.wildthangwebshop.com\/?product=pokerstars-monogram-spade-black-track-top"},"modified":"2026-01-20T14:18:14","modified_gmt":"2026-01-20T14:18:14","slug":"pokerstars-monogram-spade-black-track-top","status":"publish","type":"product","link":"https:\/\/pokerstars.wildthangwebshop.com\/de\/produkt\/pokerstars-monogram-spade-black-track-top\/","title":{"rendered":"POKERSTARS MONOGRAM SPADE SCHWARZES TRACK TOP"},"content":{"rendered":"<p>Dieses Trainingsoberteil mit unserem unverwechselbaren PokerStars-Spaten in einem einzigartigen tonalen Monogramm-Design bietet sowohl maximalen Komfort als auch einen wahrhaft luxuri\u00f6sen Look. Das Trainingsoberteil eignet sich sowohl zum Faulenzen zu Hause als auch im Freien und verf\u00fcgt \u00fcber einen Trichterkragen sowie gerippte B\u00fcndchen und Saum f\u00fcr einen bequemen Sitz. Die Rei\u00dfverschlusstaschen sind ideal f\u00fcr die Aufbewahrung von Wertsachen.<\/p>\n<p>Material: 100% Polyester<\/p>\n<p>Gewicht: 300 g\/m\u00b2<\/p>","protected":false},"excerpt":{"rendered":"<p>Dieses Trainingsoberteil mit unserem unverwechselbaren PokerStars-Spaten in einem einzigartigen tonalen Monogramm-Design bietet sowohl maximalen Komfort als auch einen wahrhaft luxuri\u00f6sen Look. Das Trainingsoberteil eignet sich sowohl zum Faulenzen zu Hause als auch im Freien und verf\u00fcgt \u00fcber einen Trichterkragen sowie gerippte B\u00fcndchen und Saum f\u00fcr einen bequemen Sitz. Die Rei\u00dfverschlusstaschen sind ideal f\u00fcr die Aufbewahrung von Wertsachen.<\/p>\n<p>Material: 100% Polyester<\/p>\n<p>Gewicht: 300 g\/m\u00b2<\/p>","protected":false},"featured_media":6318,"comment_status":"open","ping_status":"closed","template":"","meta":{"_eb_attr":"","_eb_data_table":""},"product_brand":[],"product_cat":[123,118],"product_tag":[168],"class_list":{"0":"post-5093","1":"product","2":"type-product","3":"status-publish","4":"has-post-thumbnail","6":"product_cat-hoodies-and-sweats","7":"product_cat-wear-it","8":"product_tag-wear-it","9":"pa_size-l","10":"pa_size-m","11":"pa_size-s","12":"pa_size-xl","13":"pa_size-xxl","14":"pa_size-xxxl","16":"first","17":"instock","18":"shipping-taxable","19":"purchasable","20":"product-type-variable","21":"has-default-attributes"},"_links":{"self":[{"href":"https:\/\/pokerstars.wildthangwebshop.com\/de\/wp-json\/wp\/v2\/product\/5093","targetHints":{"allow":["GET"]}}],"collection":[{"href":"https:\/\/pokerstars.wildthangwebshop.com\/de\/wp-json\/wp\/v2\/product"}],"about":[{"href":"https:\/\/pokerstars.wildthangwebshop.com\/de\/wp-json\/wp\/v2\/types\/product"}],"replies":[{"embeddable":true,"href":"https:\/\/pokerstars.wildthangwebshop.com\/de\/wp-json\/wp\/v2\/comments?post=5093"}],"version-history":[{"count":2,"href":"https:\/\/pokerstars.wildthangwebshop.com\/de\/wp-json\/wp\/v2\/product\/5093\/revisions"}],"predecessor-version":[{"id":5213,"href":"https:\/\/pokerstars.wildthangwebshop.com\/de\/wp-json\/wp\/v2\/product\/5093\/revisions\/5213"}],"wp:featuredmedia":[{"embeddable":true,"href":"https:\/\/pokerstars.wildthangwebshop.com\/de\/wp-json\/wp\/v2\/media\/6318"}],"wp:attachment":[{"href":"https:\/\/pokerstars.wildthangwebshop.com\/de\/wp-json\/wp\/v2\/media?parent=5093"}],"wp:term":[{"taxonomy":"product_brand","embeddable":true,"href":"https:\/\/pokerstars.wildthangwebshop.com\/de\/wp-json\/wp\/v2\/product_brand?post=5093"},{"taxonomy":"product_cat","embeddable":true,"href":"https:\/\/pokerstars.wildthangwebshop.com\/de\/wp-json\/wp\/v2\/product_cat?post=5093"},{"taxonomy":"product_tag","embeddable":true,"href":"https:\/\/pokerstars.wildthangwebshop.com\/de\/wp-json\/wp\/v2\/product_tag?post=5093"}],"curies":[{"name":"wp","href":"https:\/\/api.w.org\/{rel}","templated":true}]}}