{"id":5124,"date":"2025-04-30T07:40:41","date_gmt":"2025-04-30T07:40:41","guid":{"rendered":"https:\/\/pokerstars.wildthangwebshop.com\/?product=pokerstars-red-thread-fleece-jacket"},"modified":"2025-11-26T13:49:08","modified_gmt":"2025-11-26T13:49:08","slug":"pokerstars-red-thread-fleece-jacket","status":"publish","type":"product","link":"https:\/\/pokerstars.wildthangwebshop.com\/de\/produkt\/pokerstars-red-thread-fleece-jacket\/","title":{"rendered":"POKERSTARS ROTER FADEN FLEECEJACKE"},"content":{"rendered":"<p>Setzen Sie mit unserer Fleecejacke aus rotem Garn in Schwarz ein modisches Statement, wenn Sie das n\u00e4chste Mal am Tisch sitzen. Die Jacke aus 100%-Polyester hat eine lockere Passform f\u00fcr zus\u00e4tzlichen Komfort und verf\u00fcgt \u00fcber zwei Handw\u00e4rmertaschen mit Rei\u00dfverschluss und eine Brusttasche, in der Sie Ihre wichtigsten Utensilien verstauen k\u00f6nnen, wenn Sie unterwegs sind. Au\u00dferdem verf\u00fcgt sie \u00fcber einen durchgehenden Rei\u00dfverschluss f\u00fcr einfache Bel\u00fcftung.<\/p>\n<p>Material: 100% Polyester-Vlies<\/p>\n<p>Gewicht: 280 Gramm<\/p>","protected":false},"excerpt":{"rendered":"<p>Setzen Sie mit unserer Fleecejacke aus rotem Garn in Schwarz ein modisches Statement, wenn Sie das n\u00e4chste Mal am Tisch sitzen. Die Jacke aus 100%-Polyester hat eine lockere Passform f\u00fcr zus\u00e4tzlichen Komfort und verf\u00fcgt \u00fcber zwei Handw\u00e4rmertaschen mit Rei\u00dfverschluss und eine Brusttasche, in der Sie Ihre wichtigsten Utensilien verstauen k\u00f6nnen, wenn Sie unterwegs sind. Au\u00dferdem verf\u00fcgt sie \u00fcber einen durchgehenden Rei\u00dfverschluss f\u00fcr einfache Bel\u00fcftung.<\/p>\n<p>Material: 100% Polyester-Vlies<\/p>\n<p>Gewicht: 280 Gramm<\/p>","protected":false},"featured_media":4554,"comment_status":"open","ping_status":"closed","template":"","meta":{"_eb_attr":"","_eb_data_table":""},"product_brand":[],"product_cat":[123,118],"product_tag":[168],"class_list":{"0":"post-5124","1":"product","2":"type-product","3":"status-publish","4":"has-post-thumbnail","6":"product_cat-hoodies-and-sweats","7":"product_cat-wear-it","8":"product_tag-wear-it","9":"pa_size-l","10":"pa_size-m","11":"pa_size-s","12":"pa_size-xl","13":"pa_size-xxl","14":"pa_size-xxxl","16":"first","17":"instock","18":"shipping-taxable","19":"purchasable","20":"product-type-variable","21":"has-default-attributes"},"_links":{"self":[{"href":"https:\/\/pokerstars.wildthangwebshop.com\/de\/wp-json\/wp\/v2\/product\/5124","targetHints":{"allow":["GET"]}}],"collection":[{"href":"https:\/\/pokerstars.wildthangwebshop.com\/de\/wp-json\/wp\/v2\/product"}],"about":[{"href":"https:\/\/pokerstars.wildthangwebshop.com\/de\/wp-json\/wp\/v2\/types\/product"}],"replies":[{"embeddable":true,"href":"https:\/\/pokerstars.wildthangwebshop.com\/de\/wp-json\/wp\/v2\/comments?post=5124"}],"version-history":[{"count":1,"href":"https:\/\/pokerstars.wildthangwebshop.com\/de\/wp-json\/wp\/v2\/product\/5124\/revisions"}],"predecessor-version":[{"id":5191,"href":"https:\/\/pokerstars.wildthangwebshop.com\/de\/wp-json\/wp\/v2\/product\/5124\/revisions\/5191"}],"wp:featuredmedia":[{"embeddable":true,"href":"https:\/\/pokerstars.wildthangwebshop.com\/de\/wp-json\/wp\/v2\/media\/4554"}],"wp:attachment":[{"href":"https:\/\/pokerstars.wildthangwebshop.com\/de\/wp-json\/wp\/v2\/media?parent=5124"}],"wp:term":[{"taxonomy":"product_brand","embeddable":true,"href":"https:\/\/pokerstars.wildthangwebshop.com\/de\/wp-json\/wp\/v2\/product_brand?post=5124"},{"taxonomy":"product_cat","embeddable":true,"href":"https:\/\/pokerstars.wildthangwebshop.com\/de\/wp-json\/wp\/v2\/product_cat?post=5124"},{"taxonomy":"product_tag","embeddable":true,"href":"https:\/\/pokerstars.wildthangwebshop.com\/de\/wp-json\/wp\/v2\/product_tag?post=5124"}],"curies":[{"name":"wp","href":"https:\/\/api.w.org\/{rel}","templated":true}]}}