{"id":5134,"date":"2025-08-21T08:39:01","date_gmt":"2025-08-21T08:39:01","guid":{"rendered":"https:\/\/pokerstars.wildthangwebshop.com\/?product=pokerstars-turquoise-overhead-hoodie"},"modified":"2026-01-20T14:16:20","modified_gmt":"2026-01-20T14:16:20","slug":"pokerstars-turquoise-overhead-hoodie","status":"publish","type":"product","link":"https:\/\/pokerstars.wildthangwebshop.com\/de\/produkt\/pokerstars-turquoise-overhead-hoodie\/","title":{"rendered":"POKERSTARS T\u00dcRKIS OVERHEAD HOODIE"},"content":{"rendered":"<p>Bringen Sie etwas Farbe in Ihre Garderobe mit diesem gem\u00fctlichen t\u00fcrkisfarbenen Overhead-Kapuzenpullover. Der Kapuzenpulli aus geb\u00fcrstetem Fleece sorgt f\u00fcr W\u00e4rme und Komfort und ist mit \u00fcberschnittenen Schultern und klassischer Passform f\u00fcr einen entspannten Look ausgestattet. Recycelte Metall\u00f6sen und Kordelz\u00fcge sorgen f\u00fcr funktionelle, umweltfreundliche Details, und die ger\u00e4umige Beuteltasche auf der Vorderseite bietet zus\u00e4tzlichen Stauraum. Die Rippb\u00fcndchen an \u00c4rmeln und Saum sorgen f\u00fcr ein angenehmes Tragegef\u00fchl und machen den Hoodie ideal f\u00fcr k\u00fchlere Tage.<\/p>\n<p>Material: 85% ringgesponnene gek\u00e4mmte Bio-Baumwolle\/15% recycelter Polyester.<\/p>\n<p>Gewicht: 350g<\/p>","protected":false},"excerpt":{"rendered":"<p>Bringen Sie etwas Farbe in Ihre Garderobe mit diesem gem\u00fctlichen t\u00fcrkisfarbenen Overhead-Kapuzenpullover. Der Kapuzenpulli aus geb\u00fcrstetem Fleece sorgt f\u00fcr W\u00e4rme und Komfort und ist mit \u00fcberschnittenen Schultern und klassischer Passform f\u00fcr einen entspannten Look ausgestattet. Recycelte Metall\u00f6sen und Kordelz\u00fcge sorgen f\u00fcr funktionelle, umweltfreundliche Details, und die ger\u00e4umige Beuteltasche auf der Vorderseite bietet zus\u00e4tzlichen Stauraum. Die Rippb\u00fcndchen an \u00c4rmeln und Saum sorgen f\u00fcr ein angenehmes Tragegef\u00fchl und machen den Hoodie ideal f\u00fcr k\u00fchlere Tage.<\/p>\n<p>Material: 85% ringgesponnene gek\u00e4mmte Bio-Baumwolle\/15% recycelter Polyester.<\/p>\n<p>Gewicht: 350g<\/p>","protected":false},"featured_media":4506,"comment_status":"open","ping_status":"closed","template":"","meta":{"_eb_attr":"","_eb_data_table":""},"product_brand":[],"product_cat":[123,118],"product_tag":[168],"class_list":{"0":"post-5134","1":"product","2":"type-product","3":"status-publish","4":"has-post-thumbnail","6":"product_cat-hoodies-and-sweats","7":"product_cat-wear-it","8":"product_tag-wear-it","10":"first","11":"instock","12":"shipping-taxable","13":"purchasable","14":"product-type-variable"},"_links":{"self":[{"href":"https:\/\/pokerstars.wildthangwebshop.com\/de\/wp-json\/wp\/v2\/product\/5134","targetHints":{"allow":["GET"]}}],"collection":[{"href":"https:\/\/pokerstars.wildthangwebshop.com\/de\/wp-json\/wp\/v2\/product"}],"about":[{"href":"https:\/\/pokerstars.wildthangwebshop.com\/de\/wp-json\/wp\/v2\/types\/product"}],"replies":[{"embeddable":true,"href":"https:\/\/pokerstars.wildthangwebshop.com\/de\/wp-json\/wp\/v2\/comments?post=5134"}],"version-history":[{"count":1,"href":"https:\/\/pokerstars.wildthangwebshop.com\/de\/wp-json\/wp\/v2\/product\/5134\/revisions"}],"predecessor-version":[{"id":5184,"href":"https:\/\/pokerstars.wildthangwebshop.com\/de\/wp-json\/wp\/v2\/product\/5134\/revisions\/5184"}],"wp:featuredmedia":[{"embeddable":true,"href":"https:\/\/pokerstars.wildthangwebshop.com\/de\/wp-json\/wp\/v2\/media\/4506"}],"wp:attachment":[{"href":"https:\/\/pokerstars.wildthangwebshop.com\/de\/wp-json\/wp\/v2\/media?parent=5134"}],"wp:term":[{"taxonomy":"product_brand","embeddable":true,"href":"https:\/\/pokerstars.wildthangwebshop.com\/de\/wp-json\/wp\/v2\/product_brand?post=5134"},{"taxonomy":"product_cat","embeddable":true,"href":"https:\/\/pokerstars.wildthangwebshop.com\/de\/wp-json\/wp\/v2\/product_cat?post=5134"},{"taxonomy":"product_tag","embeddable":true,"href":"https:\/\/pokerstars.wildthangwebshop.com\/de\/wp-json\/wp\/v2\/product_tag?post=5134"}],"curies":[{"name":"wp","href":"https:\/\/api.w.org\/{rel}","templated":true}]}}