{"id":5376,"date":"2022-02-22T17:30:46","date_gmt":"2022-02-22T17:30:46","guid":{"rendered":"https:\/\/pokerstars.wildthangwebshop.com\/?product=pokerstars-recycled-sunglasses"},"modified":"2026-03-04T15:17:50","modified_gmt":"2026-03-04T15:17:50","slug":"pokerstars-recycled-sunglasses","status":"publish","type":"product","link":"https:\/\/pokerstars.wildthangwebshop.com\/de\/produkt\/pokerstars-recycled-sunglasses\/","title":{"rendered":"POKERSTARS RECYCELTE SONNENBRILLEN"},"content":{"rendered":"<p>Decks werden zu Brillen. F\u00fcr die Herstellung dieser gl\u00e4nzend schwarzen Kunststoff-Sonnenbrille wurden recycelte Spielkarten verwendet. Sie verf\u00fcgt \u00fcber polarisierte UV400-Gl\u00e4ser und wird zusammen mit einem Mikrofaser-Reinigungstuch, einem Kunststoffetui und einem PU-Lederetui geliefert. Alle Zubeh\u00f6rteile sind aus recycelten Materialien hergestellt.<\/p>\n<p>Mit diesen eleganten Farbt\u00f6nen sehen Sie gut aus.<\/p>\n<p>Brillengestell, Etui und Mikrofasertuch Material: recycelte Plastikspielkarten<\/p>\n<p>Material der Gl\u00e4ser: UV400 polarisierte Gl\u00e4ser<\/p>\n<p>Material der Tragetasche: PU-Leder<\/p>\n<p>Gewicht: 31g<\/p>","protected":false},"excerpt":{"rendered":"<p>Decks werden zu Brillen. F\u00fcr die Herstellung dieser gl\u00e4nzend schwarzen Kunststoff-Sonnenbrille wurden recycelte Spielkarten verwendet. Sie verf\u00fcgt \u00fcber polarisierte UV400-Gl\u00e4ser und wird zusammen mit einem Mikrofaser-Reinigungstuch, einem Kunststoffetui und einem PU-Lederetui geliefert. Alle Zubeh\u00f6rteile sind aus recycelten Materialien hergestellt.<\/p>\n<p>Mit diesen eleganten Farbt\u00f6nen sehen Sie gut aus.<br \/>\nBrillengestell, Etui und Mikrofasertuch Material: recycelte Plastikspielkarten<\/p>\n<p>Material der Gl\u00e4ser: UV400 polarisierte Gl\u00e4ser<\/p>\n<p>Material der Tragetasche: PU-Leder<\/p>\n<p>Gewicht: 31g<\/p>","protected":false},"featured_media":5524,"comment_status":"open","ping_status":"closed","template":"","meta":{"_eb_attr":"","_eb_data_table":""},"product_brand":[],"product_cat":[129,120],"product_tag":[169],"class_list":{"0":"post-5376","1":"product","2":"type-product","3":"status-publish","4":"has-post-thumbnail","6":"product_cat-accessories","7":"product_cat-live-it","8":"product_tag-live-it","10":"first","11":"instock","12":"shipping-taxable","13":"purchasable","14":"product-type-variable"},"_links":{"self":[{"href":"https:\/\/pokerstars.wildthangwebshop.com\/de\/wp-json\/wp\/v2\/product\/5376","targetHints":{"allow":["GET"]}}],"collection":[{"href":"https:\/\/pokerstars.wildthangwebshop.com\/de\/wp-json\/wp\/v2\/product"}],"about":[{"href":"https:\/\/pokerstars.wildthangwebshop.com\/de\/wp-json\/wp\/v2\/types\/product"}],"replies":[{"embeddable":true,"href":"https:\/\/pokerstars.wildthangwebshop.com\/de\/wp-json\/wp\/v2\/comments?post=5376"}],"version-history":[{"count":1,"href":"https:\/\/pokerstars.wildthangwebshop.com\/de\/wp-json\/wp\/v2\/product\/5376\/revisions"}],"predecessor-version":[{"id":5525,"href":"https:\/\/pokerstars.wildthangwebshop.com\/de\/wp-json\/wp\/v2\/product\/5376\/revisions\/5525"}],"wp:featuredmedia":[{"embeddable":true,"href":"https:\/\/pokerstars.wildthangwebshop.com\/de\/wp-json\/wp\/v2\/media\/5524"}],"wp:attachment":[{"href":"https:\/\/pokerstars.wildthangwebshop.com\/de\/wp-json\/wp\/v2\/media?parent=5376"}],"wp:term":[{"taxonomy":"product_brand","embeddable":true,"href":"https:\/\/pokerstars.wildthangwebshop.com\/de\/wp-json\/wp\/v2\/product_brand?post=5376"},{"taxonomy":"product_cat","embeddable":true,"href":"https:\/\/pokerstars.wildthangwebshop.com\/de\/wp-json\/wp\/v2\/product_cat?post=5376"},{"taxonomy":"product_tag","embeddable":true,"href":"https:\/\/pokerstars.wildthangwebshop.com\/de\/wp-json\/wp\/v2\/product_tag?post=5376"}],"curies":[{"name":"wp","href":"https:\/\/api.w.org\/{rel}","templated":true}]}}