{"id":5407,"date":"2024-06-25T12:46:39","date_gmt":"2024-06-25T12:46:39","guid":{"rendered":"https:\/\/pokerstars.wildthangwebshop.com\/?product=pokerstars-black-barrel-bag"},"modified":"2026-03-04T15:17:24","modified_gmt":"2026-03-04T15:17:24","slug":"pokerstars-black-barrel-bag","status":"publish","type":"product","link":"https:\/\/pokerstars.wildthangwebshop.com\/de\/produkt\/pokerstars-black-barrel-bag\/","title":{"rendered":"POKERSTARS BLACK BARREL BAG"},"content":{"rendered":"<p>Auf dem Weg ins Fitnessstudio? Wie w\u00e4re es mit einer St\u00e4dtereise ins Ausland? Wo auch immer Sie hingehen, unsere schwarze Barrel-Tasche ist f\u00fcr all Ihre Reisebed\u00fcrfnisse ger\u00fcstet. Der Schultergurt mit dem PokerStars-Symbol ist vollst\u00e4ndig verstellbar und sorgt f\u00fcr maximalen Komfort. Mit einer ger\u00e4umigen Vordertasche, die sich mit einem Rei\u00dfverschluss verschlie\u00dfen l\u00e4sst, und einem wasserabweisenden Polyurethan-Material ist diese Tasche ein hervorragendes Accessoire f\u00fcr unterwegs.<\/p>\n<p>Materialzusammensetzung: Polyurethan<\/p>\n<p>Gewicht: 820g<\/p>\n<p>Abmessungen: 45 x 30 x 30cm (Gurtbreite: 3cm)<\/p>","protected":false},"excerpt":{"rendered":"<p>Auf dem Weg ins Fitnessstudio? Wie w\u00e4re es mit einer St\u00e4dtereise ins Ausland? Wo auch immer Sie hingehen, unsere schwarze Barrel-Tasche ist f\u00fcr all Ihre Reisebed\u00fcrfnisse ger\u00fcstet. Der Schultergurt mit dem PokerStars-Symbol ist vollst\u00e4ndig verstellbar und sorgt f\u00fcr maximalen Komfort. Mit einer ger\u00e4umigen Vordertasche, die sich mit einem Rei\u00dfverschluss verschlie\u00dfen l\u00e4sst, und einem wasserabweisenden Polyurethan-Material ist diese Tasche ein hervorragendes Accessoire f\u00fcr unterwegs.<\/p>\n<p>Materialzusammensetzung: Polyurethan<\/p>\n<p>Gewicht: 820g<\/p>\n<p>Abmessungen: 45 x 30 x 30cm (Gurtbreite: 3cm)<\/p>","protected":false},"featured_media":5515,"comment_status":"open","ping_status":"closed","template":"","meta":{"_eb_attr":"","_eb_data_table":""},"product_brand":[],"product_cat":[130,120],"product_tag":[169],"class_list":{"0":"post-5407","1":"product","2":"type-product","3":"status-publish","4":"has-post-thumbnail","6":"product_cat-bags","7":"product_cat-live-it","8":"product_tag-live-it","10":"first","11":"instock","12":"shipping-taxable","13":"purchasable","14":"product-type-variable"},"_links":{"self":[{"href":"https:\/\/pokerstars.wildthangwebshop.com\/de\/wp-json\/wp\/v2\/product\/5407","targetHints":{"allow":["GET"]}}],"collection":[{"href":"https:\/\/pokerstars.wildthangwebshop.com\/de\/wp-json\/wp\/v2\/product"}],"about":[{"href":"https:\/\/pokerstars.wildthangwebshop.com\/de\/wp-json\/wp\/v2\/types\/product"}],"replies":[{"embeddable":true,"href":"https:\/\/pokerstars.wildthangwebshop.com\/de\/wp-json\/wp\/v2\/comments?post=5407"}],"version-history":[{"count":1,"href":"https:\/\/pokerstars.wildthangwebshop.com\/de\/wp-json\/wp\/v2\/product\/5407\/revisions"}],"predecessor-version":[{"id":5516,"href":"https:\/\/pokerstars.wildthangwebshop.com\/de\/wp-json\/wp\/v2\/product\/5407\/revisions\/5516"}],"wp:featuredmedia":[{"embeddable":true,"href":"https:\/\/pokerstars.wildthangwebshop.com\/de\/wp-json\/wp\/v2\/media\/5515"}],"wp:attachment":[{"href":"https:\/\/pokerstars.wildthangwebshop.com\/de\/wp-json\/wp\/v2\/media?parent=5407"}],"wp:term":[{"taxonomy":"product_brand","embeddable":true,"href":"https:\/\/pokerstars.wildthangwebshop.com\/de\/wp-json\/wp\/v2\/product_brand?post=5407"},{"taxonomy":"product_cat","embeddable":true,"href":"https:\/\/pokerstars.wildthangwebshop.com\/de\/wp-json\/wp\/v2\/product_cat?post=5407"},{"taxonomy":"product_tag","embeddable":true,"href":"https:\/\/pokerstars.wildthangwebshop.com\/de\/wp-json\/wp\/v2\/product_tag?post=5407"}],"curies":[{"name":"wp","href":"https:\/\/api.w.org\/{rel}","templated":true}]}}