{"id":5418,"date":"2024-08-15T09:29:30","date_gmt":"2024-08-15T09:29:30","guid":{"rendered":"https:\/\/pokerstars.wildthangwebshop.com\/?product=pokerstars-crossbody-bag"},"modified":"2026-03-04T15:17:34","modified_gmt":"2026-03-04T15:17:34","slug":"pokerstars-crossbody-bag","status":"publish","type":"product","link":"https:\/\/pokerstars.wildthangwebshop.com\/de\/produkt\/pokerstars-crossbody-bag\/","title":{"rendered":"POKERSTARS CROSSBODY BAG"},"content":{"rendered":"<p>Sie eignet sich f\u00fcr den Sport, den t\u00e4glichen Ausflug oder die Freizeit und ist perfekt, um Ihre Sachen sicher und leicht zug\u00e4nglich aufzubewahren. Diese vielseitige Crossbody-Tasche kann vorne oder hinten \u00fcber der Schulter getragen werden und verf\u00fcgt \u00fcber f\u00fcnf Rei\u00dfverschlusstaschen sowie eine zus\u00e4tzliche Magnettasche f\u00fcr zus\u00e4tzlichen Stauraum. Mit abnehmbarem Schnallenverschluss und verstellbarem, gewebtem Gurt f\u00fcr zus\u00e4tzlichen Komfort und dem kultigen PokerStars-Spatenmuster im Innenfutter.<\/p>\n<p>Material: PU mit gewebtem Riemen<\/p>\n<p>Gewicht: 300g<\/p>\n<p>Abmessungen: 30 x 21cm<\/p>","protected":false},"excerpt":{"rendered":"<p>Sie eignet sich f\u00fcr den Sport, den t\u00e4glichen Ausflug oder die Freizeit und ist perfekt, um Ihre Sachen sicher und leicht zug\u00e4nglich aufzubewahren. Diese vielseitige Crossbody-Tasche kann vorne oder hinten \u00fcber der Schulter getragen werden und verf\u00fcgt \u00fcber f\u00fcnf Rei\u00dfverschlusstaschen sowie eine zus\u00e4tzliche Magnettasche f\u00fcr zus\u00e4tzlichen Stauraum. Mit abnehmbarem Schnallenverschluss und verstellbarem, gewebtem Gurt f\u00fcr zus\u00e4tzlichen Komfort und dem kultigen PokerStars-Spatenmuster im Innenfutter.<\/p>\n<p>Material: PU mit gewebtem Riemen<\/p>\n<p>Gewicht: 300g<\/p>\n<p>Abmessungen: 30 x 21cm<\/p>","protected":false},"featured_media":5503,"comment_status":"open","ping_status":"closed","template":"","meta":{"_eb_attr":"","_eb_data_table":""},"product_brand":[],"product_cat":[130,120],"product_tag":[169],"class_list":{"0":"post-5418","1":"product","2":"type-product","3":"status-publish","4":"has-post-thumbnail","6":"product_cat-bags","7":"product_cat-live-it","8":"product_tag-live-it","10":"first","11":"instock","12":"shipping-taxable","13":"purchasable","14":"product-type-variable"},"_links":{"self":[{"href":"https:\/\/pokerstars.wildthangwebshop.com\/de\/wp-json\/wp\/v2\/product\/5418","targetHints":{"allow":["GET"]}}],"collection":[{"href":"https:\/\/pokerstars.wildthangwebshop.com\/de\/wp-json\/wp\/v2\/product"}],"about":[{"href":"https:\/\/pokerstars.wildthangwebshop.com\/de\/wp-json\/wp\/v2\/types\/product"}],"replies":[{"embeddable":true,"href":"https:\/\/pokerstars.wildthangwebshop.com\/de\/wp-json\/wp\/v2\/comments?post=5418"}],"version-history":[{"count":1,"href":"https:\/\/pokerstars.wildthangwebshop.com\/de\/wp-json\/wp\/v2\/product\/5418\/revisions"}],"predecessor-version":[{"id":5509,"href":"https:\/\/pokerstars.wildthangwebshop.com\/de\/wp-json\/wp\/v2\/product\/5418\/revisions\/5509"}],"wp:featuredmedia":[{"embeddable":true,"href":"https:\/\/pokerstars.wildthangwebshop.com\/de\/wp-json\/wp\/v2\/media\/5503"}],"wp:attachment":[{"href":"https:\/\/pokerstars.wildthangwebshop.com\/de\/wp-json\/wp\/v2\/media?parent=5418"}],"wp:term":[{"taxonomy":"product_brand","embeddable":true,"href":"https:\/\/pokerstars.wildthangwebshop.com\/de\/wp-json\/wp\/v2\/product_brand?post=5418"},{"taxonomy":"product_cat","embeddable":true,"href":"https:\/\/pokerstars.wildthangwebshop.com\/de\/wp-json\/wp\/v2\/product_cat?post=5418"},{"taxonomy":"product_tag","embeddable":true,"href":"https:\/\/pokerstars.wildthangwebshop.com\/de\/wp-json\/wp\/v2\/product_tag?post=5418"}],"curies":[{"name":"wp","href":"https:\/\/api.w.org\/{rel}","templated":true}]}}