{"id":5429,"date":"2024-12-04T10:12:18","date_gmt":"2024-12-04T10:12:18","guid":{"rendered":"https:\/\/pokerstars.wildthangwebshop.com\/?product=pokerstars-foldable-umbrella"},"modified":"2026-03-04T15:17:41","modified_gmt":"2026-03-04T15:17:41","slug":"pokerstars-foldable-umbrella","status":"publish","type":"product","link":"https:\/\/pokerstars.wildthangwebshop.com\/de\/produkt\/pokerstars-foldable-umbrella\/","title":{"rendered":"POKERSTARS FALTBARER REGENSCHIRM"},"content":{"rendered":"<p>Unser klassischer 21-Zoll-Klappschirm ist perfekt, um Sie bei unerwarteten Regenschauern trocken zu halten. Das doppellagige Polyestergewebe bietet ausreichenden Schutz, w\u00e4hrend das beigefarbene Innenfutter mit dem unverwechselbaren PokerStars-Pik-Muster f\u00fcr einen stilvollen Touch sorgt.der Griff ist aus Verbundholz gefertigt, und die Aufbewahrungstasche aus passendem Stoff bietet zus\u00e4tzlichen Schutz, wenn sie nicht in Gebrauch ist.Logo-Pr\u00e4gung auf PU-Riemen mit Knopf.der Regenschirm verf\u00fcgt au\u00dferdem \u00fcber einen automatischen \u00d6ffner und eine manuelle Schlie\u00dfoption f\u00fcr mehr Komfort.<\/p>\n<p>Material: Polyester\/ Holz<\/p>\n<p>Gewicht: 500g<\/p>","protected":false},"excerpt":{"rendered":"<p>Unser klassischer 21-Zoll-Klappschirm ist perfekt, um Sie bei unerwarteten Regenschauern trocken zu halten. Das doppellagige Polyestergewebe bietet ausreichenden Schutz, w\u00e4hrend das beigefarbene Innenfutter mit dem unverwechselbaren PokerStars-Pik-Muster f\u00fcr einen stilvollen Touch sorgt.der Griff ist aus Verbundholz gefertigt, und die Aufbewahrungstasche aus passendem Stoff bietet zus\u00e4tzlichen Schutz, wenn sie nicht in Gebrauch ist.Logo-Pr\u00e4gung auf PU-Riemen mit Knopf.der Regenschirm verf\u00fcgt au\u00dferdem \u00fcber einen automatischen \u00d6ffner und eine manuelle Schlie\u00dfoption f\u00fcr mehr Komfort.<\/p>\n<p>Material: Polyester\/ Holz<\/p>\n<p>Gewicht: 500g<\/p>","protected":false},"featured_media":5494,"comment_status":"open","ping_status":"closed","template":"","meta":{"_eb_attr":"","_eb_data_table":""},"product_brand":[],"product_cat":[129,120],"product_tag":[169],"class_list":{"0":"post-5429","1":"product","2":"type-product","3":"status-publish","4":"has-post-thumbnail","6":"product_cat-accessories","7":"product_cat-live-it","8":"product_tag-live-it","10":"first","11":"instock","12":"shipping-taxable","13":"purchasable","14":"product-type-variable"},"_links":{"self":[{"href":"https:\/\/pokerstars.wildthangwebshop.com\/de\/wp-json\/wp\/v2\/product\/5429","targetHints":{"allow":["GET"]}}],"collection":[{"href":"https:\/\/pokerstars.wildthangwebshop.com\/de\/wp-json\/wp\/v2\/product"}],"about":[{"href":"https:\/\/pokerstars.wildthangwebshop.com\/de\/wp-json\/wp\/v2\/types\/product"}],"replies":[{"embeddable":true,"href":"https:\/\/pokerstars.wildthangwebshop.com\/de\/wp-json\/wp\/v2\/comments?post=5429"}],"version-history":[{"count":1,"href":"https:\/\/pokerstars.wildthangwebshop.com\/de\/wp-json\/wp\/v2\/product\/5429\/revisions"}],"predecessor-version":[{"id":5497,"href":"https:\/\/pokerstars.wildthangwebshop.com\/de\/wp-json\/wp\/v2\/product\/5429\/revisions\/5497"}],"wp:featuredmedia":[{"embeddable":true,"href":"https:\/\/pokerstars.wildthangwebshop.com\/de\/wp-json\/wp\/v2\/media\/5494"}],"wp:attachment":[{"href":"https:\/\/pokerstars.wildthangwebshop.com\/de\/wp-json\/wp\/v2\/media?parent=5429"}],"wp:term":[{"taxonomy":"product_brand","embeddable":true,"href":"https:\/\/pokerstars.wildthangwebshop.com\/de\/wp-json\/wp\/v2\/product_brand?post=5429"},{"taxonomy":"product_cat","embeddable":true,"href":"https:\/\/pokerstars.wildthangwebshop.com\/de\/wp-json\/wp\/v2\/product_cat?post=5429"},{"taxonomy":"product_tag","embeddable":true,"href":"https:\/\/pokerstars.wildthangwebshop.com\/de\/wp-json\/wp\/v2\/product_tag?post=5429"}],"curies":[{"name":"wp","href":"https:\/\/api.w.org\/{rel}","templated":true}]}}