{"id":5445,"date":"2025-04-03T12:17:34","date_gmt":"2025-04-03T12:17:34","guid":{"rendered":"https:\/\/pokerstars.wildthangwebshop.com\/?product=ept-monte-carlo-2025-hoodie"},"modified":"2026-03-04T15:15:19","modified_gmt":"2026-03-04T15:15:19","slug":"ept-monte-carlo-2025-hoodie-1","status":"publish","type":"product","link":"https:\/\/pokerstars.wildthangwebshop.com\/de\/produkt\/ept-monte-carlo-2025-hoodie-1\/","title":{"rendered":"EPT Monte-Carlo 2025 Kapuzenpulli"},"content":{"rendered":"<p>Mit unserem k\u00f6nigsblauen EPT Monte Carlo 2025 Kapuzenpulli bringen Sie Farbe auf den Tisch: Auf der linken Brust prangt das EPT Monte Carlo-Logo, und die kuschelige Fleece-Innenseite sorgt f\u00fcr zus\u00e4tzlichen Komfort und W\u00e4rme. Gestreifte \u00c4rmelb\u00fcndchen sorgen f\u00fcr einen zus\u00e4tzlichen modischen Akzent, und in den gef\u00fctterten Taschen des Kapuzenpullis k\u00f6nnen Sie Ihre Wertsachen verstauen - perfekt, um zu Hause zu entspannen oder unterwegs zu sein.<\/p>\n<p>Material: 65% Baumwolle, 35% Polyester und geb\u00fcrstetes Innenfleece<\/p>\n<p>Gewicht: 320 g\/m\u00b2<\/p>","protected":false},"excerpt":{"rendered":"<p>Mit unserem k\u00f6nigsblauen EPT Monte Carlo 2025 Kapuzenpulli bringen Sie Farbe auf den Tisch: Auf der linken Brust prangt das EPT Monte Carlo-Logo, und die kuschelige Fleece-Innenseite sorgt f\u00fcr zus\u00e4tzlichen Komfort und W\u00e4rme. Gestreifte \u00c4rmelb\u00fcndchen sorgen f\u00fcr einen zus\u00e4tzlichen modischen Akzent, und in den gef\u00fctterten Taschen des Kapuzenpullis k\u00f6nnen Sie Ihre Wertsachen verstauen - perfekt, um zu Hause zu entspannen oder unterwegs zu sein.<\/p>\n<p>Material: 65% Baumwolle, 35% Polyester und geb\u00fcrstetes Innenfleece<\/p>\n<p>Gewicht: 320 g\/m\u00b2<\/p>","protected":false},"featured_media":6317,"comment_status":"open","ping_status":"closed","template":"","meta":{"_eb_attr":"","_eb_data_table":""},"product_brand":[],"product_cat":[121,134,123,118],"product_tag":[168],"class_list":{"0":"post-5445","1":"product","2":"type-product","3":"status-publish","4":"has-post-thumbnail","6":"product_cat-collect-it","7":"product_cat-ept","8":"product_cat-hoodies-and-sweats","9":"product_cat-wear-it","10":"product_tag-wear-it","11":"pa_size-l","12":"pa_size-m","13":"pa_size-s","14":"pa_size-xl","15":"pa_size-xxl","16":"pa_size-xxxl","18":"first","19":"instock","20":"shipping-taxable","21":"purchasable","22":"product-type-variable","23":"has-default-attributes"},"_links":{"self":[{"href":"https:\/\/pokerstars.wildthangwebshop.com\/de\/wp-json\/wp\/v2\/product\/5445","targetHints":{"allow":["GET"]}}],"collection":[{"href":"https:\/\/pokerstars.wildthangwebshop.com\/de\/wp-json\/wp\/v2\/product"}],"about":[{"href":"https:\/\/pokerstars.wildthangwebshop.com\/de\/wp-json\/wp\/v2\/types\/product"}],"replies":[{"embeddable":true,"href":"https:\/\/pokerstars.wildthangwebshop.com\/de\/wp-json\/wp\/v2\/comments?post=5445"}],"version-history":[{"count":2,"href":"https:\/\/pokerstars.wildthangwebshop.com\/de\/wp-json\/wp\/v2\/product\/5445\/revisions"}],"predecessor-version":[{"id":5662,"href":"https:\/\/pokerstars.wildthangwebshop.com\/de\/wp-json\/wp\/v2\/product\/5445\/revisions\/5662"}],"wp:featuredmedia":[{"embeddable":true,"href":"https:\/\/pokerstars.wildthangwebshop.com\/de\/wp-json\/wp\/v2\/media\/6317"}],"wp:attachment":[{"href":"https:\/\/pokerstars.wildthangwebshop.com\/de\/wp-json\/wp\/v2\/media?parent=5445"}],"wp:term":[{"taxonomy":"product_brand","embeddable":true,"href":"https:\/\/pokerstars.wildthangwebshop.com\/de\/wp-json\/wp\/v2\/product_brand?post=5445"},{"taxonomy":"product_cat","embeddable":true,"href":"https:\/\/pokerstars.wildthangwebshop.com\/de\/wp-json\/wp\/v2\/product_cat?post=5445"},{"taxonomy":"product_tag","embeddable":true,"href":"https:\/\/pokerstars.wildthangwebshop.com\/de\/wp-json\/wp\/v2\/product_tag?post=5445"}],"curies":[{"name":"wp","href":"https:\/\/api.w.org\/{rel}","templated":true}]}}