{"id":5620,"date":"2025-10-15T13:06:26","date_gmt":"2025-10-15T13:06:26","guid":{"rendered":"https:\/\/pokerstars.wildthangwebshop.com\/?post_type=product&#038;p=5620"},"modified":"2025-11-26T13:49:03","modified_gmt":"2025-11-26T13:49:03","slug":"pokerstars-red-chip-roll-2","status":"publish","type":"product","link":"https:\/\/pokerstars.wildthangwebshop.com\/de\/produkt\/pokerstars-red-chip-roll-2\/","title":{"rendered":"POKERSTARS BLACK DIAMOND FADE CARD DECK"},"content":{"rendered":"<p>PokerStars benutzerdefinierte Gesichter Pack. Mit zwei farbigen Anz\u00fcgen und einem schwarzen \u201cDiamond Fade\u201d-R\u00fcckseitendesign. 100%-Kunststoff f\u00fcr eine lange Lebensdauer. Auch in Rot erh\u00e4ltlich.<\/p>\n<p>Material der Karte: 100% Kunststoff<\/p>\n<p>Abmessungen der Karte: 57 x 88 mm<\/p>\n<p>Material der Tuck-Box: Karton<\/p>\n<p>Abmessungen der Tuck-Box: 58 x 89 x 30mm<\/p>\n<p>Gewicht der Tuck-Box: 150g<\/p>\n<p>Inhalt pro Deck: 52 x Karten, 2 x Joker, 1 x Schnittkarte &amp; 1 x Garantiekarte<\/p>","protected":false},"excerpt":{"rendered":"<p>PokerStars benutzerdefinierte Gesichter Pack. Mit zwei farbigen Anz\u00fcgen und einem schwarzen \u201cDiamond Fade\u201d-R\u00fcckseitendesign. 100%-Kunststoff f\u00fcr eine lange Lebensdauer. Auch in Rot erh\u00e4ltlich.<\/p>\n<p>Material der Karte: 100% Kunststoff<\/p>\n<p>Abmessungen der Karte: 57 x 88 mm<\/p>\n<p>Material der Tuck-Box: Karton<\/p>\n<p>Abmessungen der Tuck-Box: 58 x 89 x 30mm<\/p>\n<p>Gewicht der Tuck-Box: 150g<\/p>\n<p>Inhalt pro Deck: 52 x Karten, 2 x Joker, 1 x Schnittkarte &amp; 1 x Garantiekarte<\/p>","protected":false},"featured_media":5622,"comment_status":"open","ping_status":"closed","template":"","meta":{"_eb_attr":"","_eb_data_table":""},"product_brand":[],"product_cat":[126,119],"product_tag":[167],"class_list":{"0":"post-5620","1":"product","2":"type-product","3":"status-publish","4":"has-post-thumbnail","6":"product_cat-cards","7":"product_cat-play-it","8":"product_tag-play-it","10":"first","11":"instock","12":"shipping-taxable","13":"purchasable","14":"product-type-simple"},"_links":{"self":[{"href":"https:\/\/pokerstars.wildthangwebshop.com\/de\/wp-json\/wp\/v2\/product\/5620","targetHints":{"allow":["GET"]}}],"collection":[{"href":"https:\/\/pokerstars.wildthangwebshop.com\/de\/wp-json\/wp\/v2\/product"}],"about":[{"href":"https:\/\/pokerstars.wildthangwebshop.com\/de\/wp-json\/wp\/v2\/types\/product"}],"replies":[{"embeddable":true,"href":"https:\/\/pokerstars.wildthangwebshop.com\/de\/wp-json\/wp\/v2\/comments?post=5620"}],"version-history":[{"count":1,"href":"https:\/\/pokerstars.wildthangwebshop.com\/de\/wp-json\/wp\/v2\/product\/5620\/revisions"}],"predecessor-version":[{"id":5624,"href":"https:\/\/pokerstars.wildthangwebshop.com\/de\/wp-json\/wp\/v2\/product\/5620\/revisions\/5624"}],"wp:featuredmedia":[{"embeddable":true,"href":"https:\/\/pokerstars.wildthangwebshop.com\/de\/wp-json\/wp\/v2\/media\/5622"}],"wp:attachment":[{"href":"https:\/\/pokerstars.wildthangwebshop.com\/de\/wp-json\/wp\/v2\/media?parent=5620"}],"wp:term":[{"taxonomy":"product_brand","embeddable":true,"href":"https:\/\/pokerstars.wildthangwebshop.com\/de\/wp-json\/wp\/v2\/product_brand?post=5620"},{"taxonomy":"product_cat","embeddable":true,"href":"https:\/\/pokerstars.wildthangwebshop.com\/de\/wp-json\/wp\/v2\/product_cat?post=5620"},{"taxonomy":"product_tag","embeddable":true,"href":"https:\/\/pokerstars.wildthangwebshop.com\/de\/wp-json\/wp\/v2\/product_tag?post=5620"}],"curies":[{"name":"wp","href":"https:\/\/api.w.org\/{rel}","templated":true}]}}