{"id":5630,"date":"2025-10-15T13:08:19","date_gmt":"2025-10-15T13:08:19","guid":{"rendered":"https:\/\/pokerstars.wildthangwebshop.com\/?post_type=product&#038;p=5630"},"modified":"2025-11-26T13:49:03","modified_gmt":"2025-11-26T13:49:03","slug":"pokerstars-500-piece-chip-set","status":"publish","type":"product","link":"https:\/\/pokerstars.wildthangwebshop.com\/de\/produkt\/pokerstars-500-piece-chip-set\/","title":{"rendered":"POKERSTARS 500 ST\u00dcCK CHIPSATZ"},"content":{"rendered":"<p>Bringen Sie das Casino-Feeling in Ihr n\u00e4chstes Heimspiel. Dieses umfassende Pokerset enth\u00e4lt alles, was Sie brauchen: 500 Clay Composite Chips, einen Dealer Button und zwei Kartendecks.<\/p>\n<p>Menge der Chips:<\/p>\n<p>150 x rote Chips<\/p>\n<p>150 x Gr\u00fcne Chips<\/p>\n<p>100 x Blaue Chips<\/p>\n<p>75 x Schwarze Chips<\/p>\n<p>25 x Lila Chips<\/p>\n<p>Geh\u00e4usematerial: Ethylen-Vinylacetat, Milchfaser<\/p>\n<p>Spanmaterial: Tonverbundstoff mit Metalleinlagen<\/p>\n<p>Material der Karte: 100% Kunststoff<\/p>\n<p>Material der H\u00e4ndlertaste: Kunststoff<\/p>\n<p>Gewicht des Koffers: 9kg<\/p>\n<p>Gewicht des Chips: 14g<\/p>\n<p>Abmessungen des Geh\u00e4uses: 59 x 21cm, 6cm<\/p>\n<p>Dicke<\/p>\n<p>Abmessungen des Chips: 39 mm Durchmesser, 3 mm Dicke<\/p>\n<p>Abmessungen der Karte: 57 x 88 mm<\/p>","protected":false},"excerpt":{"rendered":"<p>Bringen Sie das Casino-Feeling in Ihr n\u00e4chstes Heimspiel. Dieses umfassende Pokerset enth\u00e4lt alles, was Sie brauchen: 500 Clay Composite Chips, einen Dealer Button und zwei Kartendecks.<\/p>\n<p>Menge der Chips:<\/p>\n<p>150 x rote Chips<\/p>\n<p>150 x Gr\u00fcne Chips<\/p>\n<p>100 x Blaue Chips<\/p>\n<p>75 x Schwarze Chips<\/p>\n<p>25 x Lila Chips<\/p>\n<p>Geh\u00e4usematerial: Ethylen-Vinylacetat, Milchfaser<\/p>\n<p>Spanmaterial: Tonverbundstoff mit Metalleinlagen<\/p>\n<p>Material der Karte: 100% Kunststoff<\/p>\n<p>Material der H\u00e4ndlertaste: Kunststoff<\/p>\n<p>Gewicht des Koffers: 9kg<\/p>\n<p>Gewicht des Chips: 14g<\/p>\n<p>Abmessungen des Geh\u00e4uses: 59 x 21cm, 6cm<\/p>\n<p>Dicke<\/p>\n<p>Abmessungen des Chips: 39 mm Durchmesser, 3 mm Dicke<\/p>\n<p>Abmessungen der Karte: 57 x 88 mm<\/p>","protected":false},"featured_media":5631,"comment_status":"open","ping_status":"closed","template":"","meta":{"_eb_attr":"","_eb_data_table":""},"product_brand":[],"product_cat":[127,119],"product_tag":[167],"class_list":{"0":"post-5630","1":"product","2":"type-product","3":"status-publish","4":"has-post-thumbnail","6":"product_cat-chips-and-chipsets","7":"product_cat-play-it","8":"product_tag-play-it","10":"first","11":"instock","12":"featured","13":"shipping-taxable","14":"purchasable","15":"product-type-simple"},"_links":{"self":[{"href":"https:\/\/pokerstars.wildthangwebshop.com\/de\/wp-json\/wp\/v2\/product\/5630","targetHints":{"allow":["GET"]}}],"collection":[{"href":"https:\/\/pokerstars.wildthangwebshop.com\/de\/wp-json\/wp\/v2\/product"}],"about":[{"href":"https:\/\/pokerstars.wildthangwebshop.com\/de\/wp-json\/wp\/v2\/types\/product"}],"replies":[{"embeddable":true,"href":"https:\/\/pokerstars.wildthangwebshop.com\/de\/wp-json\/wp\/v2\/comments?post=5630"}],"version-history":[{"count":2,"href":"https:\/\/pokerstars.wildthangwebshop.com\/de\/wp-json\/wp\/v2\/product\/5630\/revisions"}],"predecessor-version":[{"id":5650,"href":"https:\/\/pokerstars.wildthangwebshop.com\/de\/wp-json\/wp\/v2\/product\/5630\/revisions\/5650"}],"wp:featuredmedia":[{"embeddable":true,"href":"https:\/\/pokerstars.wildthangwebshop.com\/de\/wp-json\/wp\/v2\/media\/5631"}],"wp:attachment":[{"href":"https:\/\/pokerstars.wildthangwebshop.com\/de\/wp-json\/wp\/v2\/media?parent=5630"}],"wp:term":[{"taxonomy":"product_brand","embeddable":true,"href":"https:\/\/pokerstars.wildthangwebshop.com\/de\/wp-json\/wp\/v2\/product_brand?post=5630"},{"taxonomy":"product_cat","embeddable":true,"href":"https:\/\/pokerstars.wildthangwebshop.com\/de\/wp-json\/wp\/v2\/product_cat?post=5630"},{"taxonomy":"product_tag","embeddable":true,"href":"https:\/\/pokerstars.wildthangwebshop.com\/de\/wp-json\/wp\/v2\/product_tag?post=5630"}],"curies":[{"name":"wp","href":"https:\/\/api.w.org\/{rel}","templated":true}]}}