{"id":5635,"date":"2025-10-15T13:09:37","date_gmt":"2025-10-15T13:09:37","guid":{"rendered":"https:\/\/pokerstars.wildthangwebshop.com\/?post_type=product&#038;p=5635"},"modified":"2025-11-26T13:49:03","modified_gmt":"2025-11-26T13:49:03","slug":"pokerstars-300-piece-on-the-go-chip-set","status":"publish","type":"product","link":"https:\/\/pokerstars.wildthangwebshop.com\/de\/produkt\/pokerstars-300-piece-on-the-go-chip-set\/","title":{"rendered":"POKERSTARS 300-TEILIGES CHIP-SET F\u00dcR UNTERWEGS"},"content":{"rendered":"<p>Ob Sie zu Ihren Freunden gehen oder im Urlaub ein paar Runden spielen wollen, dieses On-The-Go-Chipset ist ein Muss f\u00fcr jeden Pokerfan. Enth\u00e4lt einen Dealer-Button, zwei Spielkartendecks, drei Chipst\u00e4nder, ein oberes Tablett und 300 Ton-Jetons (ohne St\u00fcckelung).<\/p>\n<p>Chip-Mengen: 50 Schwarz 75 Rot 75 Gr\u00fcn 100 Blau<\/p>\n<p>Material des Geh\u00e4uses: PP + ABS-Kunststoff<\/p>\n<p>Spanmaterial: Tonverbundstoff mit Metalleinlagen<\/p>\n<p>Material der Karte: 100% PVC-Kunststoff<\/p>\n<p>Material der H\u00e4ndlertaste: Kunststoff<\/p>\n<p>Abmessungen des Koffers: 36,4 x 19,3 x 15,3 cm<\/p>\n<p>Abmessungen des Chips: 39 mm Durchmesser, 3 mm Dicke<\/p>\n<p>&nbsp;<\/p>\n<p>Abmessungen der Karte: 57 x 88 mm<\/p>\n<p>Gewicht des Koffers: 6,3 kg<\/p>","protected":false},"excerpt":{"rendered":"<p>Ob Sie zu Ihren Freunden gehen oder im Urlaub ein paar Runden spielen wollen, dieses On-The-Go-Chipset ist ein Muss f\u00fcr jeden Pokerfan. Enth\u00e4lt einen Dealer-Button, zwei Spielkartendecks, drei Chipst\u00e4nder, ein oberes Tablett und 300 Ton-Jetons (ohne St\u00fcckelung).<\/p>\n<p>Chip-Mengen: 50 Schwarz 75 Rot 75 Gr\u00fcn 100 Blau<\/p>\n<p>Material des Geh\u00e4uses: PP + ABS-Kunststoff<\/p>\n<p>Spanmaterial: Tonverbundstoff mit Metalleinlagen<\/p>\n<p>Material der Karte: 100% PVC-Kunststoff<\/p>\n<p>Material der H\u00e4ndlertaste: Kunststoff<\/p>\n<p>Abmessungen des Koffers: 36,4 x 19,3 x 15,3 cm<\/p>\n<p>Abmessungen des Chips: 39 mm Durchmesser, 3 mm Dicke<\/p>\n<p>&nbsp;<\/p>\n<p>Abmessungen der Karte: 57 x 88 mm<\/p>\n<p>Gewicht des Koffers: 6,3 kg<\/p>","protected":false},"featured_media":5636,"comment_status":"open","ping_status":"closed","template":"","meta":{"_eb_attr":"","_eb_data_table":""},"product_brand":[],"product_cat":[127,119],"product_tag":[167],"class_list":{"0":"post-5635","1":"product","2":"type-product","3":"status-publish","4":"has-post-thumbnail","6":"product_cat-chips-and-chipsets","7":"product_cat-play-it","8":"product_tag-play-it","10":"first","11":"instock","12":"shipping-taxable","13":"purchasable","14":"product-type-simple"},"_links":{"self":[{"href":"https:\/\/pokerstars.wildthangwebshop.com\/de\/wp-json\/wp\/v2\/product\/5635","targetHints":{"allow":["GET"]}}],"collection":[{"href":"https:\/\/pokerstars.wildthangwebshop.com\/de\/wp-json\/wp\/v2\/product"}],"about":[{"href":"https:\/\/pokerstars.wildthangwebshop.com\/de\/wp-json\/wp\/v2\/types\/product"}],"replies":[{"embeddable":true,"href":"https:\/\/pokerstars.wildthangwebshop.com\/de\/wp-json\/wp\/v2\/comments?post=5635"}],"version-history":[{"count":2,"href":"https:\/\/pokerstars.wildthangwebshop.com\/de\/wp-json\/wp\/v2\/product\/5635\/revisions"}],"predecessor-version":[{"id":5651,"href":"https:\/\/pokerstars.wildthangwebshop.com\/de\/wp-json\/wp\/v2\/product\/5635\/revisions\/5651"}],"wp:featuredmedia":[{"embeddable":true,"href":"https:\/\/pokerstars.wildthangwebshop.com\/de\/wp-json\/wp\/v2\/media\/5636"}],"wp:attachment":[{"href":"https:\/\/pokerstars.wildthangwebshop.com\/de\/wp-json\/wp\/v2\/media?parent=5635"}],"wp:term":[{"taxonomy":"product_brand","embeddable":true,"href":"https:\/\/pokerstars.wildthangwebshop.com\/de\/wp-json\/wp\/v2\/product_brand?post=5635"},{"taxonomy":"product_cat","embeddable":true,"href":"https:\/\/pokerstars.wildthangwebshop.com\/de\/wp-json\/wp\/v2\/product_cat?post=5635"},{"taxonomy":"product_tag","embeddable":true,"href":"https:\/\/pokerstars.wildthangwebshop.com\/de\/wp-json\/wp\/v2\/product_tag?post=5635"}],"curies":[{"name":"wp","href":"https:\/\/api.w.org\/{rel}","templated":true}]}}