{"id":5645,"date":"2025-10-15T13:12:30","date_gmt":"2025-10-15T13:12:30","guid":{"rendered":"https:\/\/pokerstars.wildthangwebshop.com\/?post_type=product&#038;p=5645"},"modified":"2025-11-26T13:49:03","modified_gmt":"2025-11-26T13:49:03","slug":"pokerstars-mini-chip-set","status":"publish","type":"product","link":"https:\/\/pokerstars.wildthangwebshop.com\/de\/produkt\/pokerstars-mini-chip-set\/","title":{"rendered":"POKERSTARS-MINICHIPS\u00c6T"},"content":{"rendered":"<p>Die ganze Ausr\u00fcstung, die Sie f\u00fcr ein spontanes Pokerspiel brauchen. Ideal, wenn Sie unterwegs sind. Das schwarze, gepr\u00e4gte Etui enth\u00e4lt 200 Minichips und ein Kartenspiel.<\/p>\n<p>Menge der Chips:<\/p>\n<p>50 x rote Chips<\/p>\n<p>50 x Gr\u00fcne Chips<\/p>\n<p>50 x Blaue Chips<\/p>\n<p>30 x schwarze Chips<\/p>\n<p>20 x Lila Chips<\/p>\n<p>Geh\u00e4usematerial: Ethylen-Vinylacetat, Milchfaser<\/p>\n<p>Chip-Material: Kunststoff<\/p>\n<p>Material der Karte: 100% Kunststoff<\/p>\n<p>Gewicht des Koffers: 2kg<\/p>\n<p>Gewicht des Chips: 1,7 g<\/p>\n<p>Abmessungen der Tasche: 26 x 14cm, 4,5cm Dicke<\/p>\n<p>Abmessungen des Chips: 21,5 mm Durchmesser, 2 mm Dicke<\/p>\n<p>Abmessungen der Karte: 57 x 88 mm<\/p>","protected":false},"excerpt":{"rendered":"<p>Die ganze Ausr\u00fcstung, die Sie f\u00fcr ein spontanes Pokerspiel brauchen. Ideal, wenn Sie unterwegs sind. Das schwarze, gepr\u00e4gte Etui enth\u00e4lt 200 Minichips und ein Kartenspiel.<\/p>\n<p>Menge der Chips:<\/p>\n<p>50 x rote Chips<\/p>\n<p>50 x Gr\u00fcne Chips<\/p>\n<p>50 x Blaue Chips<\/p>\n<p>30 x schwarze Chips<\/p>\n<p>20 x Lila Chips<\/p>\n<p>Geh\u00e4usematerial: Ethylen-Vinylacetat, Milchfaser<\/p>\n<p>Chip-Material: Kunststoff<\/p>\n<p>Material der Karte: 100% Kunststoff<\/p>\n<p>Gewicht des Koffers: 2kg<\/p>\n<p>Gewicht des Chips: 1,7 g<\/p>\n<p>Abmessungen der Tasche: 26 x 14cm, 4,5cm Dicke<\/p>\n<p>Abmessungen des Chips: 21,5 mm Durchmesser, 2 mm Dicke<\/p>\n<p>Abmessungen der Karte: 57 x 88 mm<\/p>","protected":false},"featured_media":5648,"comment_status":"open","ping_status":"closed","template":"","meta":{"_eb_attr":"","_eb_data_table":""},"product_brand":[],"product_cat":[127,119],"product_tag":[167],"class_list":{"0":"post-5645","1":"product","2":"type-product","3":"status-publish","4":"has-post-thumbnail","6":"product_cat-chips-and-chipsets","7":"product_cat-play-it","8":"product_tag-play-it","10":"first","11":"instock","12":"featured","13":"shipping-taxable","14":"purchasable","15":"product-type-simple"},"_links":{"self":[{"href":"https:\/\/pokerstars.wildthangwebshop.com\/de\/wp-json\/wp\/v2\/product\/5645","targetHints":{"allow":["GET"]}}],"collection":[{"href":"https:\/\/pokerstars.wildthangwebshop.com\/de\/wp-json\/wp\/v2\/product"}],"about":[{"href":"https:\/\/pokerstars.wildthangwebshop.com\/de\/wp-json\/wp\/v2\/types\/product"}],"replies":[{"embeddable":true,"href":"https:\/\/pokerstars.wildthangwebshop.com\/de\/wp-json\/wp\/v2\/comments?post=5645"}],"version-history":[{"count":1,"href":"https:\/\/pokerstars.wildthangwebshop.com\/de\/wp-json\/wp\/v2\/product\/5645\/revisions"}],"predecessor-version":[{"id":5649,"href":"https:\/\/pokerstars.wildthangwebshop.com\/de\/wp-json\/wp\/v2\/product\/5645\/revisions\/5649"}],"wp:featuredmedia":[{"embeddable":true,"href":"https:\/\/pokerstars.wildthangwebshop.com\/de\/wp-json\/wp\/v2\/media\/5648"}],"wp:attachment":[{"href":"https:\/\/pokerstars.wildthangwebshop.com\/de\/wp-json\/wp\/v2\/media?parent=5645"}],"wp:term":[{"taxonomy":"product_brand","embeddable":true,"href":"https:\/\/pokerstars.wildthangwebshop.com\/de\/wp-json\/wp\/v2\/product_brand?post=5645"},{"taxonomy":"product_cat","embeddable":true,"href":"https:\/\/pokerstars.wildthangwebshop.com\/de\/wp-json\/wp\/v2\/product_cat?post=5645"},{"taxonomy":"product_tag","embeddable":true,"href":"https:\/\/pokerstars.wildthangwebshop.com\/de\/wp-json\/wp\/v2\/product_tag?post=5645"}],"curies":[{"name":"wp","href":"https:\/\/api.w.org\/{rel}","templated":true}]}}