{"id":6338,"date":"2026-01-20T14:55:01","date_gmt":"2026-01-20T14:55:01","guid":{"rendered":"https:\/\/pokerstars.wildthangwebshop.com\/?post_type=product&#038;p=6338"},"modified":"2026-03-04T15:15:25","modified_gmt":"2026-03-04T15:15:25","slug":"pokerstars-foundation-spade-badge-red-trucker-cap","status":"publish","type":"product","link":"https:\/\/pokerstars.wildthangwebshop.com\/de\/produkt\/pokerstars-foundation-spade-badge-red-trucker-cap\/","title":{"rendered":"POKERSTARS STIFTUNG SPATEN ABZEICHEN ROT TRUCKER KAPPE"},"content":{"rendered":"<p>Make sure you stand out from the crowd with our PokerStars foundation spade badge trucker cap. Designed in red, the large black spade logo on the front panel makes for an eye-catching contrast, while the high-crown silhouette ensures a modern style. This sturdy trucker cap has a classic six-panel construction and firm brim, and it\u2019s adjustable to ensure it fits perfectly. Also available in black.<\/p>\n<p>Materialzusammensetzung: Baumwollk\u00f6per<\/p>\n<p>Gewicht: 80g<\/p>","protected":false},"excerpt":{"rendered":"<p>Kopf hoch f\u00fcr etwas Funktionelles und Modisches. Diese schlichte und stilvolle navyfarbene M\u00fctze mit Fleece-Futter h\u00e4lt dich auf und neben dem Filz warm.<br \/>\nMaterial: 100% Acryl-Strick<br \/>\nFutter: 100% Polyester-Fleece<br \/>\nGewicht: 64 g<\/p>","protected":false},"featured_media":6342,"comment_status":"open","ping_status":"closed","template":"","meta":{"_eb_attr":"","_eb_data_table":""},"product_brand":[],"product_cat":[122,118],"product_tag":[168],"class_list":{"0":"post-6338","1":"product","2":"type-product","3":"status-publish","4":"has-post-thumbnail","6":"product_cat-headwear","7":"product_cat-wear-it","8":"product_tag-wear-it","10":"first","11":"instock","12":"shipping-taxable","13":"purchasable","14":"product-type-variable"},"_links":{"self":[{"href":"https:\/\/pokerstars.wildthangwebshop.com\/de\/wp-json\/wp\/v2\/product\/6338","targetHints":{"allow":["GET"]}}],"collection":[{"href":"https:\/\/pokerstars.wildthangwebshop.com\/de\/wp-json\/wp\/v2\/product"}],"about":[{"href":"https:\/\/pokerstars.wildthangwebshop.com\/de\/wp-json\/wp\/v2\/types\/product"}],"replies":[{"embeddable":true,"href":"https:\/\/pokerstars.wildthangwebshop.com\/de\/wp-json\/wp\/v2\/comments?post=6338"}],"version-history":[{"count":1,"href":"https:\/\/pokerstars.wildthangwebshop.com\/de\/wp-json\/wp\/v2\/product\/6338\/revisions"}],"predecessor-version":[{"id":6345,"href":"https:\/\/pokerstars.wildthangwebshop.com\/de\/wp-json\/wp\/v2\/product\/6338\/revisions\/6345"}],"wp:featuredmedia":[{"embeddable":true,"href":"https:\/\/pokerstars.wildthangwebshop.com\/de\/wp-json\/wp\/v2\/media\/6342"}],"wp:attachment":[{"href":"https:\/\/pokerstars.wildthangwebshop.com\/de\/wp-json\/wp\/v2\/media?parent=6338"}],"wp:term":[{"taxonomy":"product_brand","embeddable":true,"href":"https:\/\/pokerstars.wildthangwebshop.com\/de\/wp-json\/wp\/v2\/product_brand?post=6338"},{"taxonomy":"product_cat","embeddable":true,"href":"https:\/\/pokerstars.wildthangwebshop.com\/de\/wp-json\/wp\/v2\/product_cat?post=6338"},{"taxonomy":"product_tag","embeddable":true,"href":"https:\/\/pokerstars.wildthangwebshop.com\/de\/wp-json\/wp\/v2\/product_tag?post=6338"}],"curies":[{"name":"wp","href":"https:\/\/api.w.org\/{rel}","templated":true}]}}