{"id":6346,"date":"2026-01-20T14:58:16","date_gmt":"2026-01-20T14:58:16","guid":{"rendered":"https:\/\/pokerstars.wildthangwebshop.com\/?post_type=product&#038;p=6346"},"modified":"2026-01-20T15:00:40","modified_gmt":"2026-01-20T15:00:40","slug":"pokerstars-foundation-spade-badge-black-baseball-cap","status":"publish","type":"product","link":"https:\/\/pokerstars.wildthangwebshop.com\/de\/produkt\/pokerstars-foundation-spade-badge-black-baseball-cap\/","title":{"rendered":"POKERSTARS STIFTUNG SPATEN ABZEICHEN SCHWARZ BASEBALLM\u00dcTZE"},"content":{"rendered":"<p>If you need a cap for everyday wear, this black baseball cap has got you covered. Thanks to its adjustable strap, it\u2019s designed to put your comfort first as it can be adjusted for a secure and cozy fit. Also, the stylish PokerStars spade logo on the front provides a sleek design, while the black stitching enhances the cap\u2019s premium finish due to its sharp contrast. Also available in green.<\/p>\n<p>Materialzusammensetzung: Baumwollk\u00f6per<\/p>\n<p>Gewicht: 80g<\/p>","protected":false},"excerpt":{"rendered":"<p>Kopf hoch f\u00fcr etwas Funktionelles und Modisches. Diese schlichte und stilvolle navyfarbene M\u00fctze mit Fleece-Futter h\u00e4lt dich auf und neben dem Filz warm.<br \/>\nMaterial: 100% Acryl-Strick<br \/>\nFutter: 100% Polyester-Fleece<br \/>\nGewicht: 64 g<\/p>","protected":false},"featured_media":6356,"comment_status":"open","ping_status":"closed","template":"","meta":{"_eb_attr":"","_eb_data_table":""},"product_brand":[],"product_cat":[122,118],"product_tag":[168],"class_list":{"0":"post-6346","1":"product","2":"type-product","3":"status-publish","4":"has-post-thumbnail","6":"product_cat-headwear","7":"product_cat-wear-it","8":"product_tag-wear-it","9":"pa_select-shipping-destination-european-shipping","10":"pa_select-shipping-destination-uk-and-rest-of-world-shipping","12":"first","13":"instock","14":"shipping-taxable","15":"purchasable","16":"product-type-simple"},"_links":{"self":[{"href":"https:\/\/pokerstars.wildthangwebshop.com\/de\/wp-json\/wp\/v2\/product\/6346","targetHints":{"allow":["GET"]}}],"collection":[{"href":"https:\/\/pokerstars.wildthangwebshop.com\/de\/wp-json\/wp\/v2\/product"}],"about":[{"href":"https:\/\/pokerstars.wildthangwebshop.com\/de\/wp-json\/wp\/v2\/types\/product"}],"replies":[{"embeddable":true,"href":"https:\/\/pokerstars.wildthangwebshop.com\/de\/wp-json\/wp\/v2\/comments?post=6346"}],"version-history":[{"count":3,"href":"https:\/\/pokerstars.wildthangwebshop.com\/de\/wp-json\/wp\/v2\/product\/6346\/revisions"}],"predecessor-version":[{"id":6575,"href":"https:\/\/pokerstars.wildthangwebshop.com\/de\/wp-json\/wp\/v2\/product\/6346\/revisions\/6575"}],"wp:featuredmedia":[{"embeddable":true,"href":"https:\/\/pokerstars.wildthangwebshop.com\/de\/wp-json\/wp\/v2\/media\/6356"}],"wp:attachment":[{"href":"https:\/\/pokerstars.wildthangwebshop.com\/de\/wp-json\/wp\/v2\/media?parent=6346"}],"wp:term":[{"taxonomy":"product_brand","embeddable":true,"href":"https:\/\/pokerstars.wildthangwebshop.com\/de\/wp-json\/wp\/v2\/product_brand?post=6346"},{"taxonomy":"product_cat","embeddable":true,"href":"https:\/\/pokerstars.wildthangwebshop.com\/de\/wp-json\/wp\/v2\/product_cat?post=6346"},{"taxonomy":"product_tag","embeddable":true,"href":"https:\/\/pokerstars.wildthangwebshop.com\/de\/wp-json\/wp\/v2\/product_tag?post=6346"}],"curies":[{"name":"wp","href":"https:\/\/api.w.org\/{rel}","templated":true}]}}