{"id":6360,"date":"2026-01-20T15:00:52","date_gmt":"2026-01-20T15:00:52","guid":{"rendered":"https:\/\/pokerstars.wildthangwebshop.com\/?post_type=product&#038;p=6360"},"modified":"2026-01-20T15:01:27","modified_gmt":"2026-01-20T15:01:27","slug":"pokerstars-foundation-spade-badge-green-baseball-cap","status":"publish","type":"product","link":"https:\/\/pokerstars.wildthangwebshop.com\/de\/produkt\/pokerstars-foundation-spade-badge-green-baseball-cap\/","title":{"rendered":"POKERSTARS STIFTUNG SPATEN ABZEICHEN GR\u00dcN BASEBALLM\u00dcTZE"},"content":{"rendered":"<p>Wenn du eine Kappe f\u00fcr den Alltag brauchst, ist diese Baseballm\u00fctze genau das Richtige f\u00fcr dich. Dank des verstellbaren Riemens steht dein Komfort an erster Stelle, da er f\u00fcr einen sicheren und bequemen Sitz eingestellt werden kann. Das stilvolle PokerStars-Spatenlogo auf der Vorderseite sorgt f\u00fcr ein elegantes Design, w\u00e4hrend die schwarzen N\u00e4hte durch ihren scharfen Kontrast das Finish der Kappe aufwerten. Auch in Schwarz erh\u00e4ltlich.<\/p>\n<p>Materialzusammensetzung: Baumwollk\u00f6per<\/p>\n<p>Gewicht: 80g<\/p>","protected":false},"excerpt":{"rendered":"<p>Kopf hoch f\u00fcr etwas Funktionelles und Modisches. Diese schlichte und stilvolle navyfarbene M\u00fctze mit Fleece-Futter h\u00e4lt dich auf und neben dem Filz warm.<br \/>\nMaterial: 100% Acryl-Strick<br \/>\nFutter: 100% Polyester-Fleece<br \/>\nGewicht: 64 g<\/p>","protected":false},"featured_media":6363,"comment_status":"open","ping_status":"closed","template":"","meta":{"_eb_attr":"","_eb_data_table":""},"product_brand":[],"product_cat":[122,118],"product_tag":[168],"class_list":{"0":"post-6360","1":"product","2":"type-product","3":"status-publish","4":"has-post-thumbnail","6":"product_cat-headwear","7":"product_cat-wear-it","8":"product_tag-wear-it","9":"pa_select-shipping-destination-european-shipping","10":"pa_select-shipping-destination-uk-and-rest-of-world-shipping","12":"first","13":"instock","14":"shipping-taxable","15":"purchasable","16":"product-type-simple"},"_links":{"self":[{"href":"https:\/\/pokerstars.wildthangwebshop.com\/de\/wp-json\/wp\/v2\/product\/6360","targetHints":{"allow":["GET"]}}],"collection":[{"href":"https:\/\/pokerstars.wildthangwebshop.com\/de\/wp-json\/wp\/v2\/product"}],"about":[{"href":"https:\/\/pokerstars.wildthangwebshop.com\/de\/wp-json\/wp\/v2\/types\/product"}],"replies":[{"embeddable":true,"href":"https:\/\/pokerstars.wildthangwebshop.com\/de\/wp-json\/wp\/v2\/comments?post=6360"}],"version-history":[{"count":1,"href":"https:\/\/pokerstars.wildthangwebshop.com\/de\/wp-json\/wp\/v2\/product\/6360\/revisions"}],"predecessor-version":[{"id":6366,"href":"https:\/\/pokerstars.wildthangwebshop.com\/de\/wp-json\/wp\/v2\/product\/6360\/revisions\/6366"}],"wp:featuredmedia":[{"embeddable":true,"href":"https:\/\/pokerstars.wildthangwebshop.com\/de\/wp-json\/wp\/v2\/media\/6363"}],"wp:attachment":[{"href":"https:\/\/pokerstars.wildthangwebshop.com\/de\/wp-json\/wp\/v2\/media?parent=6360"}],"wp:term":[{"taxonomy":"product_brand","embeddable":true,"href":"https:\/\/pokerstars.wildthangwebshop.com\/de\/wp-json\/wp\/v2\/product_brand?post=6360"},{"taxonomy":"product_cat","embeddable":true,"href":"https:\/\/pokerstars.wildthangwebshop.com\/de\/wp-json\/wp\/v2\/product_cat?post=6360"},{"taxonomy":"product_tag","embeddable":true,"href":"https:\/\/pokerstars.wildthangwebshop.com\/de\/wp-json\/wp\/v2\/product_tag?post=6360"}],"curies":[{"name":"wp","href":"https:\/\/api.w.org\/{rel}","templated":true}]}}