{"id":6378,"date":"2026-01-20T15:06:36","date_gmt":"2026-01-20T15:06:36","guid":{"rendered":"https:\/\/pokerstars.wildthangwebshop.com\/?post_type=product&#038;p=6378"},"modified":"2026-01-21T13:14:01","modified_gmt":"2026-01-21T13:14:01","slug":"pokerstars-origin-track-top","status":"publish","type":"product","link":"https:\/\/pokerstars.wildthangwebshop.com\/de\/produkt\/pokerstars-origin-track-top\/","title":{"rendered":"POKERSTARS ORIGIN TRACK TOP"},"content":{"rendered":"<p>Dieses PokerStars-Trainingsoberteil aus 100%-Polyester ist ideal f\u00fcr jede Gelegenheit, egal ob du an den Tischen spielst, zur Rennbahn gehst oder zu Hause faulenzt. Es ist nicht nur mit unserem klassischen Spaten im Monogramm-Design versehen, sondern hat auch ein zweifarbiges Farbschema dank der steinernen Vorder- und R\u00fcckseite, die mit gr\u00fcnen \u00c4rmeln kombiniert sind. Und dieses Oberteil ist nicht nur stylisch, sondern auch praktisch, denn es ist mit zwei Rei\u00dfverschlusstaschen ausgestattet, in denen du deine Alltagsutensilien perfekt verstauen kannst.<\/p>\n<p>Materialzusammensetzung: 100% Polyester<\/p>\n<p>Gewicht: 250gsm<\/p>","protected":false},"excerpt":{"rendered":"<p>Setzen Sie mit unserer Fleecejacke aus rotem Garn in Schwarz ein modisches Statement, wenn Sie das n\u00e4chste Mal am Tisch sitzen. Die Jacke aus 100%-Polyester hat eine lockere Passform f\u00fcr zus\u00e4tzlichen Komfort und verf\u00fcgt \u00fcber zwei Handw\u00e4rmertaschen mit Rei\u00dfverschluss und eine Brusttasche, in der Sie Ihre wichtigsten Utensilien verstauen k\u00f6nnen, wenn Sie unterwegs sind. Au\u00dferdem verf\u00fcgt sie \u00fcber einen durchgehenden Rei\u00dfverschluss f\u00fcr einfache Bel\u00fcftung.<\/p>\n<p>Material: 100% Polyester-Vlies<\/p>\n<p>Gewicht: 280 Gramm<\/p>","protected":false},"featured_media":6388,"comment_status":"open","ping_status":"closed","template":"","meta":{"_eb_attr":"","_eb_data_table":""},"product_brand":[],"product_cat":[123,118],"product_tag":[190,168],"class_list":{"0":"post-6378","1":"product","2":"type-product","3":"status-publish","4":"has-post-thumbnail","6":"product_cat-hoodies-and-sweats","7":"product_cat-wear-it","8":"product_tag-new","9":"product_tag-wear-it","10":"pa_size-l","11":"pa_size-m","12":"pa_size-s","13":"pa_size-xl","14":"pa_size-xxl","15":"pa_size-xxxl","17":"first","18":"instock","19":"shipping-taxable","20":"purchasable","21":"product-type-variable","22":"has-default-attributes"},"_links":{"self":[{"href":"https:\/\/pokerstars.wildthangwebshop.com\/de\/wp-json\/wp\/v2\/product\/6378","targetHints":{"allow":["GET"]}}],"collection":[{"href":"https:\/\/pokerstars.wildthangwebshop.com\/de\/wp-json\/wp\/v2\/product"}],"about":[{"href":"https:\/\/pokerstars.wildthangwebshop.com\/de\/wp-json\/wp\/v2\/types\/product"}],"replies":[{"embeddable":true,"href":"https:\/\/pokerstars.wildthangwebshop.com\/de\/wp-json\/wp\/v2\/comments?post=6378"}],"version-history":[{"count":1,"href":"https:\/\/pokerstars.wildthangwebshop.com\/de\/wp-json\/wp\/v2\/product\/6378\/revisions"}],"predecessor-version":[{"id":6389,"href":"https:\/\/pokerstars.wildthangwebshop.com\/de\/wp-json\/wp\/v2\/product\/6378\/revisions\/6389"}],"wp:featuredmedia":[{"embeddable":true,"href":"https:\/\/pokerstars.wildthangwebshop.com\/de\/wp-json\/wp\/v2\/media\/6388"}],"wp:attachment":[{"href":"https:\/\/pokerstars.wildthangwebshop.com\/de\/wp-json\/wp\/v2\/media?parent=6378"}],"wp:term":[{"taxonomy":"product_brand","embeddable":true,"href":"https:\/\/pokerstars.wildthangwebshop.com\/de\/wp-json\/wp\/v2\/product_brand?post=6378"},{"taxonomy":"product_cat","embeddable":true,"href":"https:\/\/pokerstars.wildthangwebshop.com\/de\/wp-json\/wp\/v2\/product_cat?post=6378"},{"taxonomy":"product_tag","embeddable":true,"href":"https:\/\/pokerstars.wildthangwebshop.com\/de\/wp-json\/wp\/v2\/product_tag?post=6378"}],"curies":[{"name":"wp","href":"https:\/\/api.w.org\/{rel}","templated":true}]}}