{"id":6441,"date":"2026-01-21T11:44:51","date_gmt":"2026-01-21T11:44:51","guid":{"rendered":"https:\/\/pokerstars.wildthangwebshop.com\/?post_type=product&#038;p=6441"},"modified":"2026-01-21T13:14:00","modified_gmt":"2026-01-21T13:14:00","slug":"pokerstars-origin-oversized-black-jersey-shirt","status":"publish","type":"product","link":"https:\/\/pokerstars.wildthangwebshop.com\/de\/produkt\/pokerstars-origin-oversized-black-jersey-shirt\/","title":{"rendered":"POKERSTARS ORIGIN \u00dcBERGROSSES SCHWARZES TRIKOT-SHIRT"},"content":{"rendered":"<p>Get into the action with this black PokerStars jersey shirt in a football style. Oversized for your comfort, it\u2019s crafted from 100% polyester to ensure a loose-fitting, relaxed feel. The red trim on the cuffs and shoulders contrast perfectly against the black design, while this shirt also features a PokerStars logo on the front with \u201cSTARS\u201d printed on the shoulders to make sure you won\u2019t go missing in a crowd.<\/p>\n<p>Materialzusammensetzung: 100% Polyester<\/p>\n<p>Gewicht: 250gsm<\/p>","protected":false},"excerpt":{"rendered":"<p>Setzen Sie mit unserer Fleecejacke aus rotem Garn in Schwarz ein modisches Statement, wenn Sie das n\u00e4chste Mal am Tisch sitzen. Die Jacke aus 100%-Polyester hat eine lockere Passform f\u00fcr zus\u00e4tzlichen Komfort und verf\u00fcgt \u00fcber zwei Handw\u00e4rmertaschen mit Rei\u00dfverschluss und eine Brusttasche, in der Sie Ihre wichtigsten Utensilien verstauen k\u00f6nnen, wenn Sie unterwegs sind. Au\u00dferdem verf\u00fcgt sie \u00fcber einen durchgehenden Rei\u00dfverschluss f\u00fcr einfache Bel\u00fcftung.<\/p>\n<p>Material: 100% Polyester-Vlies<\/p>\n<p>Gewicht: 280 Gramm<\/p>","protected":false},"featured_media":6451,"comment_status":"open","ping_status":"closed","template":"","meta":{"_eb_attr":"","_eb_data_table":""},"product_brand":[],"product_cat":[124,118],"product_tag":[190,168],"class_list":{"0":"post-6441","1":"product","2":"type-product","3":"status-publish","4":"has-post-thumbnail","6":"product_cat-t-shirts","7":"product_cat-wear-it","8":"product_tag-new","9":"product_tag-wear-it","10":"pa_size-l","11":"pa_size-m","12":"pa_size-s","13":"pa_size-xl","14":"pa_size-xxl","15":"pa_size-xxxl","17":"first","18":"instock","19":"shipping-taxable","20":"purchasable","21":"product-type-variable","22":"has-default-attributes"},"_links":{"self":[{"href":"https:\/\/pokerstars.wildthangwebshop.com\/de\/wp-json\/wp\/v2\/product\/6441","targetHints":{"allow":["GET"]}}],"collection":[{"href":"https:\/\/pokerstars.wildthangwebshop.com\/de\/wp-json\/wp\/v2\/product"}],"about":[{"href":"https:\/\/pokerstars.wildthangwebshop.com\/de\/wp-json\/wp\/v2\/types\/product"}],"replies":[{"embeddable":true,"href":"https:\/\/pokerstars.wildthangwebshop.com\/de\/wp-json\/wp\/v2\/comments?post=6441"}],"version-history":[{"count":1,"href":"https:\/\/pokerstars.wildthangwebshop.com\/de\/wp-json\/wp\/v2\/product\/6441\/revisions"}],"predecessor-version":[{"id":6452,"href":"https:\/\/pokerstars.wildthangwebshop.com\/de\/wp-json\/wp\/v2\/product\/6441\/revisions\/6452"}],"wp:featuredmedia":[{"embeddable":true,"href":"https:\/\/pokerstars.wildthangwebshop.com\/de\/wp-json\/wp\/v2\/media\/6451"}],"wp:attachment":[{"href":"https:\/\/pokerstars.wildthangwebshop.com\/de\/wp-json\/wp\/v2\/media?parent=6441"}],"wp:term":[{"taxonomy":"product_brand","embeddable":true,"href":"https:\/\/pokerstars.wildthangwebshop.com\/de\/wp-json\/wp\/v2\/product_brand?post=6441"},{"taxonomy":"product_cat","embeddable":true,"href":"https:\/\/pokerstars.wildthangwebshop.com\/de\/wp-json\/wp\/v2\/product_cat?post=6441"},{"taxonomy":"product_tag","embeddable":true,"href":"https:\/\/pokerstars.wildthangwebshop.com\/de\/wp-json\/wp\/v2\/product_tag?post=6441"}],"curies":[{"name":"wp","href":"https:\/\/api.w.org\/{rel}","templated":true}]}}