{"id":6453,"date":"2026-01-21T11:46:24","date_gmt":"2026-01-21T11:46:24","guid":{"rendered":"https:\/\/pokerstars.wildthangwebshop.com\/?post_type=product&#038;p=6453"},"modified":"2026-01-21T13:14:00","modified_gmt":"2026-01-21T13:14:00","slug":"pokerstars-foundation-spade-badge-red-hoodie","status":"publish","type":"product","link":"https:\/\/pokerstars.wildthangwebshop.com\/de\/produkt\/pokerstars-foundation-spade-badge-red-hoodie\/","title":{"rendered":"POKERSTARS STIFTUNG SPATEN ABZEICHEN ROTEN HOODIE"},"content":{"rendered":"<p>Kombiniere Stil und Zweckm\u00e4\u00dfigkeit mit dem roten PokerStars Foundation Spade Badge Hoodie. Dieser Hoodie hat ein klassisches, minimalistisches Design mit unserem kultigen Spatenabzeichen auf der Brust, das einen Hauch von Klasse verleiht. Mit den roten Kordelz\u00fcgen und der K\u00e4ngurutasche haben Sie immer Platz f\u00fcr Ihre wichtigsten Dinge, auch wenn Sie sich leger kleiden. Auch in Schwarz erh\u00e4ltlich.<\/p>\n<p>Materialzusammensetzung: 80% Baumwolle, 20% Polyester, innen geb\u00fcrstet<\/p>\n<p>Gewicht: 320 Gramm<\/p>","protected":false},"excerpt":{"rendered":"<p>Setzen Sie mit unserer Fleecejacke aus rotem Garn in Schwarz ein modisches Statement, wenn Sie das n\u00e4chste Mal am Tisch sitzen. Die Jacke aus 100%-Polyester hat eine lockere Passform f\u00fcr zus\u00e4tzlichen Komfort und verf\u00fcgt \u00fcber zwei Handw\u00e4rmertaschen mit Rei\u00dfverschluss und eine Brusttasche, in der Sie Ihre wichtigsten Utensilien verstauen k\u00f6nnen, wenn Sie unterwegs sind. Au\u00dferdem verf\u00fcgt sie \u00fcber einen durchgehenden Rei\u00dfverschluss f\u00fcr einfache Bel\u00fcftung.<\/p>\n<p>Material: 100% Polyester-Vlies<\/p>\n<p>Gewicht: 280 Gramm<\/p>","protected":false},"featured_media":6463,"comment_status":"open","ping_status":"closed","template":"","meta":{"_eb_attr":"","_eb_data_table":""},"product_brand":[],"product_cat":[124,118],"product_tag":[190,168],"class_list":{"0":"post-6453","1":"product","2":"type-product","3":"status-publish","4":"has-post-thumbnail","6":"product_cat-t-shirts","7":"product_cat-wear-it","8":"product_tag-new","9":"product_tag-wear-it","10":"pa_size-l","11":"pa_size-m","12":"pa_size-s","13":"pa_size-xl","14":"pa_size-xxl","15":"pa_size-xxxl","17":"first","18":"instock","19":"shipping-taxable","20":"purchasable","21":"product-type-variable","22":"has-default-attributes"},"_links":{"self":[{"href":"https:\/\/pokerstars.wildthangwebshop.com\/de\/wp-json\/wp\/v2\/product\/6453","targetHints":{"allow":["GET"]}}],"collection":[{"href":"https:\/\/pokerstars.wildthangwebshop.com\/de\/wp-json\/wp\/v2\/product"}],"about":[{"href":"https:\/\/pokerstars.wildthangwebshop.com\/de\/wp-json\/wp\/v2\/types\/product"}],"replies":[{"embeddable":true,"href":"https:\/\/pokerstars.wildthangwebshop.com\/de\/wp-json\/wp\/v2\/comments?post=6453"}],"version-history":[{"count":1,"href":"https:\/\/pokerstars.wildthangwebshop.com\/de\/wp-json\/wp\/v2\/product\/6453\/revisions"}],"predecessor-version":[{"id":6464,"href":"https:\/\/pokerstars.wildthangwebshop.com\/de\/wp-json\/wp\/v2\/product\/6453\/revisions\/6464"}],"wp:featuredmedia":[{"embeddable":true,"href":"https:\/\/pokerstars.wildthangwebshop.com\/de\/wp-json\/wp\/v2\/media\/6463"}],"wp:attachment":[{"href":"https:\/\/pokerstars.wildthangwebshop.com\/de\/wp-json\/wp\/v2\/media?parent=6453"}],"wp:term":[{"taxonomy":"product_brand","embeddable":true,"href":"https:\/\/pokerstars.wildthangwebshop.com\/de\/wp-json\/wp\/v2\/product_brand?post=6453"},{"taxonomy":"product_cat","embeddable":true,"href":"https:\/\/pokerstars.wildthangwebshop.com\/de\/wp-json\/wp\/v2\/product_cat?post=6453"},{"taxonomy":"product_tag","embeddable":true,"href":"https:\/\/pokerstars.wildthangwebshop.com\/de\/wp-json\/wp\/v2\/product_tag?post=6453"}],"curies":[{"name":"wp","href":"https:\/\/api.w.org\/{rel}","templated":true}]}}