{"id":6477,"date":"2026-01-21T11:49:33","date_gmt":"2026-01-21T11:49:33","guid":{"rendered":"https:\/\/pokerstars.wildthangwebshop.com\/?post_type=product&#038;p=6477"},"modified":"2026-01-21T13:14:00","modified_gmt":"2026-01-21T13:14:00","slug":"pokerstars-foundation-spade-badge-black-t-shirt","status":"publish","type":"product","link":"https:\/\/pokerstars.wildthangwebshop.com\/de\/produkt\/pokerstars-foundation-spade-badge-black-t-shirt\/","title":{"rendered":"POKERSTARS FOUNDATION SPADE ABZEICHEN SCHWARZ T-SHIRT"},"content":{"rendered":"<p>Unser PokerStars Foundation Spade Badge T-Shirt in Schwarz ist eine hervorragende Erg\u00e4nzung f\u00fcr Ihre Alltagsgarderobe. Mit seinem minimalistischen und sportlichen Design l\u00e4sst es sich leicht mit jedem Outfit kombinieren, besonders wenn Sie sich leger kleiden. Das kultige Spaten-Logo mit dem Schriftzug \u201cPokerStars\u201d auf der Unterseite macht es zu einem echten Hingucker. Das weiche Baumwollmaterial, die kurzen \u00c4rmel, der gerippte Rundhalsausschnitt und die gerade Passform machen dieses T-Shirt ebenso bequem wie stylisch.<\/p>\n<p>Materialzusammensetzung: 95% Baumwolle, 5% Elastan<\/p>\n<p>Gewicht: 180gsm<\/p>","protected":false},"excerpt":{"rendered":"<p>Setzen Sie mit unserer Fleecejacke aus rotem Garn in Schwarz ein modisches Statement, wenn Sie das n\u00e4chste Mal am Tisch sitzen. Die Jacke aus 100%-Polyester hat eine lockere Passform f\u00fcr zus\u00e4tzlichen Komfort und verf\u00fcgt \u00fcber zwei Handw\u00e4rmertaschen mit Rei\u00dfverschluss und eine Brusttasche, in der Sie Ihre wichtigsten Utensilien verstauen k\u00f6nnen, wenn Sie unterwegs sind. Au\u00dferdem verf\u00fcgt sie \u00fcber einen durchgehenden Rei\u00dfverschluss f\u00fcr einfache Bel\u00fcftung.<\/p>\n<p>Material: 100% Polyester-Vlies<\/p>\n<p>Gewicht: 280 Gramm<\/p>","protected":false},"featured_media":6486,"comment_status":"open","ping_status":"closed","template":"","meta":{"_eb_attr":"","_eb_data_table":""},"product_brand":[],"product_cat":[124,118],"product_tag":[190,168],"class_list":{"0":"post-6477","1":"product","2":"type-product","3":"status-publish","4":"has-post-thumbnail","6":"product_cat-t-shirts","7":"product_cat-wear-it","8":"product_tag-new","9":"product_tag-wear-it","10":"pa_size-l","11":"pa_size-m","12":"pa_size-s","13":"pa_size-xl","14":"pa_size-xxl","15":"pa_size-xxxl","17":"first","18":"instock","19":"shipping-taxable","20":"purchasable","21":"product-type-variable","22":"has-default-attributes"},"_links":{"self":[{"href":"https:\/\/pokerstars.wildthangwebshop.com\/de\/wp-json\/wp\/v2\/product\/6477","targetHints":{"allow":["GET"]}}],"collection":[{"href":"https:\/\/pokerstars.wildthangwebshop.com\/de\/wp-json\/wp\/v2\/product"}],"about":[{"href":"https:\/\/pokerstars.wildthangwebshop.com\/de\/wp-json\/wp\/v2\/types\/product"}],"replies":[{"embeddable":true,"href":"https:\/\/pokerstars.wildthangwebshop.com\/de\/wp-json\/wp\/v2\/comments?post=6477"}],"version-history":[{"count":1,"href":"https:\/\/pokerstars.wildthangwebshop.com\/de\/wp-json\/wp\/v2\/product\/6477\/revisions"}],"predecessor-version":[{"id":6487,"href":"https:\/\/pokerstars.wildthangwebshop.com\/de\/wp-json\/wp\/v2\/product\/6477\/revisions\/6487"}],"wp:featuredmedia":[{"embeddable":true,"href":"https:\/\/pokerstars.wildthangwebshop.com\/de\/wp-json\/wp\/v2\/media\/6486"}],"wp:attachment":[{"href":"https:\/\/pokerstars.wildthangwebshop.com\/de\/wp-json\/wp\/v2\/media?parent=6477"}],"wp:term":[{"taxonomy":"product_brand","embeddable":true,"href":"https:\/\/pokerstars.wildthangwebshop.com\/de\/wp-json\/wp\/v2\/product_brand?post=6477"},{"taxonomy":"product_cat","embeddable":true,"href":"https:\/\/pokerstars.wildthangwebshop.com\/de\/wp-json\/wp\/v2\/product_cat?post=6477"},{"taxonomy":"product_tag","embeddable":true,"href":"https:\/\/pokerstars.wildthangwebshop.com\/de\/wp-json\/wp\/v2\/product_tag?post=6477"}],"curies":[{"name":"wp","href":"https:\/\/api.w.org\/{rel}","templated":true}]}}