{"id":126,"date":"2025-06-06T09:13:06","date_gmt":"2025-06-06T09:13:06","guid":{"rendered":"https:\/\/pokerstars.wildthangwebshop.com\/terms-privacy\/"},"modified":"2026-01-08T10:14:17","modified_gmt":"2026-01-08T10:14:17","slug":"cookie-policy","status":"publish","type":"page","link":"https:\/\/pokerstars.wildthangwebshop.com\/es\/cookie-policy\/","title":{"rendered":"Pol\u00edtica de cookies"},"content":{"rendered":"<div data-elementor-type=\"wp-page\" data-elementor-id=\"126\" class=\"elementor elementor-126\" wpc-filter-elementor-widget=\"1\" data-elementor-post-type=\"page\">\n\t\t\t\t<div class=\"elementor-element elementor-element-23f1df68 e-flex e-con-boxed e-con e-parent\" data-id=\"23f1df68\" data-element_type=\"container\" data-e-type=\"container\" data-settings=\"{&quot;background_background&quot;:&quot;classic&quot;}\">\n\t\t\t\t\t<div class=\"e-con-inner\">\n\t\t<div class=\"elementor-element elementor-element-bb78b5d e-con-full e-flex e-con e-child\" data-id=\"bb78b5d\" data-element_type=\"container\" data-e-type=\"container\">\n\t\t\t\t<div class=\"elementor-element elementor-element-4af38ed elementor-widget elementor-widget-heading\" data-id=\"4af38ed\" data-element_type=\"widget\" data-e-type=\"widget\" data-widget_type=\"heading.default\">\n\t\t\t\t<div class=\"elementor-widget-container\">\n\t\t\t\t\t<h2 class=\"elementor-heading-title elementor-size-default\">Pol\u00edtica de cookies<\/h2>\t\t\t\t<\/div>\n\t\t\t\t<\/div>\n\t\t\t\t<\/div>\n\t\t\t\t<div class=\"elementor-element elementor-element-43c7eb96 elementor-widget elementor-widget-text-editor\" data-id=\"43c7eb96\" data-element_type=\"widget\" data-e-type=\"widget\" data-widget_type=\"text-editor.default\">\n\t\t\t\t<div class=\"elementor-widget-container\">\n\t\t\t\t\t\t\t\t\t<h2>Aviso sobre cookies<\/h2><p>Debe saber que cuando accede o utiliza nuestros contenidos, productos y servicios, podemos recopilar informaci\u00f3n de sus dispositivos mediante el uso de cookies y tecnolog\u00edas similares. Las cookies realizan varias funciones diferentes, y a menudo para mejorar su experiencia de usuario. El prop\u00f3sito de esta Pol\u00edtica es ofrecerle una comprensi\u00f3n m\u00e1s clara de:<\/p><p><span style=\"text-decoration: underline;\">\u00bfQu\u00e9 son las cookies y tecnolog\u00edas similares?<\/span><br \/><span style=\"text-decoration: underline;\">\u00bfPor qu\u00e9 utilizamos cookies?<\/span><br \/><span style=\"text-decoration: underline;\">\u00bfC\u00f3mo utilizamos las cookies?<\/span><br \/><span style=\"text-decoration: underline;\">\u00bfC\u00f3mo puede controlar el uso de cookies?<\/span><br \/><span style=\"text-decoration: underline;\">\u00bfC\u00f3mo puede gestionar sus preferencias de cookies?<\/span><br \/><span style=\"text-decoration: underline;\">\u00bfQu\u00e9 ocurre si utiliza tecnolog\u00edas Adblocker?<\/span><br \/><span style=\"text-decoration: underline;\">\u00bfC\u00f3mo ponerse en contacto con nosotros?<\/span><\/p><h2>\u00bfQu\u00e9 son las cookies y tecnolog\u00edas similares?<\/h2><p>Las cookies son archivos de texto que contienen una peque\u00f1a cantidad de informaci\u00f3n que se descarga en su dispositivo cuando visita un sitio web. Su navegador devuelve estas cookies al sitio web de origen en cada visita posterior, o a otro sitio web que las reconozca. Las balizas web son peque\u00f1as im\u00e1genes gr\u00e1ficas (tambi\u00e9n conocidas como \u201cetiquetas de p\u00edxel\u201d o \u201cGIF transparentes\u201d) que se suelen utilizar para demostrar que se ha accedido a una p\u00e1gina web o que se ha visto o se ha hecho clic en determinados contenidos, con el fin de analizar el uso de nuestras p\u00e1ginas web. Las cookies Flash son complementos del navegador que se almacenan localmente y se utilizan para a\u00f1adir contenido interactivo y multimedia a los sitios web. Las aplicaciones m\u00f3viles pueden utilizar dispositivos, mecanismos o tecnolog\u00edas que realizan la funci\u00f3n de una cookie en plataformas m\u00f3viles como Apple iOS o Android.<\/p><p>Podemos utilizar los t\u00e9rminos \u201ccookies\u201d o \u201ctecnolog\u00edas similares\u201d indistintamente en nuestras pol\u00edticas para referirnos a todas las tecnolog\u00edas que podemos utilizar para almacenar datos en su navegador o dispositivo o que facilitan la recopilaci\u00f3n de informaci\u00f3n personal y nos ayudan a identificarle de la manera descrita en la secci\u00f3n \u201c<u>C\u00f3mo utilizamos las cookies<\/u>?\u201d.<\/p><p>Haga clic en\u00a0<a href=\"https:\/\/www.pokerstars.store\/privacy-policy\"><u>aqu\u00ed<\/u><\/a>\u00a0para ver c\u00f3mo puede controlar el uso de cookies. Puede encontrar m\u00e1s informaci\u00f3n sobre las cookies en\u00a0<a href=\"http:\/\/www.allaboutcookies.org\/\" target=\"_blank\" rel=\"noopener\">www.allaboutcookies.org<\/a>.<\/p><h2>\u00bfPor qu\u00e9 utilizamos cookies?<\/h2><p>Las cookies son muy \u00fatiles y pueden utilizarse para muchos fines diferentes. Nuestros sitios web utilizan cookies para mejorar su experiencia en l\u00ednea y garantizar que los contenidos y las funciones pertinentes se ofrezcan y utilicen de forma m\u00e1s eficaz.<\/p><p>Utilizamos cookies de sesi\u00f3n, cookies persistentes y almacenamiento local para realizar diversas funciones en nuestros sitios web.<\/p><p>Las cookies de sesi\u00f3n se descargan en su dispositivo temporalmente durante el periodo en que navega por un sitio web concreto; estas cookies pueden permitirle navegar entre p\u00e1ginas de forma m\u00e1s eficiente o permitir a los sitios web recordar las preferencias que seleccione. Las cookies persistentes pueden utilizarse para ayudar a los sitios web a recordarle como visitante recurrente o para garantizar que los anuncios en l\u00ednea que recibe se ajustan mejor a sus intereses. Los archivos de texto almacenados localmente no son transmitidos por su navegador. Usted es el \u00fanico que accede a ellos cuando utiliza aplicaciones en su dispositivo.<\/p><p>Los kits de desarrollo de software (SDK) son partes preconstruidas de una aplicaci\u00f3n de terceros que permiten el funcionamiento de sistemas operativos m\u00f3viles como Apple iOS. Pueden almacenarse en su dispositivo. Aunque los SDK se utilizan habitualmente para aplicaciones m\u00f3viles, es posible utilizarlos en sitios web u otras plataformas digitales.<\/p><h2>\u00bfC\u00f3mo utilizamos las cookies?<\/h2><p>Cuando visite nuestros sitios web, se colocar\u00e1n cookies en su dispositivo de dos maneras. Las cookies colocadas por nosotros, como operador del sitio, se denominan cookies de \u201cprimera parte\u201d. Las cookies tambi\u00e9n pueden ser colocadas en su dispositivo por otra parte que no seamos nosotros. Estas cookies se denominan cookies de \u201cterceros\u201d. Entre los usos de las cookies de terceros se incluye la recopilaci\u00f3n de informaci\u00f3n sobre los h\u00e1bitos de navegaci\u00f3n y el suministro de contenidos personalizados.<\/p><p>Aunque existen muchos usos diferentes para las cookies de origen y de terceros, todas las cookies que utilizamos pertenecen a una de las siguientes cuatro categor\u00edas principales de cookies:<\/p><ul><li><strong>Cookies estrictamente necesarias<\/strong><\/li><li>Cookies de funcionalidad<\/li><li>Cookies de rendimiento<\/li><li>Marketing de terceros \/ Targeting Cookies<\/li><\/ul><p>A continuaci\u00f3n se ofrece m\u00e1s informaci\u00f3n sobre estas categor\u00edas de cookies, incluida su finalidad y si estas cookies recopilan datos personales:<\/p><div class=\"responsive-table\"><table class=\"table-space\"><tbody><tr><td><p><strong>Tipo de Cookie<\/strong><\/p><\/td><td><p><strong>Cookies estrictamente necesarias<\/strong><\/p><\/td><\/tr><tr><td><p><strong>Prop\u00f3sito<\/strong><\/p><\/td><td><p>Estas cookies son estrictamente necesarias para permitirle navegar por nuestros sitios web y utilizar las funciones que haya solicitado en el transcurso de su experiencia. Se utilizan para ofrecerle contenidos a usted, como usuario, y para proporcionarle los productos y servicios que haya solicitado.<\/p><\/td><\/tr><tr><td><p><strong>M\u00e1s informaci\u00f3n<\/strong><\/p><\/td><td><p>Estas cookies son esenciales para ayudar a su dispositivo a descargar o transmitir informaci\u00f3n para que pueda navegar por nuestros sitios web, utilizar sus funciones y permitirle volver a las p\u00e1ginas que ha visitado anteriormente.<\/p><p>He aqu\u00ed algunos ejemplos de cookies estrictamente necesarias:<\/p><ul><li>Posicionar informaci\u00f3n en su dispositivo o pantalla para que pueda ver y utilizar nuestros sitios web;<\/li><li>Para mantener su sesi\u00f3n iniciada cuando utilice nuestro sitio web, de modo que no tenga que iniciar sesi\u00f3n cada vez que lo visite.<\/li><li>Recuerde y actualice sus selecciones.<\/li><\/ul><p>Estas cookies no recuerdan sus preferencias o nombre de usuario m\u00e1s all\u00e1 de su visita actual.<\/p><\/td><\/tr><tr><td><p><strong>Recogida de datos<\/strong><\/p><\/td><td><p>S\u00ed, algunas de estas cookies recogen sus datos personales para funcionar. Pueden recopilar los siguientes tipos de datos personales:<\/p><ul><li>Direcci\u00f3n IP<\/li><li>Datos de localizaci\u00f3n<\/li><li>Identificarle como usuario registrado en nuestros sitios web<\/li><\/ul><\/td><\/tr><tr><td><p><strong>Validez de las cookies<\/strong><\/p><\/td><td><p>Estas cookies se eliminan al cerrar el navegador web (sesi\u00f3n del navegador). Haga clic en\u00a0<a href=\"https:\/\/www.pokerstars.store\/privacy-policy\"><u>aqu\u00ed<\/u><\/a>\u00a0para ver c\u00f3mo puede controlar el uso de cookies.<\/p><\/td><\/tr><tr><td><p><strong>Tipo de Cookie<\/strong><\/p><\/td><td><p><strong>Cookies de funcionalidad<\/strong><\/p><\/td><\/tr><tr><td><p><strong>Prop\u00f3sito<\/strong><\/p><\/td><td><p>Estas cookies se utilizan para reconocerle cuando vuelve a nuestros sitios web y nos permiten recordar las elecciones que hace y ofrecerle funciones mejoradas. Tambi\u00e9n mejoran la funcionalidad de nuestros sitios web al almacenar sus preferencias. Las cookies de funcionalidad registran informaci\u00f3n sobre las elecciones que ha hecho (como la preferencia de idioma) y nos permiten ofrecer funciones m\u00e1s personales.<\/p><\/td><\/tr><tr><td><p><strong>M\u00e1s informaci\u00f3n<\/strong><\/p><\/td><td><p>Estos son algunos ejemplos de los usos de las cookies de funcionalidad:<\/p><ul><li>Para recordar sus preferencias y configuraciones, como el idioma, la ubicaci\u00f3n y las preferencias de marketing, desde su \u00faltima visita;<\/li><li>Para recordar selecciones;<\/li><li>Para recordar si ha utilizado un producto espec\u00edfico en el sitio web; y<\/li><li>Para mostrarle enlaces a \u2018art\u00edculos relacionados\u2019.<\/li><\/ul><\/td><\/tr><tr><td><p><strong>Recogida de datos<\/strong><\/p><\/td><td><p>Algunas de estas cookies recopilan sus datos personales para permitirnos prestar los servicios descritos anteriormente.<\/p><\/td><\/tr><tr><td><p><strong>Validez de las cookies<\/strong><\/p><\/td><td><p>Las cookies de funcionalidad expiran despu\u00e9s de un m\u00e1ximo de 2 a\u00f1os. Las cookies de funcionalidad pueden eliminarse del historial de su navegador en cualquier momento antes de su fecha de caducidad. Haga clic en\u00a0<a href=\"https:\/\/www.pokerstars.store\/privacy-policy\"><u>aqu\u00ed<\/u><\/a>\u00a0para ver c\u00f3mo puede controlar el uso de cookies.<\/p><\/td><\/tr><tr><td><p><strong>Tipo de Cookie<\/strong><\/p><\/td><td><p><strong>Cookies de rendimiento<\/strong><\/p><\/td><\/tr><tr><td><p><strong>Prop\u00f3sito<\/strong><\/p><\/td><td><p>Estas cookies se utilizan para recopilar informaci\u00f3n sobre el uso del sitio web. Estas cookies se utilizan para proporcionar estad\u00edsticas agregadas sobre los visitantes de nuestros sitios web. Estas estad\u00edsticas se utilizan con fines internos para ayudarnos a probar y mejorar el rendimiento de nuestros sitios web, proporcionando una mejor experiencia al usuario.<\/p><\/td><\/tr><tr><td><p><strong>M\u00e1s informaci\u00f3n<\/strong><\/p><\/td><td><p>Estos son algunos ejemplos de los usos de las cookies de rendimiento:<\/p><ul><li>Proporcionar estad\u00edsticas sobre el uso de nuestros sitios web;<\/li><li>Para comprobar la eficacia de nuestros anuncios.<\/li><li>Evaluar los errores en la experiencia del usuario.<\/li><\/ul><p>Adem\u00e1s, utilizamos una serie de herramientas para evaluar la informaci\u00f3n de las cookies a nivel agregado para llevar a cabo funciones anal\u00edticas en nuestro sitio, incluyendo, Google Analytics y Maximizer.<\/p><\/td><\/tr><tr><td><p><strong>Recogida de datos<\/strong><\/p><\/td><td><p>Aunque estas cookies no le identifican personalmente mientras no haya iniciado sesi\u00f3n, recopilar\u00e1n la informaci\u00f3n de su navegador y datos an\u00f3nimos, para los fines antes indicados.<\/p><p>En determinados casos, algunas de estas cookies son gestionadas por terceros, como Google Analytics. Estos terceros no pueden utilizar estas cookies para ning\u00fan otro fin que no sea el descrito anteriormente. No pueden identificar a un individuo con estas cookies.<\/p><\/td><\/tr><tr><td><p><strong>Validez de las cookies<\/strong><\/p><\/td><td><p>Las cookies de rendimiento tienen periodos de validez variables. Algunas cookies de rendimiento se eliminan al cerrar el navegador, mientras que otras tienen un periodo de validez indefinido. Estas cookies pueden eliminarse en cualquier momento mediante la configuraci\u00f3n de su navegador. Haga clic en\u00a0<a href=\"https:\/\/www.pokerstars.store\/privacy-policy\"><u>aqu\u00ed<\/u><\/a>\u00a0para ver c\u00f3mo puede controlar el uso de cookies.<\/p><\/td><\/tr><tr><td><p><strong>Tipo de Cookie<\/strong><\/p><\/td><td><p><strong>Marketing de terceros \/ Targeting Cookies<\/strong><\/p><\/td><\/tr><tr><td><p><strong>Prop\u00f3sito<\/strong><\/p><\/td><td><p>Estas cookies se utilizan para ofrecer al grupo Flutter Entertainment plc anuncios relevantes para usted, basados en sus intereses.<\/p><p>Tambi\u00e9n se utilizan para limitar el n\u00famero de veces que se ve un anuncio, as\u00ed como para ayudar a medir la eficacia de una campa\u00f1a publicitaria.<\/p><\/td><\/tr><tr><td><p><strong>M\u00e1s informaci\u00f3n<\/strong><\/p><\/td><td><p>Estas cookies registran su visita a nuestro sitio web, las p\u00e1ginas que ha visitado y los productos que ha seleccionado. Utilizaremos esta informaci\u00f3n para que nuestro sitio web y la publicidad mostrada se ajusten m\u00e1s a sus intereses. Tambi\u00e9n podemos compartir esta informaci\u00f3n con terceros con este fin y para medir la eficacia de una campa\u00f1a publicitaria.<\/p><p>Las cookies de segmentaci\u00f3n tambi\u00e9n se utilizan para:<\/p><ul><li>Recopilar informaci\u00f3n sobre los h\u00e1bitos de navegaci\u00f3n para orientar el contenido del sitio web y dirigir la publicidad;<\/li><li>Enlazar con redes sociales y blogs que pueden utilizar esta informaci\u00f3n sobre su visita para dirigirle publicidad;<\/li><li>Proporcionar a los anunciantes informaci\u00f3n sobre su visita para que puedan presentarle anuncios que puedan ser de su inter\u00e9s;<\/li><li>Ofrecer contenidos y comunicaciones de marketing adaptados a sus intereses y basados en la informaci\u00f3n de su visita;<\/li><li>Para realizar geotargeting, que permite que nuestros anuncios se muestren en p\u00e1ginas web de terceros, bas\u00e1ndose en su ubicaci\u00f3n;<\/li><li>Para realizar site retargeting. Un p\u00edxel de retargeting (una peque\u00f1a unidad de c\u00f3digo) en nuestra p\u00e1gina web deja una cookie en el navegador del usuario, lo que hace que nuestros anuncios se muestren o no cuando el usuario visita determinados sitios web de la red de retargeting (por ejemplo, la Red de Display de Google); y<\/li><li>Para realizar b\u00fasquedas de reorientaci\u00f3n, lo que permite que nuestros anuncios se muestren en p\u00e1ginas web de terceros, bas\u00e1ndose en sus anteriores actividades de b\u00fasqueda en la web.<\/li><\/ul><\/td><\/tr><tr><td><p><strong>Recogida de datos<\/strong><\/p><\/td><td><p>Terceros (incluyendo, por ejemplo, redes de publicidad y proveedores de servicios externos como servicios de an\u00e1lisis de tr\u00e1fico web) tambi\u00e9n pueden utilizar cookies en nuestros sitios web. Es probable que se trate de cookies anal\u00edticas\/de rendimiento o de cookies de segmentaci\u00f3n. Tenga en cuenta que no se recogen datos personales, un anunciante no puede asociar la cookie con el nombre, direcci\u00f3n u otra informaci\u00f3n personal de un individuo en particular.<\/p><p>Estas cookies son colocadas por redes publicitarias de terceros con nuestro permiso.<\/p><\/td><\/tr><tr><td><p><strong>Validez de las cookies<\/strong><\/p><\/td><td><p>Las cookies de terceros tienen una validez variable. Algunas cookies caducan hasta 13 meses despu\u00e9s de su \u00faltima actualizaci\u00f3n. Haga clic en\u00a0<a href=\"https:\/\/www.pokerstars.store\/privacy-policy\"><u>aqu\u00ed<\/u>\u00a0para ver c\u00f3mo puede cambiar la configuraci\u00f3n de su consentimiento al uso de cookies.<\/a><\/p><\/td><\/tr><\/tbody><\/table><\/div><h2>\u00bfC\u00f3mo puede controlar el uso de cookies en su dispositivo?<\/h2><p>Puede modificar la configuraci\u00f3n de su navegador para bloquear algunas o todas las cookies. Para ello, siga las instrucciones de su navegador preferido. Para facilitarle la consulta, le ofrecemos a continuaci\u00f3n enlaces con instrucciones sobre c\u00f3mo eliminar y borrar las cookies de algunos de los navegadores m\u00e1s comunes. Tenga en cuenta que si bloquea las cookies de los sitios web, es posible que algunas o todas las funciones del sitio web no funcionen seg\u00fan lo previsto:<\/p><ul><li><a href=\"https:\/\/support.mozilla.org\/en-US\/kb\/Cookies\" target=\"_blank\" rel=\"noopener\">Firefox<\/a><\/li><li><a href=\"https:\/\/support.microsoft.com\/en-gb\/help\/17442\/windows-internet-explorer-delete-manage-cookies\" target=\"_blank\" rel=\"noopener\">Internet Explorer<\/a><\/li><li><a href=\"https:\/\/support.google.com\/chrome\/bin\/answer.py?hl=en&amp;answer=95647\" target=\"_blank\" rel=\"noopener\">Google Chrome<\/a><\/li><li><a href=\"https:\/\/support.apple.com\/en-gb\/guide\/safari\/manage-cookies-and-website-data-sfri11471\/mac\" target=\"_blank\" rel=\"noopener\">Safari<\/a><\/li><\/ul><p>Algunas plataformas de telefon\u00eda m\u00f3vil permiten a los usuarios controlar el intercambio de datos con terceros en la tienda de aplicaciones. Si esta opci\u00f3n est\u00e1 activada, nuestras aplicaciones no proporcionar\u00e1n datos a terceros. Es posible que los usuarios de tel\u00e9fonos m\u00f3viles tengan que consultar el manual de su terminal para saber c\u00f3mo bloquear las tecnolog\u00edas de seguimiento de terceros en las aplicaciones o en su navegador m\u00f3vil. Para m\u00e1s informaci\u00f3n sobre las cookies de publicidad comportamental en l\u00ednea y los controles de exclusi\u00f3n voluntaria, visite\u00a0<a href=\"http:\/\/www.youronlinechoices.eu\/\" target=\"_blank\" rel=\"noopener\">www.youronlinechoices.eu<\/a>.<\/p><h2>\u00bfC\u00f3mo puede gestionar sus preferencias de cookies?<\/h2><p>Si desea cambiar sus preferencias de privacidad en este sitio web, visite nuestra p\u00e1gina\u00a0<u>plataforma de gesti\u00f3n del consentimiento<\/u>.<\/p><p>Tenga en cuenta que si cambia y retira su consentimiento para una clase espec\u00edfica de cookie, la cookie puede permanecer en su dispositivo. Sin embargo, estar\u00e1 desactivada y no ser\u00e1 recogida por nosotros. Para m\u00e1s informaci\u00f3n sobre c\u00f3mo eliminar las cookies de su dispositivo, consulte \u201c<a href=\"https:\/\/youronlinechoices.eu\/\"><u>C\u00f3mo puede controlar el uso de cookies<\/u><\/a>\u201c.<\/p><h2>\u00bfQu\u00e9 ocurre si utiliza tecnolog\u00edas Adblocker?<\/h2><p>Si utiliza tecnolog\u00edas de bloqueo de anuncios, tenga en cuenta que algunos bloqueadores de anuncios pueden bloquear nuestra capacidad de pedirle que gestione su configuraci\u00f3n de cookies o que se beneficie de la rica experiencia de usuario que ofrecemos. Si desea mejorar su experiencia, desactive su tecnolog\u00eda de bloqueo de anuncios y revise su configuraci\u00f3n de cookies a trav\u00e9s de nuestro aviso sobre cookies.<\/p><h4>C\u00f3mo ponerse en contacto con nosotros<\/h4><p>Si tiene alguna pregunta sobre c\u00f3mo utilizamos las cookies, puede ponerse en contacto con nosotros rellenando el formulario de contacto.<\/p><p>06 de enero de 2026<\/p>\t\t\t\t\t\t\t\t<\/div>\n\t\t\t\t<\/div>\n\t\t\t\t\t<\/div>\n\t\t\t\t<\/div>\n\t\t\t\t<\/div>","protected":false},"excerpt":{"rendered":"<p>Cookies Policy Cookie Notice You should be aware that when you access or use our content, products and services, we may collect information from your devices through the use of cookies and similar technologies. Cookies perform various different functions, and often to improve your user experience. The purpose of this Policy is to give you [&hellip;]<\/p>\n","protected":false},"author":1,"featured_media":0,"parent":0,"menu_order":0,"comment_status":"closed","ping_status":"closed","template":"elementor_header_footer","meta":{"_eb_attr":"","_eb_data_table":"","footnotes":""},"class_list":["post-126","page","type-page","status-publish","hentry"],"_links":{"self":[{"href":"https:\/\/pokerstars.wildthangwebshop.com\/es\/wp-json\/wp\/v2\/pages\/126","targetHints":{"allow":["GET"]}}],"collection":[{"href":"https:\/\/pokerstars.wildthangwebshop.com\/es\/wp-json\/wp\/v2\/pages"}],"about":[{"href":"https:\/\/pokerstars.wildthangwebshop.com\/es\/wp-json\/wp\/v2\/types\/page"}],"author":[{"embeddable":true,"href":"https:\/\/pokerstars.wildthangwebshop.com\/es\/wp-json\/wp\/v2\/users\/1"}],"replies":[{"embeddable":true,"href":"https:\/\/pokerstars.wildthangwebshop.com\/es\/wp-json\/wp\/v2\/comments?post=126"}],"version-history":[{"count":35,"href":"https:\/\/pokerstars.wildthangwebshop.com\/es\/wp-json\/wp\/v2\/pages\/126\/revisions"}],"predecessor-version":[{"id":6248,"href":"https:\/\/pokerstars.wildthangwebshop.com\/es\/wp-json\/wp\/v2\/pages\/126\/revisions\/6248"}],"wp:attachment":[{"href":"https:\/\/pokerstars.wildthangwebshop.com\/es\/wp-json\/wp\/v2\/media?parent=126"}],"curies":[{"name":"wp","href":"https:\/\/api.w.org\/{rel}","templated":true}]}}