{"id":5134,"date":"2025-08-21T08:39:01","date_gmt":"2025-08-21T08:39:01","guid":{"rendered":"https:\/\/pokerstars.wildthangwebshop.com\/?product=pokerstars-turquoise-overhead-hoodie"},"modified":"2026-01-20T14:16:20","modified_gmt":"2026-01-20T14:16:20","slug":"pokerstars-turquoise-overhead-hoodie","status":"publish","type":"product","link":"https:\/\/pokerstars.wildthangwebshop.com\/es\/producto\/pokerstars-turquoise-overhead-hoodie\/","title":{"rendered":"SUDADERA CON CAPUCHA POKERSTARS TURQUOISE OVERHEAD"},"content":{"rendered":"<p>A\u00f1ade un toque de color a tu armario con esta sudadera con capucha en color turquesa. Confeccionada en forro polar cepillado para ofrecer calidez y comodidad, la sudadera tiene un acabado con hombros ca\u00eddos y un corte cl\u00e1sico para un look m\u00e1s relajado. Los ojales met\u00e1licos reciclados y las puntas de los cordones de ajuste a\u00f1aden detalles funcionales y ecol\u00f3gicos, y el amplio bolsillo frontal a\u00f1ade espacio de almacenamiento adicional. Los pu\u00f1os y el dobladillo de canal\u00e9 de la sudadera proporcionan un acabado ce\u00f1ido, ideal para los d\u00edas m\u00e1s frescos.<\/p>\n<p>Material: 85% algod\u00f3n org\u00e1nico peinado hilado en anillos\/15% poli\u00e9ster reciclado.<\/p>\n<p>Peso: 350 g<\/p>","protected":false},"excerpt":{"rendered":"<p>A\u00f1ade un toque de color a tu armario con esta sudadera con capucha en color turquesa. Confeccionada en forro polar cepillado para ofrecer calidez y comodidad, la sudadera tiene un acabado con hombros ca\u00eddos y un corte cl\u00e1sico para un look m\u00e1s relajado. Los ojales met\u00e1licos reciclados y las puntas de los cordones de ajuste a\u00f1aden detalles funcionales y ecol\u00f3gicos, y el amplio bolsillo frontal a\u00f1ade espacio de almacenamiento adicional. Los pu\u00f1os y el dobladillo de canal\u00e9 de la sudadera proporcionan un acabado ce\u00f1ido, ideal para los d\u00edas m\u00e1s frescos.<\/p>\n<p>Material: 85% algod\u00f3n org\u00e1nico peinado hilado en anillos\/15% poli\u00e9ster reciclado.<\/p>\n<p>Peso: 350 g<\/p>","protected":false},"featured_media":4506,"comment_status":"open","ping_status":"closed","template":"","meta":{"_eb_attr":"","_eb_data_table":""},"product_brand":[],"product_cat":[123,118],"product_tag":[168],"class_list":{"0":"post-5134","1":"product","2":"type-product","3":"status-publish","4":"has-post-thumbnail","6":"product_cat-hoodies-and-sweats","7":"product_cat-wear-it","8":"product_tag-wear-it","10":"first","11":"instock","12":"shipping-taxable","13":"purchasable","14":"product-type-variable"},"_links":{"self":[{"href":"https:\/\/pokerstars.wildthangwebshop.com\/es\/wp-json\/wp\/v2\/product\/5134","targetHints":{"allow":["GET"]}}],"collection":[{"href":"https:\/\/pokerstars.wildthangwebshop.com\/es\/wp-json\/wp\/v2\/product"}],"about":[{"href":"https:\/\/pokerstars.wildthangwebshop.com\/es\/wp-json\/wp\/v2\/types\/product"}],"replies":[{"embeddable":true,"href":"https:\/\/pokerstars.wildthangwebshop.com\/es\/wp-json\/wp\/v2\/comments?post=5134"}],"version-history":[{"count":1,"href":"https:\/\/pokerstars.wildthangwebshop.com\/es\/wp-json\/wp\/v2\/product\/5134\/revisions"}],"predecessor-version":[{"id":5184,"href":"https:\/\/pokerstars.wildthangwebshop.com\/es\/wp-json\/wp\/v2\/product\/5134\/revisions\/5184"}],"wp:featuredmedia":[{"embeddable":true,"href":"https:\/\/pokerstars.wildthangwebshop.com\/es\/wp-json\/wp\/v2\/media\/4506"}],"wp:attachment":[{"href":"https:\/\/pokerstars.wildthangwebshop.com\/es\/wp-json\/wp\/v2\/media?parent=5134"}],"wp:term":[{"taxonomy":"product_brand","embeddable":true,"href":"https:\/\/pokerstars.wildthangwebshop.com\/es\/wp-json\/wp\/v2\/product_brand?post=5134"},{"taxonomy":"product_cat","embeddable":true,"href":"https:\/\/pokerstars.wildthangwebshop.com\/es\/wp-json\/wp\/v2\/product_cat?post=5134"},{"taxonomy":"product_tag","embeddable":true,"href":"https:\/\/pokerstars.wildthangwebshop.com\/es\/wp-json\/wp\/v2\/product_tag?post=5134"}],"curies":[{"name":"wp","href":"https:\/\/api.w.org\/{rel}","templated":true}]}}