{"id":6378,"date":"2026-01-20T15:06:36","date_gmt":"2026-01-20T15:06:36","guid":{"rendered":"https:\/\/pokerstars.wildthangwebshop.com\/?post_type=product&#038;p=6378"},"modified":"2026-01-21T13:14:01","modified_gmt":"2026-01-21T13:14:01","slug":"pokerstars-origin-track-top","status":"publish","type":"product","link":"https:\/\/pokerstars.wildthangwebshop.com\/es\/producto\/pokerstars-origin-track-top\/","title":{"rendered":"CH\u00c1NDAL POKERSTARS ORIGIN"},"content":{"rendered":"<p>Confeccionada en poli\u00e9ster 100%, esta camiseta de ch\u00e1ndal PokerStars es ideal para cualquier ocasi\u00f3n informal, ya sea para jugar en las mesas, ir a la pista o descansar en casa. No s\u00f3lo lleva nuestra cl\u00e1sica pala en un dise\u00f1o de monograma, sino que tambi\u00e9n tiene una combinaci\u00f3n de colores de dos tonos gracias a la piedra en la parte delantera y trasera combinada con mangas verdes. Adem\u00e1s, esta camiseta de ch\u00e1ndal no est\u00e1 re\u00f1ida con el estilo, ya que cuenta con dos bolsillos con cremallera perfectos para guardar tus objetos de uso diario.<\/p>\n<p>Composici\u00f3n del material: 100% Poli\u00e9ster<\/p>\n<p>Gramaje: 250 g\/m\u00b2.<\/p>","protected":false},"excerpt":{"rendered":"<p>Make a style statement next time you\u2019re at the tables with our red thread fleece jacket in black. Made from 100% polyester in a relaxed fit for extra comfort, the jacket also includes two zip handwarmer pockets and a chest pocket, making it perfect for storing essentials while you\u2019re on the move. Also includes a full-length zipper for easy venting.<\/p>\n<p>Material: 100% Polyester fleece<\/p>\n<p>Weight: 280grams<\/p>","protected":false},"featured_media":6388,"comment_status":"open","ping_status":"closed","template":"","meta":{"_eb_attr":"","_eb_data_table":""},"product_brand":[],"product_cat":[123,118],"product_tag":[190,168],"class_list":{"0":"post-6378","1":"product","2":"type-product","3":"status-publish","4":"has-post-thumbnail","6":"product_cat-hoodies-and-sweats","7":"product_cat-wear-it","8":"product_tag-new","9":"product_tag-wear-it","10":"pa_size-l","11":"pa_size-m","12":"pa_size-s","13":"pa_size-xl","14":"pa_size-xxl","15":"pa_size-xxxl","17":"first","18":"instock","19":"shipping-taxable","20":"purchasable","21":"product-type-variable","22":"has-default-attributes"},"_links":{"self":[{"href":"https:\/\/pokerstars.wildthangwebshop.com\/es\/wp-json\/wp\/v2\/product\/6378","targetHints":{"allow":["GET"]}}],"collection":[{"href":"https:\/\/pokerstars.wildthangwebshop.com\/es\/wp-json\/wp\/v2\/product"}],"about":[{"href":"https:\/\/pokerstars.wildthangwebshop.com\/es\/wp-json\/wp\/v2\/types\/product"}],"replies":[{"embeddable":true,"href":"https:\/\/pokerstars.wildthangwebshop.com\/es\/wp-json\/wp\/v2\/comments?post=6378"}],"version-history":[{"count":1,"href":"https:\/\/pokerstars.wildthangwebshop.com\/es\/wp-json\/wp\/v2\/product\/6378\/revisions"}],"predecessor-version":[{"id":6389,"href":"https:\/\/pokerstars.wildthangwebshop.com\/es\/wp-json\/wp\/v2\/product\/6378\/revisions\/6389"}],"wp:featuredmedia":[{"embeddable":true,"href":"https:\/\/pokerstars.wildthangwebshop.com\/es\/wp-json\/wp\/v2\/media\/6388"}],"wp:attachment":[{"href":"https:\/\/pokerstars.wildthangwebshop.com\/es\/wp-json\/wp\/v2\/media?parent=6378"}],"wp:term":[{"taxonomy":"product_brand","embeddable":true,"href":"https:\/\/pokerstars.wildthangwebshop.com\/es\/wp-json\/wp\/v2\/product_brand?post=6378"},{"taxonomy":"product_cat","embeddable":true,"href":"https:\/\/pokerstars.wildthangwebshop.com\/es\/wp-json\/wp\/v2\/product_cat?post=6378"},{"taxonomy":"product_tag","embeddable":true,"href":"https:\/\/pokerstars.wildthangwebshop.com\/es\/wp-json\/wp\/v2\/product_tag?post=6378"}],"curies":[{"name":"wp","href":"https:\/\/api.w.org\/{rel}","templated":true}]}}