{"id":6441,"date":"2026-01-21T11:44:51","date_gmt":"2026-01-21T11:44:51","guid":{"rendered":"https:\/\/pokerstars.wildthangwebshop.com\/?post_type=product&#038;p=6441"},"modified":"2026-01-21T13:14:00","modified_gmt":"2026-01-21T13:14:00","slug":"pokerstars-origin-oversized-black-jersey-shirt","status":"publish","type":"product","link":"https:\/\/pokerstars.wildthangwebshop.com\/es\/producto\/pokerstars-origin-oversized-black-jersey-shirt\/","title":{"rendered":"CAMISETA OVERSIZE NEGRA POKERSTARS ORIGIN"},"content":{"rendered":"<p>Entra en acci\u00f3n con esta camiseta negra PokerStars de estilo futbol\u00edstico. De gran tama\u00f1o para tu comodidad, est\u00e1 confeccionada en poli\u00e9ster 100% para garantizar un ajuste holgado y relajado. El ribete rojo de los pu\u00f1os y los hombros contrasta a la perfecci\u00f3n con el dise\u00f1o negro, mientras que esta camiseta tambi\u00e9n cuenta con un logotipo de PokerStars en la parte delantera y \u201cSTARS\u201d impreso en los hombros para asegurarte de que no pasar\u00e1s desapercibido entre la multitud.<\/p>\n<p>Composici\u00f3n del material: 100% Poli\u00e9ster<\/p>\n<p>Gramaje: 250 g\/m\u00b2.<\/p>","protected":false},"excerpt":{"rendered":"<p>Make a style statement next time you\u2019re at the tables with our red thread fleece jacket in black. Made from 100% polyester in a relaxed fit for extra comfort, the jacket also includes two zip handwarmer pockets and a chest pocket, making it perfect for storing essentials while you\u2019re on the move. Also includes a full-length zipper for easy venting.<\/p>\n<p>Material: 100% Polyester fleece<\/p>\n<p>Weight: 280grams<\/p>","protected":false},"featured_media":6451,"comment_status":"open","ping_status":"closed","template":"","meta":{"_eb_attr":"","_eb_data_table":""},"product_brand":[],"product_cat":[124,118],"product_tag":[190,168],"class_list":{"0":"post-6441","1":"product","2":"type-product","3":"status-publish","4":"has-post-thumbnail","6":"product_cat-t-shirts","7":"product_cat-wear-it","8":"product_tag-new","9":"product_tag-wear-it","10":"pa_size-l","11":"pa_size-m","12":"pa_size-s","13":"pa_size-xl","14":"pa_size-xxl","15":"pa_size-xxxl","17":"first","18":"instock","19":"shipping-taxable","20":"purchasable","21":"product-type-variable","22":"has-default-attributes"},"_links":{"self":[{"href":"https:\/\/pokerstars.wildthangwebshop.com\/es\/wp-json\/wp\/v2\/product\/6441","targetHints":{"allow":["GET"]}}],"collection":[{"href":"https:\/\/pokerstars.wildthangwebshop.com\/es\/wp-json\/wp\/v2\/product"}],"about":[{"href":"https:\/\/pokerstars.wildthangwebshop.com\/es\/wp-json\/wp\/v2\/types\/product"}],"replies":[{"embeddable":true,"href":"https:\/\/pokerstars.wildthangwebshop.com\/es\/wp-json\/wp\/v2\/comments?post=6441"}],"version-history":[{"count":1,"href":"https:\/\/pokerstars.wildthangwebshop.com\/es\/wp-json\/wp\/v2\/product\/6441\/revisions"}],"predecessor-version":[{"id":6452,"href":"https:\/\/pokerstars.wildthangwebshop.com\/es\/wp-json\/wp\/v2\/product\/6441\/revisions\/6452"}],"wp:featuredmedia":[{"embeddable":true,"href":"https:\/\/pokerstars.wildthangwebshop.com\/es\/wp-json\/wp\/v2\/media\/6451"}],"wp:attachment":[{"href":"https:\/\/pokerstars.wildthangwebshop.com\/es\/wp-json\/wp\/v2\/media?parent=6441"}],"wp:term":[{"taxonomy":"product_brand","embeddable":true,"href":"https:\/\/pokerstars.wildthangwebshop.com\/es\/wp-json\/wp\/v2\/product_brand?post=6441"},{"taxonomy":"product_cat","embeddable":true,"href":"https:\/\/pokerstars.wildthangwebshop.com\/es\/wp-json\/wp\/v2\/product_cat?post=6441"},{"taxonomy":"product_tag","embeddable":true,"href":"https:\/\/pokerstars.wildthangwebshop.com\/es\/wp-json\/wp\/v2\/product_tag?post=6441"}],"curies":[{"name":"wp","href":"https:\/\/api.w.org\/{rel}","templated":true}]}}