{"id":5134,"date":"2025-08-21T08:39:01","date_gmt":"2025-08-21T08:39:01","guid":{"rendered":"https:\/\/pokerstars.wildthangwebshop.com\/?product=pokerstars-turquoise-overhead-hoodie"},"modified":"2026-01-20T14:16:20","modified_gmt":"2026-01-20T14:16:20","slug":"pokerstars-turquoise-overhead-hoodie","status":"publish","type":"product","link":"https:\/\/pokerstars.wildthangwebshop.com\/fr\/produit\/pokerstars-turquoise-overhead-hoodie\/","title":{"rendered":"POKERSTARS TURQUOISE OVERHEAD HOODIE"},"content":{"rendered":"<p>Ajoutez une touche de couleur \u00e0 votre garde-robe avec ce sweat \u00e0 capuche turquoise. Fabriqu\u00e9 en polaire bross\u00e9e pour la chaleur et le confort, ce sweat \u00e0 capuche est dot\u00e9 d'\u00e9paules tombantes et d'une coupe classique pour un look plus d\u00e9contract\u00e9. Les \u0153illets en m\u00e9tal recycl\u00e9 et les extr\u00e9mit\u00e9s du cordon de serrage ajoutent des d\u00e9tails fonctionnels et respectueux de l'environnement, tandis que la poche spacieuse sur le devant offre un espace de rangement suppl\u00e9mentaire. Les poignets et l'ourlet c\u00f4tel\u00e9s du sweat \u00e0 capuche lui conf\u00e8rent une finition ajust\u00e9e, ce qui le rend id\u00e9al pour les journ\u00e9es plus fra\u00eeches.<\/p>\n<p>Mati\u00e8re : 85% coton bio peign\u00e9 \u00e0 anneaux\/15% polyester recycl\u00e9.<\/p>\n<p>Poids : 350g<\/p>","protected":false},"excerpt":{"rendered":"<p>Ajoutez une touche de couleur \u00e0 votre garde-robe avec ce sweat \u00e0 capuche turquoise. Fabriqu\u00e9 en polaire bross\u00e9e pour la chaleur et le confort, ce sweat \u00e0 capuche est dot\u00e9 d'\u00e9paules tombantes et d'une coupe classique pour un look plus d\u00e9contract\u00e9. Les \u0153illets en m\u00e9tal recycl\u00e9 et les extr\u00e9mit\u00e9s du cordon de serrage ajoutent des d\u00e9tails fonctionnels et respectueux de l'environnement, tandis que la poche spacieuse sur le devant offre un espace de rangement suppl\u00e9mentaire. Les poignets et l'ourlet c\u00f4tel\u00e9s du sweat \u00e0 capuche lui conf\u00e8rent une finition ajust\u00e9e, ce qui le rend id\u00e9al pour les journ\u00e9es plus fra\u00eeches.<\/p>\n<p>Mati\u00e8re : 85% coton bio peign\u00e9 \u00e0 anneaux\/15% polyester recycl\u00e9.<\/p>\n<p>Poids : 350g<\/p>","protected":false},"featured_media":4506,"comment_status":"open","ping_status":"closed","template":"","meta":{"_eb_attr":"","_eb_data_table":""},"product_brand":[],"product_cat":[123,118],"product_tag":[168],"class_list":{"0":"post-5134","1":"product","2":"type-product","3":"status-publish","4":"has-post-thumbnail","6":"product_cat-hoodies-and-sweats","7":"product_cat-wear-it","8":"product_tag-wear-it","10":"first","11":"instock","12":"shipping-taxable","13":"purchasable","14":"product-type-variable"},"_links":{"self":[{"href":"https:\/\/pokerstars.wildthangwebshop.com\/fr\/wp-json\/wp\/v2\/product\/5134","targetHints":{"allow":["GET"]}}],"collection":[{"href":"https:\/\/pokerstars.wildthangwebshop.com\/fr\/wp-json\/wp\/v2\/product"}],"about":[{"href":"https:\/\/pokerstars.wildthangwebshop.com\/fr\/wp-json\/wp\/v2\/types\/product"}],"replies":[{"embeddable":true,"href":"https:\/\/pokerstars.wildthangwebshop.com\/fr\/wp-json\/wp\/v2\/comments?post=5134"}],"version-history":[{"count":1,"href":"https:\/\/pokerstars.wildthangwebshop.com\/fr\/wp-json\/wp\/v2\/product\/5134\/revisions"}],"predecessor-version":[{"id":5184,"href":"https:\/\/pokerstars.wildthangwebshop.com\/fr\/wp-json\/wp\/v2\/product\/5134\/revisions\/5184"}],"wp:featuredmedia":[{"embeddable":true,"href":"https:\/\/pokerstars.wildthangwebshop.com\/fr\/wp-json\/wp\/v2\/media\/4506"}],"wp:attachment":[{"href":"https:\/\/pokerstars.wildthangwebshop.com\/fr\/wp-json\/wp\/v2\/media?parent=5134"}],"wp:term":[{"taxonomy":"product_brand","embeddable":true,"href":"https:\/\/pokerstars.wildthangwebshop.com\/fr\/wp-json\/wp\/v2\/product_brand?post=5134"},{"taxonomy":"product_cat","embeddable":true,"href":"https:\/\/pokerstars.wildthangwebshop.com\/fr\/wp-json\/wp\/v2\/product_cat?post=5134"},{"taxonomy":"product_tag","embeddable":true,"href":"https:\/\/pokerstars.wildthangwebshop.com\/fr\/wp-json\/wp\/v2\/product_tag?post=5134"}],"curies":[{"name":"wp","href":"https:\/\/api.w.org\/{rel}","templated":true}]}}