{"id":5645,"date":"2025-10-15T13:12:30","date_gmt":"2025-10-15T13:12:30","guid":{"rendered":"https:\/\/pokerstars.wildthangwebshop.com\/?post_type=product&#038;p=5645"},"modified":"2025-11-26T13:49:03","modified_gmt":"2025-11-26T13:49:03","slug":"pokerstars-mini-chip-set","status":"publish","type":"product","link":"https:\/\/pokerstars.wildthangwebshop.com\/fr\/produit\/pokerstars-mini-chip-set\/","title":{"rendered":"MINI-SET DE JETONS POKERSTARS"},"content":{"rendered":"<p>Tout le mat\u00e9riel n\u00e9cessaire pour une partie de poker improvis\u00e9e. Id\u00e9al si vous \u00eates en d\u00e9placement. L'\u00e9tui noir gaufr\u00e9 contient 200 mini jetons et un jeu de cartes.<\/p>\n<p>Quantit\u00e9s de chips :<\/p>\n<p>50 x jetons rouges<\/p>\n<p>50 x chips vertes<\/p>\n<p>50 x Jetons bleus<\/p>\n<p>30 x Jetons noirs<\/p>\n<p>20 x jetons violets<\/p>\n<p>Mat\u00e9riau du bo\u00eetier : \u00e9thyl\u00e8ne-ac\u00e9tate de vinyle, fibre de lait<\/p>\n<p>Mat\u00e9riau de la puce : plastique<\/p>\n<p>Mat\u00e9riau de la carte : Plastique 100%<\/p>\n<p>Poids de la valise : 2kg<\/p>\n<p>Poids de la puce : 1,7 g<\/p>\n<p>Dimensions de l'\u00e9tui : 26 x 14 cm, 4,5 cm d'\u00e9paisseur<\/p>\n<p>Dimensions de la puce : 21,5 mm de diam\u00e8tre, 2 mm d'\u00e9paisseur<\/p>\n<p>Dimensions de la carte : 57 x 88 mm<\/p>","protected":false},"excerpt":{"rendered":"<p>Tout le mat\u00e9riel n\u00e9cessaire pour une partie de poker improvis\u00e9e. Id\u00e9al si vous \u00eates en d\u00e9placement. L'\u00e9tui noir gaufr\u00e9 contient 200 mini jetons et un jeu de cartes.<\/p>\n<p>Quantit\u00e9s de chips :<\/p>\n<p>50 x jetons rouges<\/p>\n<p>50 x chips vertes<\/p>\n<p>50 x Jetons bleus<\/p>\n<p>30 x Jetons noirs<\/p>\n<p>20 x jetons violets<\/p>\n<p>Mat\u00e9riau du bo\u00eetier : \u00e9thyl\u00e8ne-ac\u00e9tate de vinyle, fibre de lait<\/p>\n<p>Mat\u00e9riau de la puce : plastique<\/p>\n<p>Mat\u00e9riau de la carte : Plastique 100%<\/p>\n<p>Poids de la valise : 2kg<\/p>\n<p>Poids de la puce : 1,7 g<\/p>\n<p>Dimensions de l'\u00e9tui : 26 x 14 cm, 4,5 cm d'\u00e9paisseur<\/p>\n<p>Dimensions de la puce : 21,5 mm de diam\u00e8tre, 2 mm d'\u00e9paisseur<\/p>\n<p>Dimensions de la carte : 57 x 88 mm<\/p>","protected":false},"featured_media":5648,"comment_status":"open","ping_status":"closed","template":"","meta":{"_eb_attr":"","_eb_data_table":""},"product_brand":[],"product_cat":[127,119],"product_tag":[167],"class_list":{"0":"post-5645","1":"product","2":"type-product","3":"status-publish","4":"has-post-thumbnail","6":"product_cat-chips-and-chipsets","7":"product_cat-play-it","8":"product_tag-play-it","10":"first","11":"instock","12":"featured","13":"shipping-taxable","14":"purchasable","15":"product-type-simple"},"_links":{"self":[{"href":"https:\/\/pokerstars.wildthangwebshop.com\/fr\/wp-json\/wp\/v2\/product\/5645","targetHints":{"allow":["GET"]}}],"collection":[{"href":"https:\/\/pokerstars.wildthangwebshop.com\/fr\/wp-json\/wp\/v2\/product"}],"about":[{"href":"https:\/\/pokerstars.wildthangwebshop.com\/fr\/wp-json\/wp\/v2\/types\/product"}],"replies":[{"embeddable":true,"href":"https:\/\/pokerstars.wildthangwebshop.com\/fr\/wp-json\/wp\/v2\/comments?post=5645"}],"version-history":[{"count":1,"href":"https:\/\/pokerstars.wildthangwebshop.com\/fr\/wp-json\/wp\/v2\/product\/5645\/revisions"}],"predecessor-version":[{"id":5649,"href":"https:\/\/pokerstars.wildthangwebshop.com\/fr\/wp-json\/wp\/v2\/product\/5645\/revisions\/5649"}],"wp:featuredmedia":[{"embeddable":true,"href":"https:\/\/pokerstars.wildthangwebshop.com\/fr\/wp-json\/wp\/v2\/media\/5648"}],"wp:attachment":[{"href":"https:\/\/pokerstars.wildthangwebshop.com\/fr\/wp-json\/wp\/v2\/media?parent=5645"}],"wp:term":[{"taxonomy":"product_brand","embeddable":true,"href":"https:\/\/pokerstars.wildthangwebshop.com\/fr\/wp-json\/wp\/v2\/product_brand?post=5645"},{"taxonomy":"product_cat","embeddable":true,"href":"https:\/\/pokerstars.wildthangwebshop.com\/fr\/wp-json\/wp\/v2\/product_cat?post=5645"},{"taxonomy":"product_tag","embeddable":true,"href":"https:\/\/pokerstars.wildthangwebshop.com\/fr\/wp-json\/wp\/v2\/product_tag?post=5645"}],"curies":[{"name":"wp","href":"https:\/\/api.w.org\/{rel}","templated":true}]}}