{"id":6412,"date":"2026-01-20T15:13:26","date_gmt":"2026-01-20T15:13:26","guid":{"rendered":"https:\/\/pokerstars.wildthangwebshop.com\/?post_type=product&#038;p=6412"},"modified":"2026-01-21T13:14:01","modified_gmt":"2026-01-21T13:14:01","slug":"pokerstars-origin-oversized-drop-shoulder-black-t-shirt","status":"publish","type":"product","link":"https:\/\/pokerstars.wildthangwebshop.com\/fr\/produit\/pokerstars-origin-oversized-drop-shoulder-black-t-shirt\/","title":{"rendered":"POKERSTARS ORIGIN T-SHIRT NOIR SURDIMENSIONN\u00c9 \u00c0 \u00c9PAULES TOMBANTES"},"content":{"rendered":"<p>Feel relaxed when you hit the tables in this drop shoulder black t-shirt. The position of the drop shoulder seam means this tee has a super relaxed feel, something that\u2019s enhanced by the oversized fit. The soft cotton fabric ensures a high level of comfort, while the elastane allows for extra flexibility. Plus, the white PokerStars logo on the front makes the design more eye-catching, with the \u201cPS (EST 2001)\u201d emblem on the back celebrating over 20 years of poker excellence. Also available in red.<\/p>\n<p>Material Composition: 97% Cotton, 3% Elastane<\/p>\n<p>Weight: 230gsm<\/p>","protected":false},"excerpt":{"rendered":"<p>Make a style statement next time you\u2019re at the tables with our red thread fleece jacket in black. Made from 100% polyester in a relaxed fit for extra comfort, the jacket also includes two zip handwarmer pockets and a chest pocket, making it perfect for storing essentials while you\u2019re on the move. Also includes a full-length zipper for easy venting.<\/p>\n<p>Material: 100% Polyester fleece<\/p>\n<p>Weight: 280grams<\/p>","protected":false},"featured_media":6420,"comment_status":"open","ping_status":"closed","template":"","meta":{"_eb_attr":"","_eb_data_table":""},"product_brand":[],"product_cat":[124,118],"product_tag":[190,168],"class_list":{"0":"post-6412","1":"product","2":"type-product","3":"status-publish","4":"has-post-thumbnail","6":"product_cat-t-shirts","7":"product_cat-wear-it","8":"product_tag-new","9":"product_tag-wear-it","10":"pa_size-l","11":"pa_size-m","12":"pa_size-s","13":"pa_size-xl","14":"pa_size-xxl","15":"pa_size-xxxl","17":"first","18":"instock","19":"shipping-taxable","20":"purchasable","21":"product-type-variable","22":"has-default-attributes"},"_links":{"self":[{"href":"https:\/\/pokerstars.wildthangwebshop.com\/fr\/wp-json\/wp\/v2\/product\/6412","targetHints":{"allow":["GET"]}}],"collection":[{"href":"https:\/\/pokerstars.wildthangwebshop.com\/fr\/wp-json\/wp\/v2\/product"}],"about":[{"href":"https:\/\/pokerstars.wildthangwebshop.com\/fr\/wp-json\/wp\/v2\/types\/product"}],"replies":[{"embeddable":true,"href":"https:\/\/pokerstars.wildthangwebshop.com\/fr\/wp-json\/wp\/v2\/comments?post=6412"}],"version-history":[{"count":1,"href":"https:\/\/pokerstars.wildthangwebshop.com\/fr\/wp-json\/wp\/v2\/product\/6412\/revisions"}],"predecessor-version":[{"id":6421,"href":"https:\/\/pokerstars.wildthangwebshop.com\/fr\/wp-json\/wp\/v2\/product\/6412\/revisions\/6421"}],"wp:featuredmedia":[{"embeddable":true,"href":"https:\/\/pokerstars.wildthangwebshop.com\/fr\/wp-json\/wp\/v2\/media\/6420"}],"wp:attachment":[{"href":"https:\/\/pokerstars.wildthangwebshop.com\/fr\/wp-json\/wp\/v2\/media?parent=6412"}],"wp:term":[{"taxonomy":"product_brand","embeddable":true,"href":"https:\/\/pokerstars.wildthangwebshop.com\/fr\/wp-json\/wp\/v2\/product_brand?post=6412"},{"taxonomy":"product_cat","embeddable":true,"href":"https:\/\/pokerstars.wildthangwebshop.com\/fr\/wp-json\/wp\/v2\/product_cat?post=6412"},{"taxonomy":"product_tag","embeddable":true,"href":"https:\/\/pokerstars.wildthangwebshop.com\/fr\/wp-json\/wp\/v2\/product_tag?post=6412"}],"curies":[{"name":"wp","href":"https:\/\/api.w.org\/{rel}","templated":true}]}}